{"id":42096,"date":"2020-04-26T22:56:58","date_gmt":"2020-04-26T20:56:58","guid":{"rendered":"https:\/\/www.zahoramizadolami.sk\/?page_id=42096"},"modified":"2022-07-07T16:37:29","modified_gmt":"2022-07-07T14:37:29","slug":"rudno-castle","status":"publish","type":"page","link":"https:\/\/zahoramizadolami.sk\/en\/rudno-castle\/","title":{"rendered":"Rudno Castle"},"content":{"rendered":"<div class=\"wpb-content-wrapper\"><p>[vc_row css_animation=&#8221;&#8221; row_type=&#8221;row&#8221; use_row_as_full_screen_section=&#8221;no&#8221; type=&#8221;full_width&#8221; angled_section=&#8221;no&#8221; text_align=&#8221;left&#8221; background_image=&#8221;5147&#8243; background_image_as_pattern=&#8221;without_pattern&#8221; el_id=&#8221;top-image&#8221; z_index=&#8221;&#8221;][vc_column][\/vc_column][\/vc_row][vc_row css_animation=&#8221;&#8221; row_type=&#8221;row&#8221; use_row_as_full_screen_section=&#8221;no&#8221; type=&#8221;grid&#8221; angled_section=&#8221;no&#8221; text_align=&#8221;left&#8221; background_image_as_pattern=&#8221;without_pattern&#8221; background_color=&#8221;#ffffff&#8221; z_index=&#8221;&#8221;][vc_column width=&#8221;1\/6&#8243; el_class=&#8221;detail-top&#8221;][\/vc_column][vc_column width=&#8221;2\/3&#8243; el_class=&#8221;detail-top&#8221;][vc_empty_space height=&#8221;35px&#8221;][vc_column_text]<\/p>\n<h1>Rudno Castle<\/h1>\n<p>[\/vc_column_text][vc_empty_space height=&#8221;35px&#8221;][vc_column_text]If you have good vision, you will see me. I was named after <strong>the village of Rudno nad Hronom<\/strong>, above which I proudly sit. It is said that my construction was initiated by <strong>the nobles of Kaln\u00e1<\/strong>, who are mentioned as my local owners in a record from 1283.<\/p>\n<p>&nbsp;<\/p>\n<p>Although I had a short existence, I enjoyed life to the fullest. Even today, the best pieces remain of me, such as <strong>the remains of the defence tower and the palace and the earthen mound with a moat<\/strong>.[\/vc_column_text][vc_empty_space height=&#8221;40px&#8221;][vc_single_image image=&#8221;5144&#8243; img_size=&#8221;full&#8221; alignment=&#8221;center&#8221; qode_css_animation=&#8221;&#8221;][vc_empty_space height=&#8221;40px&#8221;][vc_column_text]<\/p>\n<h3>What you may not know about me<\/h3>\n<p>[\/vc_column_text][vc_empty_space height=&#8221;20px&#8221;][vc_column_text]The hill, on which Rudno Castle once towered, is said to have been named after a soldier Ivanek, who <strong>petrified<\/strong> here when they forgot to change him on guard.<\/p>\n<p>&nbsp;<\/p>\n<p>As early as the 19th century, the castle was the target of various &#8220;<strong>gold diggers<\/strong>&#8221; who were fascinated by the stories of the locals about the unidentified treasure. However, their amateur excavations caused damage to the castle&#8217;s remains. And this interest has not died down even now, when various metal detectors help the searchers.<\/p>\n<p>&nbsp;<\/p>\n<p>The most common finds were cartridges from World War II, as a partisan hid on the castle hill during the Slovak National Uprising. He allegedly even engraved his name on a stone from the former fortifications.[\/vc_column_text][vc_empty_space height=&#8221;40px&#8221;][vc_single_image image=&#8221;72&#8243; img_size=&#8221;full&#8221; alignment=&#8221;center&#8221; qode_css_animation=&#8221;&#8221; el_class=&#8221;my-divider&#8221;][vc_empty_space height=&#8221;60&#8243;][\/vc_column][vc_column width=&#8221;1\/6&#8243; el_class=&#8221;detail-top&#8221;][\/vc_column][\/vc_row][vc_row css_animation=&#8221;&#8221; row_type=&#8221;row&#8221; use_row_as_full_screen_section=&#8221;no&#8221; type=&#8221;grid&#8221; angled_section=&#8221;no&#8221; text_align=&#8221;left&#8221; background_image_as_pattern=&#8221;without_pattern&#8221; z_index=&#8221;&#8221;][vc_column][vc_gallery type=&#8221;image_grid&#8221; images=&#8221;5159,5156,15643,15646&#8243; img_size=&#8221;full&#8221; column_number=&#8221;4&#8243; grayscale=&#8221;no&#8221; images_space=&#8221;gallery_with_space&#8221;][\/vc_column][\/vc_row][vc_row css_animation=&#8221;&#8221; row_type=&#8221;row&#8221; use_row_as_full_screen_section=&#8221;no&#8221; type=&#8221;grid&#8221; angled_section=&#8221;no&#8221; text_align=&#8221;left&#8221; background_image_as_pattern=&#8221;without_pattern&#8221; z_index=&#8221;&#8221;][vc_column width=&#8221;1\/6&#8243;][\/vc_column][vc_column width=&#8221;2\/3&#8243;][vc_empty_space height=&#8221;20&#8243;][vc_single_image image=&#8221;72&#8243; img_size=&#8221;full&#8221; alignment=&#8221;center&#8221; qode_css_animation=&#8221;&#8221; el_class=&#8221;my-divider&#8221;][vc_empty_space height=&#8221;40px&#8221;][vc_column_text]<\/p>\n<h3>How do you get there?<\/h3>\n<p>[\/vc_column_text][vc_empty_space height=&#8221;40px&#8221;][vc_column_text]You can get to Rudno Castle from the church in the village of Rudno nad Hronom along the red-marked route. It deviates from the asphalt road to the forest, from where you will continue along a steep slope to Ivankovo Hill where the remains of the former castle are located.[\/vc_column_text][vc_empty_space height=&#8221;40px&#8221;][vc_row_inner row_type=&#8221;row&#8221; type=&#8221;full_width&#8221; text_align=&#8221;left&#8221; css_animation=&#8221;&#8221;][vc_column_inner width=&#8221;1\/2&#8243;][vc_column_text el_class=&#8221;info-title&#8221;]ADDRESS[\/vc_column_text][vc_column_text el_class=&#8221;kontakt-links&#8221;]<strong>Hrad Rudno<\/strong><br \/>\n966 51 Rudno nad Hronom[\/vc_column_text][vc_empty_space height=&#8221;40px&#8221;][\/vc_column_inner][vc_column_inner width=&#8221;1\/2&#8243;][\/vc_column_inner][\/vc_row_inner][vc_gmaps link=&#8221;#E-8_JTNDaWZyYW1lJTIwc3JjJTNEJTIyaHR0cHMlM0ElMkYlMkZ3d3cuZ29vZ2xlLmNvbSUyRm1hcHMlMkZlbWJlZCUzRnBiJTNEJTIxMW0xOCUyMTFtMTIlMjExbTMlMjExZDEzMzQzLjEwNjMxNzgxMTgxOCUyMTJkMTguNjg2NTU2MTYwNzE1NTklMjEzZDQ4LjQyNTY3NDAwMTQ0NTIyJTIxMm0zJTIxMWYwJTIxMmYwJTIxM2YwJTIxM20yJTIxMWkxMDI0JTIxMmk3NjglMjE0ZjEzLjElMjEzbTMlMjExbTIlMjExczB4MCUyNTNBMHgzMTE4ZTE5MTMxZGFmYWY2JTIxMnpORGpDc0RJMUp6SXdMamNpVGlBeE9NS3dOREVuTXprdU5DSkYlMjE1ZTAlMjEzbTIlMjExc3NrJTIxMnNzayUyMTR2MTY0Mjc4NDYzMjE5NCUyMTVtMiUyMTFzc2slMjEyc3NrJTIyJTIwd2lkdGglM0QlMjI2MDAlMjIlMjBoZWlnaHQlM0QlMjI0NTAlMjIlMjBzdHlsZSUzRCUyMmJvcmRlciUzQTAlM0IlMjIlMjBhbGxvd2Z1bGxzY3JlZW4lM0QlMjIlMjIlMjBsb2FkaW5nJTNEJTIybGF6eSUyMiUzRSUzQyUyRmlmcmFtZSUzRQ==&#8221; title=&#8221;Rudno Castle&#8221;][vc_empty_space height=&#8221;80&#8243;][vc_single_image image=&#8221;72&#8243; img_size=&#8221;full&#8221; alignment=&#8221;center&#8221; qode_css_animation=&#8221;&#8221; el_class=&#8221;my-divider&#8221;][vc_empty_space height=&#8221;40px&#8221;][\/vc_column][vc_column width=&#8221;1\/6&#8243;][\/vc_column][\/vc_row][vc_row css_animation=&#8221;&#8221; row_type=&#8221;row&#8221; use_row_as_full_screen_section=&#8221;no&#8221; type=&#8221;full_width&#8221; angled_section=&#8221;no&#8221; text_align=&#8221;left&#8221; background_image_as_pattern=&#8221;without_pattern&#8221;][vc_column][vc_column_text][vc_row css_animation=\"\" row_type=\"row\" use_row_as_full_screen_section=\"no\" type=\"grid\" angled_section=\"no\" text_align=\"left\" background_image_as_pattern=\"without_pattern\" padding_top=\"30\" z_index=\"\"][vc_column width=\"1\/4\"][vc_single_image image=\"4924\" img_size=\"250x96\" alignment=\"center\" qode_css_animation=\"\"][vc_empty_space height=\"24px\"][vc_column_text el_class=\"region-site-popis\"]\r\n<p style=\"text-align: center;\"><strong>OOCR REGI\u00d3N GRON<\/strong>\r\nBernol\u00e1kova 11\r\n968 01 Nov\u00e1 Ba\u0148a\r\n<a href=\"mailto:regiongron@gmail.com\">regiongron@gmail.com<\/a>\r\n<a href=\"tel:+421911961699\">+421 911 961 699<\/a><\/p>\r\n[\/vc_column_text][vc_empty_space height=\"24px\"][vc_column_text el_class=\"link-siteregion\"]<a href=\"https:\/\/www.pohronskehrady.sk\/\" target=\"_blank\" rel=\"noopener\"><strong>www.pohronskehrady.sk<\/strong><\/a>[\/vc_column_text][vc_empty_space height=\"24px\"][vc_raw_html]JTNDZGl2JTIwY2xhc3MlM0QlMjJzb2NpYWwtaWNvbnMlMjByZWdpb255JTIyJTNFJTBBJTNDYSUyMGhyZWYlM0QlMjJodHRwcyUzQSUyRiUyRnd3dy5mYWNlYm9vay5jb20lMkZyZWdpb25ncm9uJTIyJTIwdGFyZ2V0JTNEJTIyX2JsYW5rJTIyJTNFJTBBJTNDZGl2JTIwY2xhc3MlM0QlMjJzb2NpYWwtaWNvbiUyMGZhY2Vib29rJTIyJTNFJTNDJTJGZGl2JTNFJTNDJTJGYSUzRSUwQSUzQ2ElMjBocmVmJTNEJTIyaHR0cHMlM0ElMkYlMkZ3d3cuaW5zdGFncmFtLmNvbSUyRnJlZ2lvbmdyb24lMkYlMjIlMjB0YXJnZXQlM0QlMjJfYmxhbmslMjIlM0UlMEElM0NkaXYlMjBjbGFzcyUzRCUyMnNvY2lhbC1pY29uJTIwaW5zdGFncmFtJTIyJTNFJTNDJTJGZGl2JTNFJTNDJTJGYSUzRSUwQSUzQ2ElMjBocmVmJTNEJTIyaHR0cHMlM0ElMkYlMkZ3d3cueW91dHViZS5jb20lMkZjaGFubmVsJTJGVUNuLUFpV0ljZ1ZSNWtrU29tQjRYRXZ3JTIyJTIwdGFyZ2V0JTNEJTIyX2JsYW5rJTIyJTNFJTBBJTNDZGl2JTIwY2xhc3MlM0QlMjJzb2NpYWwtaWNvbiUyMHlvdXR1YmUlMjIlM0UlM0MlMkZkaXYlM0UlM0MlMkZhJTNFJTBBJTNDYSUyMGhyZWYlM0QlMjJodHRwcyUzQSUyRiUyRnd3dy50cmlwYWR2aXNvci5zayUyRlByb2ZpbGUlMkZSZWdpb25HUk9OJTNGZmlkJTNENGNmYzM1YjktYmIyMi00MjNkLWFhNGQtOGE3MzA4ZjRhOWE5JTIyJTIwdGFyZ2V0JTNEJTIyX2JsYW5rJTIyJTNFJTBBJTNDZGl2JTIwY2xhc3MlM0QlMjJzb2NpYWwtaWNvbiUyMHRyaXBhZHZpc29yJTIyJTNFJTNDJTJGZGl2JTNFJTNDJTJGYSUzRSUwQSUwQSUzQyUyRmRpdiUzRQ==[\/vc_raw_html][\/vc_column][vc_column width=\"1\/2\"][vc_column_text css=\".vc_custom_1659432449235{margin-top: 0px !important;}\" el_class=\"region-site-nadpis\"]\r\n<h2><a href=\"\/en\/the-pohronie-castle-route\/\"><strong>The Pohronie Castle Route<\/strong><\/a><\/h2>\r\n[\/vc_column_text][vc_empty_space height=\"24px\"][vc_single_image image=\"3416\" img_size=\"800x433\" qode_css_animation=\"\"][vc_empty_space height=\"24px\"][\/vc_column][vc_column width=\"1\/4\"][vc_column_text css=\".vc_custom_1657204923545{margin-top: 0px !important;}\" el_class=\"region-site-nadpis\"]\r\n<h2>Living Monuments<\/h2>\r\n[\/vc_column_text][vc_empty_space height=\"24px\"][vc_column_text css=\".vc_custom_1657204909791{margin-top: 0px !important;}\" el_class=\"region-site-popis\"]<a href=\"\/en\/hronsky-benadik-monastery\/\">Hronsk\u00fd Be\u0148adik Monastery<\/a>\r\n<a href=\"\/en\/the-pohronie-castle-road\/zarnovica-manor-house\/\">\u017darnovica Manor House<\/a>\r\n<a href=\"\/en\/the-pohronie-castle-road\/reviste-castle\/\">Revi\u0161te Castle<\/a>\r\n<a href=\"\/en\/the-pohronie-castle-road\/ziar-nad-hronom-manor-house\/\">\u017diar nad Hronom Manor House<\/a>\r\n<a href=\"\/en\/the-pohronie-castle-road\/sasov-castle\/\">\u0160\u00e1\u0161ov Castle<\/a>\r\n<a href=\"\/en\/the-pohronie-castle-road\/pusty-hrad-castle\/\">Pust\u00fd hrad Castle<\/a>\r\n<a href=\"\/en\/the-pohronie-castle-road\/zvolen-castle\/\">Zvolen Castle<\/a>\r\n<a href=\"\/en\/the-pohronie-castle-road\/dobra-niva-castle\/\">Dobr\u00e1 Niva Castle<\/a>[\/vc_column_text][vc_empty_space height=\"40\"][vc_column_text css=\".vc_custom_1657204938414{margin-top: 0px !important;}\" el_class=\"region-site-nadpis\"]\r\n<h2>Monuments Hidden In Time<\/h2>\r\n[\/vc_column_text][vc_empty_space height=\"20\"][vc_column_text css=\".vc_custom_1657205143123{margin-top: 0px !important;}\" el_class=\"region-site-popis\"]<a href=\"\/en\/the-pohronie-castle-road\/luchtov-watchtower\/\">Luchtov Watchtower<\/a>\r\n<a href=\"\/en\/the-pohronie-castle-road\/breznica-castle\/\">Breznica Castle<\/a>\r\n<a href=\"\/en\/the-pohronie-castle-road\/falcon-rock-castle-hrad-sokolia-skala\/\">Falcon Rock Castle (Hrad Sokolia skala)<\/a>\r\n<a href=\"\/en\/the-pohronie-castle-road\/nova-bana-town-fortifications\/\">Nov\u00e1 Ba\u0148a Town Fortifications<\/a>\r\n<a href=\"\/en\/the-pohronie-castle-road\/rudno-castle\/\">Rudno Castle<\/a>\r\n<a href=\"\/en\/the-pohronie-castle-road\/teplica-castle\/\">Teplica Castle<\/a>\r\n<a href=\"\/en\/the-pohronie-castle-road\/zakyl-castle\/\">\u017dak\u00fdl Castle<\/a>\r\n<a href=\"\/en\/the-pohronie-castle-road\/petusa-castle\/\">Pe\u0165u\u0161a Castle<\/a>[\/vc_column_text][\/vc_column][\/vc_row][vc_row css_animation=\"\" row_type=\"row\" use_row_as_full_screen_section=\"no\" type=\"full_width\" angled_section=\"no\" text_align=\"left\" background_image_as_pattern=\"without_pattern\"][vc_column][vc_empty_space][\/vc_column][\/vc_row][\/vc_column_text][vc_empty_space][\/vc_column][\/vc_row]<\/p>\n<\/div>","protected":false},"excerpt":{"rendered":"<p>[vc_row css_animation=&#8221;&#8221; row_type=&#8221;row&#8221; use_row_as_full_screen_section=&#8221;no&#8221; type=&#8221;full_width&#8221; angled_section=&#8221;no&#8221; text_align=&#8221;left&#8221; background_image=&#8221;5147&#8243; background_image_as_pattern=&#8221;without_pattern&#8221; el_id=&#8221;top-image&#8221; z_index=&#8221;&#8221;][vc_column][\/vc_column][\/vc_row][vc_row css_animation=&#8221;&#8221; row_type=&#8221;row&#8221; use_row_as_full_screen_section=&#8221;no&#8221; type=&#8221;grid&#8221; angled_section=&#8221;no&#8221; text_align=&#8221;left&#8221; background_image_as_pattern=&#8221;without_pattern&#8221; background_color=&#8221;#ffffff&#8221; z_index=&#8221;&#8221;][vc_column width=&#8221;1\/6&#8243; el_class=&#8221;detail-top&#8221;][\/vc_column][vc_column width=&#8221;2\/3&#8243; el_class=&#8221;detail-top&#8221;][vc_empty_space height=&#8221;35px&#8221;][vc_column_text] Rudno Castle [\/vc_column_text][vc_empty_space height=&#8221;35px&#8221;][vc_column_text]If you have good vision, you will see me. I was named after the village of Rudno&#8230;<\/p>\n","protected":false},"author":10,"featured_media":0,"parent":0,"menu_order":0,"comment_status":"closed","ping_status":"closed","template":"full_width.php","meta":{"inline_featured_image":false,"footnotes":""},"class_list":["post-42096","page","type-page","status-publish","hentry"],"yoast_head":"<!-- This site is optimized with the Yoast SEO plugin v25.0 - https:\/\/yoast.com\/wordpress\/plugins\/seo\/ -->\n<title>Rudno Castle - Za horami, za dolami v Banskobystrickom kraji<\/title>\n<meta name=\"robots\" content=\"index, follow, max-snippet:-1, max-image-preview:large, max-video-preview:-1\" \/>\n<link rel=\"canonical\" href=\"https:\/\/zahoramizadolami.sk\/hrad-rudno\/\" \/>\n<meta property=\"og:locale\" content=\"en_US\" \/>\n<meta property=\"og:type\" content=\"article\" \/>\n<meta property=\"og:title\" content=\"Rudno Castle - Za horami, za dolami v Banskobystrickom kraji\" \/>\n<meta property=\"og:description\" content=\"[vc_row css_animation=&#8221;&#8221; row_type=&#8221;row&#8221; use_row_as_full_screen_section=&#8221;no&#8221; type=&#8221;full_width&#8221; angled_section=&#8221;no&#8221; text_align=&#8221;left&#8221; background_image=&#8221;5147&#8243; background_image_as_pattern=&#8221;without_pattern&#8221; el_id=&#8221;top-image&#8221; z_index=&#8221;&#8221;][vc_column][\/vc_column][\/vc_row][vc_row css_animation=&#8221;&#8221; row_type=&#8221;row&#8221; use_row_as_full_screen_section=&#8221;no&#8221; type=&#8221;grid&#8221; angled_section=&#8221;no&#8221; text_align=&#8221;left&#8221; background_image_as_pattern=&#8221;without_pattern&#8221; background_color=&#8221;#ffffff&#8221; z_index=&#8221;&#8221;][vc_column width=&#8221;1\/6&#8243; el_class=&#8221;detail-top&#8221;][\/vc_column][vc_column width=&#8221;2\/3&#8243; el_class=&#8221;detail-top&#8221;][vc_empty_space height=&#8221;35px&#8221;][vc_column_text] Rudno Castle [\/vc_column_text][vc_empty_space height=&#8221;35px&#8221;][vc_column_text]If you have good vision, you will see me. I was named after the village of Rudno...\" \/>\n<meta property=\"og:url\" content=\"https:\/\/zahoramizadolami.sk\/hrad-rudno\/\" \/>\n<meta property=\"og:site_name\" content=\"Za horami, za dolami v Banskobystrickom kraji\" \/>\n<meta property=\"article:publisher\" content=\"https:\/\/www.facebook.com\/zahoramizadolami.sk\/\" \/>\n<meta property=\"article:modified_time\" content=\"2022-07-07T14:37:29+00:00\" \/>\n<meta name=\"twitter:card\" content=\"summary_large_image\" \/>\n<meta name=\"twitter:label1\" content=\"Est. reading time\" \/>\n\t<meta name=\"twitter:data1\" content=\"4 minutes\" \/>\n<script type=\"application\/ld+json\" class=\"yoast-schema-graph\">{\"@context\":\"https:\/\/schema.org\",\"@graph\":[{\"@type\":\"WebPage\",\"@id\":\"https:\/\/zahoramizadolami.sk\/hrad-rudno\/\",\"url\":\"https:\/\/zahoramizadolami.sk\/hrad-rudno\/\",\"name\":\"Rudno Castle - Za horami, za dolami v Banskobystrickom kraji\",\"isPartOf\":{\"@id\":\"https:\/\/zahoramizadolami.sk\/#website\"},\"datePublished\":\"2020-04-26T20:56:58+00:00\",\"dateModified\":\"2022-07-07T14:37:29+00:00\",\"breadcrumb\":{\"@id\":\"https:\/\/zahoramizadolami.sk\/hrad-rudno\/#breadcrumb\"},\"inLanguage\":\"en-US\",\"potentialAction\":[{\"@type\":\"ReadAction\",\"target\":[\"https:\/\/zahoramizadolami.sk\/hrad-rudno\/\"]}]},{\"@type\":\"BreadcrumbList\",\"@id\":\"https:\/\/zahoramizadolami.sk\/hrad-rudno\/#breadcrumb\",\"itemListElement\":[{\"@type\":\"ListItem\",\"position\":1,\"name\":\"Home\",\"item\":\"https:\/\/zahoramizadolami.sk\/en\/\"},{\"@type\":\"ListItem\",\"position\":2,\"name\":\"Rudno Castle\"}]},{\"@type\":\"WebSite\",\"@id\":\"https:\/\/zahoramizadolami.sk\/#website\",\"url\":\"https:\/\/zahoramizadolami.sk\/\",\"name\":\"Za horami, za dolami v Banskobystrickom kraji\",\"description\":\"Za horami, za dolami, bol raz jeden Banskobystrick\u00fd kraj.\",\"potentialAction\":[{\"@type\":\"SearchAction\",\"target\":{\"@type\":\"EntryPoint\",\"urlTemplate\":\"https:\/\/zahoramizadolami.sk\/?s={search_term_string}\"},\"query-input\":{\"@type\":\"PropertyValueSpecification\",\"valueRequired\":true,\"valueName\":\"search_term_string\"}}],\"inLanguage\":\"en-US\"}]}<\/script>\n<!-- \/ Yoast SEO plugin. -->","yoast_head_json":{"title":"Rudno Castle - Za horami, za dolami v Banskobystrickom kraji","robots":{"index":"index","follow":"follow","max-snippet":"max-snippet:-1","max-image-preview":"max-image-preview:large","max-video-preview":"max-video-preview:-1"},"canonical":"https:\/\/zahoramizadolami.sk\/hrad-rudno\/","og_locale":"en_US","og_type":"article","og_title":"Rudno Castle - Za horami, za dolami v Banskobystrickom kraji","og_description":"[vc_row css_animation=&#8221;&#8221; row_type=&#8221;row&#8221; use_row_as_full_screen_section=&#8221;no&#8221; type=&#8221;full_width&#8221; angled_section=&#8221;no&#8221; text_align=&#8221;left&#8221; background_image=&#8221;5147&#8243; background_image_as_pattern=&#8221;without_pattern&#8221; el_id=&#8221;top-image&#8221; z_index=&#8221;&#8221;][vc_column][\/vc_column][\/vc_row][vc_row css_animation=&#8221;&#8221; row_type=&#8221;row&#8221; use_row_as_full_screen_section=&#8221;no&#8221; type=&#8221;grid&#8221; angled_section=&#8221;no&#8221; text_align=&#8221;left&#8221; background_image_as_pattern=&#8221;without_pattern&#8221; background_color=&#8221;#ffffff&#8221; z_index=&#8221;&#8221;][vc_column width=&#8221;1\/6&#8243; el_class=&#8221;detail-top&#8221;][\/vc_column][vc_column width=&#8221;2\/3&#8243; el_class=&#8221;detail-top&#8221;][vc_empty_space height=&#8221;35px&#8221;][vc_column_text] Rudno Castle [\/vc_column_text][vc_empty_space height=&#8221;35px&#8221;][vc_column_text]If you have good vision, you will see me. I was named after the village of Rudno...","og_url":"https:\/\/zahoramizadolami.sk\/hrad-rudno\/","og_site_name":"Za horami, za dolami v Banskobystrickom kraji","article_publisher":"https:\/\/www.facebook.com\/zahoramizadolami.sk\/","article_modified_time":"2022-07-07T14:37:29+00:00","twitter_card":"summary_large_image","twitter_misc":{"Est. reading time":"4 minutes"},"schema":{"@context":"https:\/\/schema.org","@graph":[{"@type":"WebPage","@id":"https:\/\/zahoramizadolami.sk\/hrad-rudno\/","url":"https:\/\/zahoramizadolami.sk\/hrad-rudno\/","name":"Rudno Castle - Za horami, za dolami v Banskobystrickom kraji","isPartOf":{"@id":"https:\/\/zahoramizadolami.sk\/#website"},"datePublished":"2020-04-26T20:56:58+00:00","dateModified":"2022-07-07T14:37:29+00:00","breadcrumb":{"@id":"https:\/\/zahoramizadolami.sk\/hrad-rudno\/#breadcrumb"},"inLanguage":"en-US","potentialAction":[{"@type":"ReadAction","target":["https:\/\/zahoramizadolami.sk\/hrad-rudno\/"]}]},{"@type":"BreadcrumbList","@id":"https:\/\/zahoramizadolami.sk\/hrad-rudno\/#breadcrumb","itemListElement":[{"@type":"ListItem","position":1,"name":"Home","item":"https:\/\/zahoramizadolami.sk\/en\/"},{"@type":"ListItem","position":2,"name":"Rudno Castle"}]},{"@type":"WebSite","@id":"https:\/\/zahoramizadolami.sk\/#website","url":"https:\/\/zahoramizadolami.sk\/","name":"Za horami, za dolami v Banskobystrickom kraji","description":"Za horami, za dolami, bol raz jeden Banskobystrick\u00fd kraj.","potentialAction":[{"@type":"SearchAction","target":{"@type":"EntryPoint","urlTemplate":"https:\/\/zahoramizadolami.sk\/?s={search_term_string}"},"query-input":{"@type":"PropertyValueSpecification","valueRequired":true,"valueName":"search_term_string"}}],"inLanguage":"en-US"}]}},"_links":{"self":[{"href":"https:\/\/zahoramizadolami.sk\/en\/wp-json\/wp\/v2\/pages\/42096","targetHints":{"allow":["GET"]}}],"collection":[{"href":"https:\/\/zahoramizadolami.sk\/en\/wp-json\/wp\/v2\/pages"}],"about":[{"href":"https:\/\/zahoramizadolami.sk\/en\/wp-json\/wp\/v2\/types\/page"}],"author":[{"embeddable":true,"href":"https:\/\/zahoramizadolami.sk\/en\/wp-json\/wp\/v2\/users\/10"}],"replies":[{"embeddable":true,"href":"https:\/\/zahoramizadolami.sk\/en\/wp-json\/wp\/v2\/comments?post=42096"}],"version-history":[{"count":0,"href":"https:\/\/zahoramizadolami.sk\/en\/wp-json\/wp\/v2\/pages\/42096\/revisions"}],"wp:attachment":[{"href":"https:\/\/zahoramizadolami.sk\/en\/wp-json\/wp\/v2\/media?parent=42096"}],"curies":[{"name":"wp","href":"https:\/\/api.w.org\/{rel}","templated":true}]}}