{"id":42114,"date":"2020-04-28T14:00:36","date_gmt":"2020-04-28T12:00:36","guid":{"rendered":"https:\/\/www.zahoramizadolami.sk\/?page_id=42114"},"modified":"2022-03-08T21:29:56","modified_gmt":"2022-03-08T20:29:56","slug":"zarnovica-manor-house","status":"publish","type":"page","link":"https:\/\/zahoramizadolami.sk\/en\/zarnovica-manor-house\/","title":{"rendered":"\u017darnovica Manor House"},"content":{"rendered":"<div class=\"wpb-content-wrapper\"><p>[vc_row css_animation=&#8221;&#8221; row_type=&#8221;row&#8221; use_row_as_full_screen_section=&#8221;no&#8221; type=&#8221;full_width&#8221; angled_section=&#8221;no&#8221; text_align=&#8221;left&#8221; background_image=&#8221;5421&#8243; background_image_as_pattern=&#8221;without_pattern&#8221; el_id=&#8221;top-image&#8221; z_index=&#8221;&#8221;][vc_column][\/vc_column][\/vc_row][vc_row css_animation=&#8221;&#8221; row_type=&#8221;row&#8221; use_row_as_full_screen_section=&#8221;no&#8221; type=&#8221;grid&#8221; angled_section=&#8221;no&#8221; text_align=&#8221;left&#8221; background_image_as_pattern=&#8221;without_pattern&#8221; background_color=&#8221;#ffffff&#8221; z_index=&#8221;&#8221;][vc_column width=&#8221;1\/6&#8243; el_class=&#8221;detail-top&#8221;][\/vc_column][vc_column width=&#8221;2\/3&#8243; el_class=&#8221;detail-top&#8221;][vc_empty_space height=&#8221;35px&#8221;][vc_column_text]<\/p>\n<h1>\u017darnovica Manor House<\/h1>\n<p>[\/vc_column_text][vc_empty_space height=&#8221;35px&#8221;][vc_column_text]<strong>An old fortified mansion<\/strong> once used to stand at my place. However, <strong>King Matthias Corvinus<\/strong> donated me to the D\u00f3czy family for their services in the army. When the 15th century gave way to the 16th, my walls became stronger and firmer. Unfortunately, that was not enough. <strong>After the attack of the Turks<\/strong>, \u017darnovica was plundered.<\/p>\n<p>&nbsp;<\/p>\n<p>My lord of the castle, <strong>Sigismund D\u00f3czy<\/strong>, was mercilessly executed and his noble wife was taken into Turkish captivity. My history is not a happy one.[\/vc_column_text][vc_empty_space height=&#8221;40px&#8221;][vc_single_image image=&#8221;5424&#8243; img_size=&#8221;full&#8221; alignment=&#8221;center&#8221; qode_css_animation=&#8221;&#8221;][vc_empty_space height=&#8221;40px&#8221;][vc_column_text]<\/p>\n<h3>What you may not know about me<\/h3>\n<p>[\/vc_column_text][vc_empty_space height=&#8221;20px&#8221;][vc_column_text]During <strong>the Slovak National Uprising<\/strong>, on 29th August 1944, the Trnava garrison with <strong>2000<\/strong> soldiers arrived in \u017darnovica and was temporarily based in the manor house. In honour of this event, a memorial plaque has been placed on the wall at the entrance of the building.[\/vc_column_text][vc_empty_space height=&#8221;40px&#8221;][vc_single_image image=&#8221;72&#8243; img_size=&#8221;full&#8221; alignment=&#8221;center&#8221; qode_css_animation=&#8221;&#8221; el_class=&#8221;my-divider&#8221;][vc_empty_space height=&#8221;60px&#8221;][\/vc_column][vc_column width=&#8221;1\/6&#8243; el_class=&#8221;detail-top&#8221;][\/vc_column][\/vc_row][vc_row css_animation=&#8221;&#8221; row_type=&#8221;row&#8221; use_row_as_full_screen_section=&#8221;no&#8221; type=&#8221;grid&#8221; angled_section=&#8221;no&#8221; text_align=&#8221;left&#8221; background_image_as_pattern=&#8221;without_pattern&#8221; z_index=&#8221;&#8221;][vc_column][vc_gallery type=&#8221;image_grid&#8221; images=&#8221;5433,5427,5430&#8243; img_size=&#8221;full&#8221; column_number=&#8221;3&#8243; grayscale=&#8221;yes&#8221; images_space=&#8221;gallery_with_space&#8221;][\/vc_column][\/vc_row][vc_row css_animation=&#8221;&#8221; row_type=&#8221;row&#8221; use_row_as_full_screen_section=&#8221;no&#8221; type=&#8221;grid&#8221; angled_section=&#8221;no&#8221; text_align=&#8221;left&#8221; background_image_as_pattern=&#8221;without_pattern&#8221; background_color=&#8221;#ffffff&#8221; z_index=&#8221;&#8221;][vc_column width=&#8221;1\/6&#8243; el_class=&#8221;detail-top&#8221;][\/vc_column][vc_column width=&#8221;2\/3&#8243; el_class=&#8221;detail-top&#8221;][vc_empty_space height=&#8221;40px&#8221;][vc_single_image image=&#8221;72&#8243; img_size=&#8221;full&#8221; alignment=&#8221;center&#8221; qode_css_animation=&#8221;&#8221; el_class=&#8221;my-divider&#8221;][vc_empty_space height=&#8221;40px&#8221;][vc_column_text]<\/p>\n<h3>How do you get there?<\/h3>\n<p>[\/vc_column_text][vc_empty_space height=&#8221;40px&#8221;][vc_row_inner row_type=&#8221;row&#8221; type=&#8221;full_width&#8221; text_align=&#8221;left&#8221; css_animation=&#8221;&#8221;][vc_column_inner width=&#8221;1\/2&#8243;][vc_column_text el_class=&#8221;info-title&#8221;]ADDRESS[\/vc_column_text][vc_column_text el_class=&#8221;kontakt-links&#8221;]<strong>Ka\u0161tie\u013e \u017darnovica<\/strong><br \/>\nN\u00e1mestie Slovensk\u00e9ho n\u00e1rodn\u00e9ho povstania 726\/27<br \/>\n966 81 \u017darnovica[\/vc_column_text][vc_empty_space height=&#8221;40px&#8221;][\/vc_column_inner][vc_column_inner width=&#8221;1\/2&#8243;][\/vc_column_inner][\/vc_row_inner][vc_gmaps link=&#8221;#E-8_JTNDaWZyYW1lJTIwc3JjJTNEJTIyaHR0cHMlM0ElMkYlMkZ3d3cuZ29vZ2xlLmNvbSUyRm1hcHMlMkZlbWJlZCUzRnBiJTNEJTIxMW0xOCUyMTFtMTIlMjExbTMlMjExZDI2NDQuNTk0NTk1ODgxMzc1NCUyMTJkMTguNzE3MTMyOTY1MzI2OTYlMjEzZDQ4LjQ4MzQ4OTI4NDk4NDUxNSUyMTJtMyUyMTFmMCUyMTJmMCUyMTNmMCUyMTNtMiUyMTFpMTAyNCUyMTJpNzY4JTIxNGYxMy4xJTIxM20zJTIxMW0yJTIxMXMweDQ3MTUyYjRjMTc2N2NmYWIlMjUzQTB4NzRiMjZiNWQyYmMzNTg2NiUyMTJ6eGIxaGNtNXZkbWxqYThPOUlHdGh4YUYwYVdYRXZnJTIxNWUwJTIxM20yJTIxMXNzayUyMTJzc2slMjE0djE1ODc3MTk3MDE2MzglMjE1bTIlMjExc3NrJTIxMnNzayUyMiUyMHdpZHRoJTNEJTIyNjAwJTIyJTIwaGVpZ2h0JTNEJTIyNDUwJTIyJTIwZnJhbWVib3JkZXIlM0QlMjIwJTIyJTIwc3R5bGUlM0QlMjJib3JkZXIlM0EwJTNCJTIyJTIwYWxsb3dmdWxsc2NyZWVuJTNEJTIyJTIyJTIwYXJpYS1oaWRkZW4lM0QlMjJmYWxzZSUyMiUyMHRhYmluZGV4JTNEJTIyMCUyMiUzRSUzQyUyRmlmcmFtZSUzRQ==&#8221; title=&#8221;\u017darnovica Manor House&#8221;][vc_empty_space height=&#8221;80&#8243;][vc_single_image image=&#8221;72&#8243; img_size=&#8221;full&#8221; alignment=&#8221;center&#8221; qode_css_animation=&#8221;&#8221; el_class=&#8221;my-divider&#8221;][vc_empty_space height=&#8221;40px&#8221;][\/vc_column][vc_column width=&#8221;1\/6&#8243; el_class=&#8221;detail-top&#8221;][\/vc_column][\/vc_row][vc_row css_animation=&#8221;&#8221; row_type=&#8221;row&#8221; use_row_as_full_screen_section=&#8221;no&#8221; type=&#8221;full_width&#8221; angled_section=&#8221;no&#8221; text_align=&#8221;left&#8221; background_image_as_pattern=&#8221;without_pattern&#8221;][vc_column][vc_column_text][vc_row css_animation=\"\" row_type=\"row\" use_row_as_full_screen_section=\"no\" type=\"grid\" angled_section=\"no\" text_align=\"left\" background_image_as_pattern=\"without_pattern\" padding_top=\"30\" z_index=\"\"][vc_column width=\"1\/4\"][vc_single_image image=\"4924\" img_size=\"250x96\" alignment=\"center\" qode_css_animation=\"\"][vc_empty_space height=\"24px\"][vc_column_text el_class=\"region-site-popis\"]\r\n<p style=\"text-align: center;\"><strong>OOCR REGI\u00d3N GRON<\/strong>\r\nBernol\u00e1kova 11\r\n968 01 Nov\u00e1 Ba\u0148a\r\n<a href=\"mailto:regiongron@gmail.com\">regiongron@gmail.com<\/a>\r\n<a href=\"tel:+421911961699\">+421 911 961 699<\/a><\/p>\r\n[\/vc_column_text][vc_empty_space height=\"24px\"][vc_column_text el_class=\"link-siteregion\"]<a href=\"https:\/\/www.pohronskehrady.sk\/\" target=\"_blank\" rel=\"noopener\"><strong>www.pohronskehrady.sk<\/strong><\/a>[\/vc_column_text][vc_empty_space height=\"24px\"][vc_raw_html]JTNDZGl2JTIwY2xhc3MlM0QlMjJzb2NpYWwtaWNvbnMlMjByZWdpb255JTIyJTNFJTBBJTNDYSUyMGhyZWYlM0QlMjJodHRwcyUzQSUyRiUyRnd3dy5mYWNlYm9vay5jb20lMkZyZWdpb25ncm9uJTIyJTIwdGFyZ2V0JTNEJTIyX2JsYW5rJTIyJTNFJTBBJTNDZGl2JTIwY2xhc3MlM0QlMjJzb2NpYWwtaWNvbiUyMGZhY2Vib29rJTIyJTNFJTNDJTJGZGl2JTNFJTNDJTJGYSUzRSUwQSUzQ2ElMjBocmVmJTNEJTIyaHR0cHMlM0ElMkYlMkZ3d3cuaW5zdGFncmFtLmNvbSUyRnJlZ2lvbmdyb24lMkYlMjIlMjB0YXJnZXQlM0QlMjJfYmxhbmslMjIlM0UlMEElM0NkaXYlMjBjbGFzcyUzRCUyMnNvY2lhbC1pY29uJTIwaW5zdGFncmFtJTIyJTNFJTNDJTJGZGl2JTNFJTNDJTJGYSUzRSUwQSUzQ2ElMjBocmVmJTNEJTIyaHR0cHMlM0ElMkYlMkZ3d3cueW91dHViZS5jb20lMkZjaGFubmVsJTJGVUNuLUFpV0ljZ1ZSNWtrU29tQjRYRXZ3JTIyJTIwdGFyZ2V0JTNEJTIyX2JsYW5rJTIyJTNFJTBBJTNDZGl2JTIwY2xhc3MlM0QlMjJzb2NpYWwtaWNvbiUyMHlvdXR1YmUlMjIlM0UlM0MlMkZkaXYlM0UlM0MlMkZhJTNFJTBBJTNDYSUyMGhyZWYlM0QlMjJodHRwcyUzQSUyRiUyRnd3dy50cmlwYWR2aXNvci5zayUyRlByb2ZpbGUlMkZSZWdpb25HUk9OJTNGZmlkJTNENGNmYzM1YjktYmIyMi00MjNkLWFhNGQtOGE3MzA4ZjRhOWE5JTIyJTIwdGFyZ2V0JTNEJTIyX2JsYW5rJTIyJTNFJTBBJTNDZGl2JTIwY2xhc3MlM0QlMjJzb2NpYWwtaWNvbiUyMHRyaXBhZHZpc29yJTIyJTNFJTNDJTJGZGl2JTNFJTNDJTJGYSUzRSUwQSUwQSUzQyUyRmRpdiUzRQ==[\/vc_raw_html][\/vc_column][vc_column width=\"1\/2\"][vc_column_text css=\".vc_custom_1659432449235{margin-top: 0px !important;}\" el_class=\"region-site-nadpis\"]\r\n<h2><a href=\"\/en\/the-pohronie-castle-route\/\"><strong>The Pohronie Castle Route<\/strong><\/a><\/h2>\r\n[\/vc_column_text][vc_empty_space height=\"24px\"][vc_single_image image=\"3416\" img_size=\"800x433\" qode_css_animation=\"\"][vc_empty_space height=\"24px\"][\/vc_column][vc_column width=\"1\/4\"][vc_column_text css=\".vc_custom_1657204923545{margin-top: 0px !important;}\" el_class=\"region-site-nadpis\"]\r\n<h2>Living Monuments<\/h2>\r\n[\/vc_column_text][vc_empty_space height=\"24px\"][vc_column_text css=\".vc_custom_1657204909791{margin-top: 0px !important;}\" el_class=\"region-site-popis\"]<a href=\"\/en\/hronsky-benadik-monastery\/\">Hronsk\u00fd Be\u0148adik Monastery<\/a>\r\n<a href=\"\/en\/the-pohronie-castle-road\/zarnovica-manor-house\/\">\u017darnovica Manor House<\/a>\r\n<a href=\"\/en\/the-pohronie-castle-road\/reviste-castle\/\">Revi\u0161te Castle<\/a>\r\n<a href=\"\/en\/the-pohronie-castle-road\/ziar-nad-hronom-manor-house\/\">\u017diar nad Hronom Manor House<\/a>\r\n<a href=\"\/en\/the-pohronie-castle-road\/sasov-castle\/\">\u0160\u00e1\u0161ov Castle<\/a>\r\n<a href=\"\/en\/the-pohronie-castle-road\/pusty-hrad-castle\/\">Pust\u00fd hrad Castle<\/a>\r\n<a href=\"\/en\/the-pohronie-castle-road\/zvolen-castle\/\">Zvolen Castle<\/a>\r\n<a href=\"\/en\/the-pohronie-castle-road\/dobra-niva-castle\/\">Dobr\u00e1 Niva Castle<\/a>[\/vc_column_text][vc_empty_space height=\"40\"][vc_column_text css=\".vc_custom_1657204938414{margin-top: 0px !important;}\" el_class=\"region-site-nadpis\"]\r\n<h2>Monuments Hidden In Time<\/h2>\r\n[\/vc_column_text][vc_empty_space height=\"20\"][vc_column_text css=\".vc_custom_1657205143123{margin-top: 0px !important;}\" el_class=\"region-site-popis\"]<a href=\"\/en\/the-pohronie-castle-road\/luchtov-watchtower\/\">Luchtov Watchtower<\/a>\r\n<a href=\"\/en\/the-pohronie-castle-road\/breznica-castle\/\">Breznica Castle<\/a>\r\n<a href=\"\/en\/the-pohronie-castle-road\/falcon-rock-castle-hrad-sokolia-skala\/\">Falcon Rock Castle (Hrad Sokolia skala)<\/a>\r\n<a href=\"\/en\/the-pohronie-castle-road\/nova-bana-town-fortifications\/\">Nov\u00e1 Ba\u0148a Town Fortifications<\/a>\r\n<a href=\"\/en\/the-pohronie-castle-road\/rudno-castle\/\">Rudno Castle<\/a>\r\n<a href=\"\/en\/the-pohronie-castle-road\/teplica-castle\/\">Teplica Castle<\/a>\r\n<a href=\"\/en\/the-pohronie-castle-road\/zakyl-castle\/\">\u017dak\u00fdl Castle<\/a>\r\n<a href=\"\/en\/the-pohronie-castle-road\/petusa-castle\/\">Pe\u0165u\u0161a Castle<\/a>[\/vc_column_text][\/vc_column][\/vc_row][vc_row css_animation=\"\" row_type=\"row\" use_row_as_full_screen_section=\"no\" type=\"full_width\" angled_section=\"no\" text_align=\"left\" background_image_as_pattern=\"without_pattern\"][vc_column][vc_empty_space][\/vc_column][\/vc_row][\/vc_column_text][vc_empty_space][\/vc_column][\/vc_row]<\/p>\n<\/div>","protected":false},"excerpt":{"rendered":"<p>[vc_row css_animation=&#8221;&#8221; row_type=&#8221;row&#8221; use_row_as_full_screen_section=&#8221;no&#8221; type=&#8221;full_width&#8221; angled_section=&#8221;no&#8221; text_align=&#8221;left&#8221; background_image=&#8221;5421&#8243; background_image_as_pattern=&#8221;without_pattern&#8221; el_id=&#8221;top-image&#8221; z_index=&#8221;&#8221;][vc_column][\/vc_column][\/vc_row][vc_row css_animation=&#8221;&#8221; row_type=&#8221;row&#8221; use_row_as_full_screen_section=&#8221;no&#8221; type=&#8221;grid&#8221; angled_section=&#8221;no&#8221; text_align=&#8221;left&#8221; background_image_as_pattern=&#8221;without_pattern&#8221; background_color=&#8221;#ffffff&#8221; z_index=&#8221;&#8221;][vc_column width=&#8221;1\/6&#8243; el_class=&#8221;detail-top&#8221;][\/vc_column][vc_column width=&#8221;2\/3&#8243; el_class=&#8221;detail-top&#8221;][vc_empty_space height=&#8221;35px&#8221;][vc_column_text] \u017darnovica Manor House [\/vc_column_text][vc_empty_space height=&#8221;35px&#8221;][vc_column_text]An old fortified mansion once used to stand at my place. However, King Matthias Corvinus donated&#8230;<\/p>\n","protected":false},"author":10,"featured_media":0,"parent":0,"menu_order":0,"comment_status":"closed","ping_status":"closed","template":"full_width.php","meta":{"inline_featured_image":false,"footnotes":""},"class_list":["post-42114","page","type-page","status-publish","hentry"],"yoast_head":"<!-- This site is optimized with the Yoast SEO plugin v25.0 - https:\/\/yoast.com\/wordpress\/plugins\/seo\/ -->\n<title>\u017darnovica Manor House - Za horami, za dolami v Banskobystrickom kraji<\/title>\n<meta name=\"robots\" content=\"index, follow, max-snippet:-1, max-image-preview:large, max-video-preview:-1\" \/>\n<link rel=\"canonical\" href=\"https:\/\/zahoramizadolami.sk\/kastiel-zarnovica\/\" \/>\n<meta property=\"og:locale\" content=\"en_US\" \/>\n<meta property=\"og:type\" content=\"article\" \/>\n<meta property=\"og:title\" content=\"\u017darnovica Manor House - Za horami, za dolami v Banskobystrickom kraji\" \/>\n<meta property=\"og:description\" content=\"[vc_row css_animation=&#8221;&#8221; row_type=&#8221;row&#8221; use_row_as_full_screen_section=&#8221;no&#8221; type=&#8221;full_width&#8221; angled_section=&#8221;no&#8221; text_align=&#8221;left&#8221; background_image=&#8221;5421&#8243; background_image_as_pattern=&#8221;without_pattern&#8221; el_id=&#8221;top-image&#8221; z_index=&#8221;&#8221;][vc_column][\/vc_column][\/vc_row][vc_row css_animation=&#8221;&#8221; row_type=&#8221;row&#8221; use_row_as_full_screen_section=&#8221;no&#8221; type=&#8221;grid&#8221; angled_section=&#8221;no&#8221; text_align=&#8221;left&#8221; background_image_as_pattern=&#8221;without_pattern&#8221; background_color=&#8221;#ffffff&#8221; z_index=&#8221;&#8221;][vc_column width=&#8221;1\/6&#8243; el_class=&#8221;detail-top&#8221;][\/vc_column][vc_column width=&#8221;2\/3&#8243; el_class=&#8221;detail-top&#8221;][vc_empty_space height=&#8221;35px&#8221;][vc_column_text] \u017darnovica Manor House [\/vc_column_text][vc_empty_space height=&#8221;35px&#8221;][vc_column_text]An old fortified mansion once used to stand at my place. However, King Matthias Corvinus donated...\" \/>\n<meta property=\"og:url\" content=\"https:\/\/zahoramizadolami.sk\/kastiel-zarnovica\/\" \/>\n<meta property=\"og:site_name\" content=\"Za horami, za dolami v Banskobystrickom kraji\" \/>\n<meta property=\"article:publisher\" content=\"https:\/\/www.facebook.com\/zahoramizadolami.sk\/\" \/>\n<meta property=\"article:modified_time\" content=\"2022-03-08T20:29:56+00:00\" \/>\n<meta name=\"twitter:card\" content=\"summary_large_image\" \/>\n<meta name=\"twitter:label1\" content=\"Est. reading time\" \/>\n\t<meta name=\"twitter:data1\" content=\"3 minutes\" \/>\n<script type=\"application\/ld+json\" class=\"yoast-schema-graph\">{\"@context\":\"https:\/\/schema.org\",\"@graph\":[{\"@type\":\"WebPage\",\"@id\":\"https:\/\/zahoramizadolami.sk\/kastiel-zarnovica\/\",\"url\":\"https:\/\/zahoramizadolami.sk\/kastiel-zarnovica\/\",\"name\":\"\u017darnovica Manor House - Za horami, za dolami v Banskobystrickom kraji\",\"isPartOf\":{\"@id\":\"https:\/\/zahoramizadolami.sk\/#website\"},\"datePublished\":\"2020-04-28T12:00:36+00:00\",\"dateModified\":\"2022-03-08T20:29:56+00:00\",\"breadcrumb\":{\"@id\":\"https:\/\/zahoramizadolami.sk\/kastiel-zarnovica\/#breadcrumb\"},\"inLanguage\":\"en-US\",\"potentialAction\":[{\"@type\":\"ReadAction\",\"target\":[\"https:\/\/zahoramizadolami.sk\/kastiel-zarnovica\/\"]}]},{\"@type\":\"BreadcrumbList\",\"@id\":\"https:\/\/zahoramizadolami.sk\/kastiel-zarnovica\/#breadcrumb\",\"itemListElement\":[{\"@type\":\"ListItem\",\"position\":1,\"name\":\"Home\",\"item\":\"https:\/\/zahoramizadolami.sk\/en\/\"},{\"@type\":\"ListItem\",\"position\":2,\"name\":\"\u017darnovica Manor House\"}]},{\"@type\":\"WebSite\",\"@id\":\"https:\/\/zahoramizadolami.sk\/#website\",\"url\":\"https:\/\/zahoramizadolami.sk\/\",\"name\":\"Za horami, za dolami v Banskobystrickom kraji\",\"description\":\"Za horami, za dolami, bol raz jeden Banskobystrick\u00fd kraj.\",\"potentialAction\":[{\"@type\":\"SearchAction\",\"target\":{\"@type\":\"EntryPoint\",\"urlTemplate\":\"https:\/\/zahoramizadolami.sk\/?s={search_term_string}\"},\"query-input\":{\"@type\":\"PropertyValueSpecification\",\"valueRequired\":true,\"valueName\":\"search_term_string\"}}],\"inLanguage\":\"en-US\"}]}<\/script>\n<!-- \/ Yoast SEO plugin. -->","yoast_head_json":{"title":"\u017darnovica Manor House - Za horami, za dolami v Banskobystrickom kraji","robots":{"index":"index","follow":"follow","max-snippet":"max-snippet:-1","max-image-preview":"max-image-preview:large","max-video-preview":"max-video-preview:-1"},"canonical":"https:\/\/zahoramizadolami.sk\/kastiel-zarnovica\/","og_locale":"en_US","og_type":"article","og_title":"\u017darnovica Manor House - Za horami, za dolami v Banskobystrickom kraji","og_description":"[vc_row css_animation=&#8221;&#8221; row_type=&#8221;row&#8221; use_row_as_full_screen_section=&#8221;no&#8221; type=&#8221;full_width&#8221; angled_section=&#8221;no&#8221; text_align=&#8221;left&#8221; background_image=&#8221;5421&#8243; background_image_as_pattern=&#8221;without_pattern&#8221; el_id=&#8221;top-image&#8221; z_index=&#8221;&#8221;][vc_column][\/vc_column][\/vc_row][vc_row css_animation=&#8221;&#8221; row_type=&#8221;row&#8221; use_row_as_full_screen_section=&#8221;no&#8221; type=&#8221;grid&#8221; angled_section=&#8221;no&#8221; text_align=&#8221;left&#8221; background_image_as_pattern=&#8221;without_pattern&#8221; background_color=&#8221;#ffffff&#8221; z_index=&#8221;&#8221;][vc_column width=&#8221;1\/6&#8243; el_class=&#8221;detail-top&#8221;][\/vc_column][vc_column width=&#8221;2\/3&#8243; el_class=&#8221;detail-top&#8221;][vc_empty_space height=&#8221;35px&#8221;][vc_column_text] \u017darnovica Manor House [\/vc_column_text][vc_empty_space height=&#8221;35px&#8221;][vc_column_text]An old fortified mansion once used to stand at my place. However, King Matthias Corvinus donated...","og_url":"https:\/\/zahoramizadolami.sk\/kastiel-zarnovica\/","og_site_name":"Za horami, za dolami v Banskobystrickom kraji","article_publisher":"https:\/\/www.facebook.com\/zahoramizadolami.sk\/","article_modified_time":"2022-03-08T20:29:56+00:00","twitter_card":"summary_large_image","twitter_misc":{"Est. reading time":"3 minutes"},"schema":{"@context":"https:\/\/schema.org","@graph":[{"@type":"WebPage","@id":"https:\/\/zahoramizadolami.sk\/kastiel-zarnovica\/","url":"https:\/\/zahoramizadolami.sk\/kastiel-zarnovica\/","name":"\u017darnovica Manor House - Za horami, za dolami v Banskobystrickom kraji","isPartOf":{"@id":"https:\/\/zahoramizadolami.sk\/#website"},"datePublished":"2020-04-28T12:00:36+00:00","dateModified":"2022-03-08T20:29:56+00:00","breadcrumb":{"@id":"https:\/\/zahoramizadolami.sk\/kastiel-zarnovica\/#breadcrumb"},"inLanguage":"en-US","potentialAction":[{"@type":"ReadAction","target":["https:\/\/zahoramizadolami.sk\/kastiel-zarnovica\/"]}]},{"@type":"BreadcrumbList","@id":"https:\/\/zahoramizadolami.sk\/kastiel-zarnovica\/#breadcrumb","itemListElement":[{"@type":"ListItem","position":1,"name":"Home","item":"https:\/\/zahoramizadolami.sk\/en\/"},{"@type":"ListItem","position":2,"name":"\u017darnovica Manor House"}]},{"@type":"WebSite","@id":"https:\/\/zahoramizadolami.sk\/#website","url":"https:\/\/zahoramizadolami.sk\/","name":"Za horami, za dolami v Banskobystrickom kraji","description":"Za horami, za dolami, bol raz jeden Banskobystrick\u00fd kraj.","potentialAction":[{"@type":"SearchAction","target":{"@type":"EntryPoint","urlTemplate":"https:\/\/zahoramizadolami.sk\/?s={search_term_string}"},"query-input":{"@type":"PropertyValueSpecification","valueRequired":true,"valueName":"search_term_string"}}],"inLanguage":"en-US"}]}},"_links":{"self":[{"href":"https:\/\/zahoramizadolami.sk\/en\/wp-json\/wp\/v2\/pages\/42114","targetHints":{"allow":["GET"]}}],"collection":[{"href":"https:\/\/zahoramizadolami.sk\/en\/wp-json\/wp\/v2\/pages"}],"about":[{"href":"https:\/\/zahoramizadolami.sk\/en\/wp-json\/wp\/v2\/types\/page"}],"author":[{"embeddable":true,"href":"https:\/\/zahoramizadolami.sk\/en\/wp-json\/wp\/v2\/users\/10"}],"replies":[{"embeddable":true,"href":"https:\/\/zahoramizadolami.sk\/en\/wp-json\/wp\/v2\/comments?post=42114"}],"version-history":[{"count":0,"href":"https:\/\/zahoramizadolami.sk\/en\/wp-json\/wp\/v2\/pages\/42114\/revisions"}],"wp:attachment":[{"href":"https:\/\/zahoramizadolami.sk\/en\/wp-json\/wp\/v2\/media?parent=42114"}],"curies":[{"name":"wp","href":"https:\/\/api.w.org\/{rel}","templated":true}]}}