{"id":42120,"date":"2020-04-27T12:32:07","date_gmt":"2020-04-27T10:32:07","guid":{"rendered":"https:\/\/www.zahoramizadolami.sk\/?page_id=42120"},"modified":"2022-03-08T21:34:58","modified_gmt":"2022-03-08T20:34:58","slug":"pusty-hrad-castle","status":"publish","type":"page","link":"https:\/\/zahoramizadolami.sk\/en\/pusty-hrad-castle\/","title":{"rendered":"Pust\u00fd hrad Castle"},"content":{"rendered":"<div class=\"wpb-content-wrapper\"><p>[vc_row css_animation=&#8221;&#8221; row_type=&#8221;row&#8221; use_row_as_full_screen_section=&#8221;no&#8221; type=&#8221;full_width&#8221; angled_section=&#8221;no&#8221; text_align=&#8221;left&#8221; background_image=&#8221;1190&#8243; background_image_as_pattern=&#8221;without_pattern&#8221; el_id=&#8221;top-image&#8221; z_index=&#8221;&#8221;][vc_column][\/vc_column][\/vc_row][vc_row css_animation=&#8221;&#8221; row_type=&#8221;row&#8221; use_row_as_full_screen_section=&#8221;no&#8221; type=&#8221;grid&#8221; angled_section=&#8221;no&#8221; text_align=&#8221;left&#8221; background_image_as_pattern=&#8221;without_pattern&#8221; background_color=&#8221;#ffffff&#8221; z_index=&#8221;&#8221;][vc_column width=&#8221;1\/6&#8243; el_class=&#8221;detail-top&#8221;][\/vc_column][vc_column width=&#8221;2\/3&#8243; el_class=&#8221;detail-top&#8221;][vc_empty_space height=&#8221;35px&#8221;][vc_column_text]<\/p>\n<h1>Pust\u00fd hrad Castle<\/h1>\n<p>[\/vc_column_text][vc_empty_space height=&#8221;35px&#8221;][vc_column_text]Patril som k elite najd\u00f4le\u017eitej\u0161\u00edch s\u00eddiel uhorsk\u00fdch kr\u00e1\u013eov a od polovice 12. storo\u010dia som bol dokonca <strong>s\u00eddlom Zvolenskej \u017eupy<\/strong>.<\/p>\n<p>&nbsp;<\/p>\n<p>V 13. storo\u010d\u00ed sme <strong>spojili are\u00e1l Horn\u00e9ho a Doln\u00e9ho hradu<\/strong>, tak\u017ee som dosiahol rozlohu 4,7 ha a t\u00fdm som sa zaradil medzi najv\u00e4\u010d\u0161ie hrady na Slovensku.<\/p>\n<p>&nbsp;<\/p>\n<p>A moja obytn\u00e1 ve\u017ea patrila k najv\u00e4\u010d\u0161\u00edm reziden\u010dn\u00fdm stavb\u00e1m v strednej Eur\u00f3pe. <strong>Okolit\u00e9 hust\u00e9 lesy<\/strong> ob\u013eubovali <strong>Arp\u00e1dovci<\/strong>, \u010dasto sa tu zdr\u017eiavali kv\u00f4li po\u013eova\u010dk\u00e1m. Mal som ich r\u00e1d, vybudovali gotick\u00fd pal\u00e1c s cisternou, ktor\u00e1 bola pre pre\u017eitie mojich obyvate\u013eov ve\u013emi d\u00f4le\u017eit\u00e1.<\/p>\n<p>&nbsp;<\/p>\n<p>Na mojom Hornom hrade s\u00eddlil \u017eupan a jeden sa mi vryl nav\u017edy do pam\u00e4ti. <strong>Demeter a jeho synovec Don\u010d<\/strong> razili priamo v mojich izb\u00e1ch <strong>falo\u0161n\u00e9 mince<\/strong>. To\u013ek\u00e1 drzos\u0165!<\/p>\n<p>&nbsp;<\/p>\n<p>Moja sl\u00e1va upad\u00e1 po\u010das vojnov\u00fdch stretov medzi <strong>J\u00e1nom Hu\u0148adym<\/strong> a <strong>J\u00e1nom Jiskrom<\/strong>. Veru, ni\u010d netrv\u00e1 naveky.[\/vc_column_text][vc_empty_space height=&#8221;40px&#8221;][vc_single_image image=&#8221;5325&#8243; img_size=&#8221;full&#8221; alignment=&#8221;center&#8221; qode_css_animation=&#8221;&#8221;][vc_empty_space height=&#8221;40px&#8221;][vc_column_text]<strong>Trochu poklebet\u00edme o Pustom hrade<\/strong>, ktor\u00fd nebol a\u017e tak\u00fd pust\u00fd&#8230;<\/p>\n<p>&nbsp;<\/p>\n<p>V roku 1247 sa tu <strong>svadbovalo od ve\u010dera do r\u00e1na<\/strong> zrejme aj nieko\u013eko dn\u00ed. Dc\u00e9ra kr\u00e1\u013ea Bela IV. Kon\u0161tancia povedala ,,\u00e1no\u201c Levovi, synovi hali\u010dsk\u00e9ho knie\u017ea\u0165a Danila.[\/vc_column_text][vc_empty_space height=&#8221;40px&#8221;][vc_single_image image=&#8221;5328&#8243; img_size=&#8221;full&#8221; alignment=&#8221;center&#8221; qode_css_animation=&#8221;&#8221;][vc_empty_space height=&#8221;40px&#8221;][vc_column_text]V 13. storo\u010d\u00ed bol Pust\u00fd hrad, vtedy hrad Zvolen, <strong>najviac nav\u0161tevovan\u00fdm hradom kr\u00e1\u013emi Uhorska<\/strong> na \u00fazem\u00ed dne\u0161n\u00e9ho Slovenska. Na Dolnom hrade mal obrovsk\u00fa kr\u00e1\u013eovsk\u00fa reziden\u010dn\u00fa ve\u017eu, v ktorej sa museli dia\u0165 zauj\u00edmav\u00e9 veci.<\/p>\n<p>&nbsp;<\/p>\n<p><strong>Pust\u00fd hrad je s rozlohou 4,7 ha rozsiahlej\u0161\u00ed ako Spi\u0161sk\u00fd hrad s plochou 3,9 ha<\/strong>.[\/vc_column_text][vc_empty_space height=&#8221;40px&#8221;][vc_single_image image=&#8221;72&#8243; img_size=&#8221;full&#8221; alignment=&#8221;center&#8221; qode_css_animation=&#8221;&#8221; el_class=&#8221;my-divider&#8221;][vc_empty_space height=&#8221;40px&#8221;][vc_column_text]<\/p>\n<h5>Pr\u00edbeh a legenda na z\u00e1ver<\/h5>\n<p>[\/vc_column_text][vc_empty_space height=&#8221;20&#8243;][vc_row_inner row_type=&#8221;row&#8221; type=&#8221;full_width&#8221; text_align=&#8221;left&#8221; css_animation=&#8221;&#8221;][vc_column_inner width=&#8221;2\/3&#8243;][vc_column_text]<\/p>\n<h3>Viete kto bol legendami opraden\u00fd rytier Don\u010d?<\/h3>\n<p>[\/vc_column_text][vc_empty_space height=&#8221;20px&#8221;][vc_column_text]Pust\u00fd hrad sa stal rodiskom legend\u00e1rneho rytiera a <strong>najv\u00fdznamnej\u0161ieho<\/strong> zvolensk\u00e9ho <strong>\u017eupana Don\u010da<\/strong>.<\/p>\n<p>&nbsp;<\/p>\n<p>P\u00f4vodne patril k <strong>pr\u00edvr\u017eencom Mat\u00fa\u0161a \u010c\u00e1ka Tren\u010dianskeho<\/strong>, no nesk\u00f4r sa spol\u010dil s nov\u00fdm kr\u00e1\u013eom Karolom I. R\u00f3bertom.<\/p>\n<p>&nbsp;<\/p>\n<p>V rozhoduj\u00facej <strong>bitke pri Rozhanovciach<\/strong> porazil udatn\u00fd rytier Don\u010d vojsk\u00e1 Mat\u00fa\u0161a \u010c\u00e1ka. P\u00f4sobil ako <strong>prav\u00e1 ruka kr\u00e1\u013ea Karola Roberta<\/strong>.<\/p>\n<p>&nbsp;<\/p>\n<p>Spolo\u010dne zav\u00e1dzali <strong>d\u00f4le\u017eit\u00e9 reformy<\/strong>, <strong>zakladali nov\u00e9 meste\u010dk\u00e1 a osady<\/strong>, <strong>postavili 8 kostolov<\/strong> v slovensk\u00fdch obciach a minim\u00e1lne 13 kostolom prestavali do gotick\u00e9ho \u0161t\u00fdlu, intenz\u00edvne <strong>podporovali rozvoj ban\u00edctva a miest<\/strong>.[\/vc_column_text][vc_empty_space height=&#8221;20&#8243;][\/vc_column_inner][vc_column_inner width=&#8221;1\/3&#8243;][vc_empty_space height=&#8221;20px&#8221;][vc_single_image image=&#8221;5331&#8243; img_size=&#8221;180&#215;300&#8243; alignment=&#8221;center&#8221; qode_css_animation=&#8221;&#8221;][vc_empty_space height=&#8221;20&#8243;][\/vc_column_inner][\/vc_row_inner][vc_empty_space height=&#8221;40px&#8221;][vc_column_text]<\/p>\n<h3>Poves\u0165 o kr\u00e1snej Bohdanke<\/h3>\n<p>[\/vc_column_text][vc_empty_space height=&#8221;20px&#8221;][vc_column_text]Poves\u0165 hovor\u00ed, \u017ee podl\u00fd a nen\u00e1sytn\u00fd <strong>kastel\u00e1n Z\u00fazor<\/strong> z Pust\u00e9ho hradu chcel n\u00e1sil\u00edm poja\u0165 za man\u017eelku <strong>kr\u00e1snu Bohdanu<\/strong>, dc\u00e9ru slep\u00e9ho ryb\u00e1rskeho star\u0161inu.<\/p>\n<p>&nbsp;<\/p>\n<p>Bohdana ale za Z\u00fazora nechcela \u00eds\u0165, a tak <strong>svadbu<\/strong> r\u00f4znymi v\u00fdhovorkami odkladala. Raz to bolo \u010dakanie na \u010fal\u0161\u00ed spln mesiaca, po druh\u00fd kr\u00e1t jej otec ochorel, inokedy sluhovia kastel\u00e1na rozkazy poplietli.<\/p>\n<p>&nbsp;<\/p>\n<p>Napokon sa po Bohdanu vydal u\u017e s\u00e1m kastel\u00e1n, ale zistil \u017ee sa jej otec <strong>ku skale prikoval re\u0165azami<\/strong>. Chcel ho z n\u00e1protivnej skaly <strong>usmrti\u0165<\/strong> \u0161\u00edpom, ale namiesto star\u0161inu, \u0161\u00edp trafil priamo do srdca ne\u0161\u0165astn\u00fa Bohdanu. Aj star\u0161ina po skone svojej nevinnej dc\u00e9ry napokon namieste vyd\u00fdchol, ale <strong>smr\u0165 natiahla ruku<\/strong> aj po Z\u00fazora.<\/p>\n<p>&nbsp;<\/p>\n<p><strong>Kastel\u00e1n doteraz bl\u00fadi po Pustom hrade<\/strong> a jeho okol\u00ed ako pr\u00edzrak, a \u00fazkostlivo str\u00e1\u017ei svoje <strong>poklady<\/strong>, ktor\u00e9 sa prepadli pod zem, aby ich nikto nena\u0161iel.<\/p>\n<p>&nbsp;<\/p>\n<p>Bohdanku m\u00f4\u017eete stretn\u00fa\u0165 tie\u017e, je to kr\u00e1sna diev\u010dina, ktor\u00e1 za ruku vedie slep\u00e9ho starca. Kto ju stretne, ne\u0161\u0165astie sa mu vyhne, strom, ktor\u00e9ho sa dotkne obelie a pod ka\u017ed\u00fdm jej krokom <strong>rozkvitaj\u00fa konvalinky<\/strong>. Preto to tak v okol\u00ed hradu rozvoniava&#8230;[\/vc_column_text][vc_empty_space height=&#8221;40px&#8221;][vc_single_image image=&#8221;72&#8243; img_size=&#8221;full&#8221; alignment=&#8221;center&#8221; qode_css_animation=&#8221;&#8221; el_class=&#8221;my-divider&#8221;][vc_empty_space height=&#8221;40px&#8221;][\/vc_column][vc_column width=&#8221;1\/6&#8243; el_class=&#8221;detail-top&#8221;][\/vc_column][\/vc_row][vc_row css_animation=&#8221;&#8221; row_type=&#8221;row&#8221; use_row_as_full_screen_section=&#8221;no&#8221; type=&#8221;full_width&#8221; angled_section=&#8221;no&#8221; text_align=&#8221;left&#8221; background_image_as_pattern=&#8221;without_pattern&#8221; z_index=&#8221;&#8221;][vc_column][vc_gallery type=&#8221;image_grid&#8221; images=&#8221;3077,1188,1187,1184,1177,1174,1176,1175,1186,1185&#8243; img_size=&#8221;400&#215;250&#8243; column_number=&#8221;5&#8243; grayscale=&#8221;no&#8221; images_space=&#8221;gallery_without_space&#8221; el_class=&#8221;gallery-divider&#8221;][vc_empty_space][\/vc_column][\/vc_row][vc_row css_animation=&#8221;&#8221; row_type=&#8221;row&#8221; use_row_as_full_screen_section=&#8221;no&#8221; type=&#8221;full_width&#8221; angled_section=&#8221;no&#8221; text_align=&#8221;left&#8221; background_image_as_pattern=&#8221;without_pattern&#8221;][vc_column][vc_empty_space height=&#8221;100&#8243;][\/vc_column][\/vc_row][vc_row css_animation=&#8221;&#8221; row_type=&#8221;row&#8221; use_row_as_full_screen_section=&#8221;no&#8221; type=&#8221;grid&#8221; angled_section=&#8221;no&#8221; text_align=&#8221;left&#8221; background_image_as_pattern=&#8221;without_pattern&#8221; background_color=&#8221;#ffffff&#8221; z_index=&#8221;&#8221;][vc_column width=&#8221;1\/6&#8243; el_class=&#8221;detail-top&#8221;][\/vc_column][vc_column width=&#8221;2\/3&#8243; el_class=&#8221;detail-top&#8221;][vc_column_text]<\/p>\n<h3>How do you get there?<\/h3>\n<p>[\/vc_column_text][vc_empty_space height=&#8221;40px&#8221;][vc_column_text]K Pust\u00e9mu hradu vedie viacero pr\u00edstupov\u00fdch ciest, od zimn\u00e9ho \u0161tadi\u00f3na k hradu vedie modr\u00e1 zna\u010dka. \u010eal\u0161ia cesta vedie od kri\u017eovatky k \u010cerven\u00e9mu medok\u00fd\u0161u po asfaltovej ceste, ktor\u00e1 sa pribli\u017ene v polovici men\u00ed na \u0161trkov\u00fa. V\u00fdstup na Pust\u00fd hrad trv\u00e1 pribli\u017ene 45 min.[\/vc_column_text][vc_empty_space height=&#8221;40px&#8221;][vc_row_inner row_type=&#8221;row&#8221; type=&#8221;full_width&#8221; text_align=&#8221;left&#8221; css_animation=&#8221;&#8221;][vc_column_inner width=&#8221;1\/2&#8243;][vc_column_text el_class=&#8221;info-title&#8221;]ADDRESS[\/vc_column_text][vc_column_text el_class=&#8221;kontakt-links&#8221;]<strong>Pust\u00fd hrad<\/strong><br \/>\n960 01 Zvolen[\/vc_column_text][vc_empty_space height=&#8221;40px&#8221;][\/vc_column_inner][vc_column_inner width=&#8221;1\/2&#8243;][\/vc_column_inner][\/vc_row_inner][vc_gmaps link=&#8221;#E-8_JTNDaWZyYW1lJTIwc3JjJTNEJTIyaHR0cHMlM0ElMkYlMkZ3d3cuZ29vZ2xlLmNvbSUyRm1hcHMlMkZlbWJlZCUzRnBiJTNEJTIxMW0xOCUyMTFtMTIlMjExbTMlMjExZDEwODcyLjQ5MDMxMTM5MjYyOCUyMTJkMTkuMTA1OTMzMzg2NDc4MTglMjEzZDQ4LjU1NzMxNjAzODg1MTk5JTIxMm0zJTIxMWYwJTIxMmYwJTIxM2YwJTIxM20yJTIxMWkxMDI0JTIxMmk3NjglMjE0ZjEzLjElMjEzbTMlMjExbTIlMjExczB4NDcxNTM3OTc2YTBkMzY0MyUyNTNBMHgzYzE3OGIwYzc0M2Q5NDc1JTIxMnpVSFZ6ZE1POUlHaHlZV1FnNG9DVElFUnZiRzdEdlNCb2NtRmslMjE1ZTAlMjEzbTIlMjExc3NrJTIxMnNzayUyMTR2MTY0Mjc5OTQ5ODU1MSUyMTVtMiUyMTFzc2slMjEyc3NrJTIyJTIwd2lkdGglM0QlMjI2MDAlMjIlMjBoZWlnaHQlM0QlMjI0NTAlMjIlMjBzdHlsZSUzRCUyMmJvcmRlciUzQTAlM0IlMjIlMjBhbGxvd2Z1bGxzY3JlZW4lM0QlMjIlMjIlMjBsb2FkaW5nJTNEJTIybGF6eSUyMiUzRSUzQyUyRmlmcmFtZSUzRQ==&#8221; title=&#8221;Pust\u00fd hrad Castle&#8221;][vc_empty_space height=&#8221;80px&#8221;][vc_single_image image=&#8221;72&#8243; img_size=&#8221;full&#8221; alignment=&#8221;center&#8221; qode_css_animation=&#8221;&#8221; el_class=&#8221;my-divider&#8221;][vc_empty_space height=&#8221;40px&#8221;][\/vc_column][vc_column width=&#8221;1\/6&#8243; el_class=&#8221;detail-top&#8221;][\/vc_column][\/vc_row][vc_row css_animation=&#8221;&#8221; row_type=&#8221;row&#8221; use_row_as_full_screen_section=&#8221;no&#8221; type=&#8221;full_width&#8221; angled_section=&#8221;no&#8221; text_align=&#8221;left&#8221; background_image_as_pattern=&#8221;without_pattern&#8221;][vc_column][vc_column_text][vc_row css_animation=\"\" row_type=\"row\" use_row_as_full_screen_section=\"no\" type=\"grid\" angled_section=\"no\" text_align=\"left\" background_image_as_pattern=\"without_pattern\" padding_top=\"30\" z_index=\"\"][vc_column width=\"1\/4\"][vc_single_image image=\"4924\" img_size=\"250x96\" alignment=\"center\" qode_css_animation=\"\"][vc_empty_space height=\"24px\"][vc_column_text el_class=\"region-site-popis\"]\r\n<p style=\"text-align: center;\"><strong>OOCR REGI\u00d3N GRON<\/strong>\r\nBernol\u00e1kova 11\r\n968 01 Nov\u00e1 Ba\u0148a\r\n<a href=\"mailto:regiongron@gmail.com\">regiongron@gmail.com<\/a>\r\n<a href=\"tel:+421911961699\">+421 911 961 699<\/a><\/p>\r\n[\/vc_column_text][vc_empty_space height=\"24px\"][vc_column_text el_class=\"link-siteregion\"]<a href=\"https:\/\/www.pohronskehrady.sk\/\" target=\"_blank\" rel=\"noopener\"><strong>www.pohronskehrady.sk<\/strong><\/a>[\/vc_column_text][vc_empty_space height=\"24px\"][vc_raw_html]JTNDZGl2JTIwY2xhc3MlM0QlMjJzb2NpYWwtaWNvbnMlMjByZWdpb255JTIyJTNFJTBBJTNDYSUyMGhyZWYlM0QlMjJodHRwcyUzQSUyRiUyRnd3dy5mYWNlYm9vay5jb20lMkZyZWdpb25ncm9uJTIyJTIwdGFyZ2V0JTNEJTIyX2JsYW5rJTIyJTNFJTBBJTNDZGl2JTIwY2xhc3MlM0QlMjJzb2NpYWwtaWNvbiUyMGZhY2Vib29rJTIyJTNFJTNDJTJGZGl2JTNFJTNDJTJGYSUzRSUwQSUzQ2ElMjBocmVmJTNEJTIyaHR0cHMlM0ElMkYlMkZ3d3cuaW5zdGFncmFtLmNvbSUyRnJlZ2lvbmdyb24lMkYlMjIlMjB0YXJnZXQlM0QlMjJfYmxhbmslMjIlM0UlMEElM0NkaXYlMjBjbGFzcyUzRCUyMnNvY2lhbC1pY29uJTIwaW5zdGFncmFtJTIyJTNFJTNDJTJGZGl2JTNFJTNDJTJGYSUzRSUwQSUzQ2ElMjBocmVmJTNEJTIyaHR0cHMlM0ElMkYlMkZ3d3cueW91dHViZS5jb20lMkZjaGFubmVsJTJGVUNuLUFpV0ljZ1ZSNWtrU29tQjRYRXZ3JTIyJTIwdGFyZ2V0JTNEJTIyX2JsYW5rJTIyJTNFJTBBJTNDZGl2JTIwY2xhc3MlM0QlMjJzb2NpYWwtaWNvbiUyMHlvdXR1YmUlMjIlM0UlM0MlMkZkaXYlM0UlM0MlMkZhJTNFJTBBJTNDYSUyMGhyZWYlM0QlMjJodHRwcyUzQSUyRiUyRnd3dy50cmlwYWR2aXNvci5zayUyRlByb2ZpbGUlMkZSZWdpb25HUk9OJTNGZmlkJTNENGNmYzM1YjktYmIyMi00MjNkLWFhNGQtOGE3MzA4ZjRhOWE5JTIyJTIwdGFyZ2V0JTNEJTIyX2JsYW5rJTIyJTNFJTBBJTNDZGl2JTIwY2xhc3MlM0QlMjJzb2NpYWwtaWNvbiUyMHRyaXBhZHZpc29yJTIyJTNFJTNDJTJGZGl2JTNFJTNDJTJGYSUzRSUwQSUwQSUzQyUyRmRpdiUzRQ==[\/vc_raw_html][\/vc_column][vc_column width=\"1\/2\"][vc_column_text css=\".vc_custom_1659432449235{margin-top: 0px !important;}\" el_class=\"region-site-nadpis\"]\r\n<h2><a href=\"\/en\/the-pohronie-castle-route\/\"><strong>The Pohronie Castle Route<\/strong><\/a><\/h2>\r\n[\/vc_column_text][vc_empty_space height=\"24px\"][vc_single_image image=\"3416\" img_size=\"800x433\" qode_css_animation=\"\"][vc_empty_space height=\"24px\"][\/vc_column][vc_column width=\"1\/4\"][vc_column_text css=\".vc_custom_1657204923545{margin-top: 0px !important;}\" el_class=\"region-site-nadpis\"]\r\n<h2>Living Monuments<\/h2>\r\n[\/vc_column_text][vc_empty_space height=\"24px\"][vc_column_text css=\".vc_custom_1657204909791{margin-top: 0px !important;}\" el_class=\"region-site-popis\"]<a href=\"\/en\/hronsky-benadik-monastery\/\">Hronsk\u00fd Be\u0148adik Monastery<\/a>\r\n<a href=\"\/en\/the-pohronie-castle-road\/zarnovica-manor-house\/\">\u017darnovica Manor House<\/a>\r\n<a href=\"\/en\/the-pohronie-castle-road\/reviste-castle\/\">Revi\u0161te Castle<\/a>\r\n<a href=\"\/en\/the-pohronie-castle-road\/ziar-nad-hronom-manor-house\/\">\u017diar nad Hronom Manor House<\/a>\r\n<a href=\"\/en\/the-pohronie-castle-road\/sasov-castle\/\">\u0160\u00e1\u0161ov Castle<\/a>\r\n<a href=\"\/en\/the-pohronie-castle-road\/pusty-hrad-castle\/\">Pust\u00fd hrad Castle<\/a>\r\n<a href=\"\/en\/the-pohronie-castle-road\/zvolen-castle\/\">Zvolen Castle<\/a>\r\n<a href=\"\/en\/the-pohronie-castle-road\/dobra-niva-castle\/\">Dobr\u00e1 Niva Castle<\/a>[\/vc_column_text][vc_empty_space height=\"40\"][vc_column_text css=\".vc_custom_1657204938414{margin-top: 0px !important;}\" el_class=\"region-site-nadpis\"]\r\n<h2>Monuments Hidden In Time<\/h2>\r\n[\/vc_column_text][vc_empty_space height=\"20\"][vc_column_text css=\".vc_custom_1657205143123{margin-top: 0px !important;}\" el_class=\"region-site-popis\"]<a href=\"\/en\/the-pohronie-castle-road\/luchtov-watchtower\/\">Luchtov Watchtower<\/a>\r\n<a href=\"\/en\/the-pohronie-castle-road\/breznica-castle\/\">Breznica Castle<\/a>\r\n<a href=\"\/en\/the-pohronie-castle-road\/falcon-rock-castle-hrad-sokolia-skala\/\">Falcon Rock Castle (Hrad Sokolia skala)<\/a>\r\n<a href=\"\/en\/the-pohronie-castle-road\/nova-bana-town-fortifications\/\">Nov\u00e1 Ba\u0148a Town Fortifications<\/a>\r\n<a href=\"\/en\/the-pohronie-castle-road\/rudno-castle\/\">Rudno Castle<\/a>\r\n<a href=\"\/en\/the-pohronie-castle-road\/teplica-castle\/\">Teplica Castle<\/a>\r\n<a href=\"\/en\/the-pohronie-castle-road\/zakyl-castle\/\">\u017dak\u00fdl Castle<\/a>\r\n<a href=\"\/en\/the-pohronie-castle-road\/petusa-castle\/\">Pe\u0165u\u0161a Castle<\/a>[\/vc_column_text][\/vc_column][\/vc_row][vc_row css_animation=\"\" row_type=\"row\" use_row_as_full_screen_section=\"no\" type=\"full_width\" angled_section=\"no\" text_align=\"left\" background_image_as_pattern=\"without_pattern\"][vc_column][vc_empty_space][\/vc_column][\/vc_row][\/vc_column_text][vc_empty_space][\/vc_column][\/vc_row]<\/p>\n<\/div>","protected":false},"excerpt":{"rendered":"<p>[vc_row css_animation=&#8221;&#8221; row_type=&#8221;row&#8221; use_row_as_full_screen_section=&#8221;no&#8221; type=&#8221;full_width&#8221; angled_section=&#8221;no&#8221; text_align=&#8221;left&#8221; background_image=&#8221;1190&#8243; background_image_as_pattern=&#8221;without_pattern&#8221; el_id=&#8221;top-image&#8221; z_index=&#8221;&#8221;][vc_column][\/vc_column][\/vc_row][vc_row css_animation=&#8221;&#8221; row_type=&#8221;row&#8221; use_row_as_full_screen_section=&#8221;no&#8221; type=&#8221;grid&#8221; angled_section=&#8221;no&#8221; text_align=&#8221;left&#8221; background_image_as_pattern=&#8221;without_pattern&#8221; background_color=&#8221;#ffffff&#8221; z_index=&#8221;&#8221;][vc_column width=&#8221;1\/6&#8243; el_class=&#8221;detail-top&#8221;][\/vc_column][vc_column width=&#8221;2\/3&#8243; el_class=&#8221;detail-top&#8221;][vc_empty_space height=&#8221;35px&#8221;][vc_column_text] Pust\u00fd hrad Castle [\/vc_column_text][vc_empty_space height=&#8221;35px&#8221;][vc_column_text]Patril som k elite najd\u00f4le\u017eitej\u0161\u00edch s\u00eddiel uhorsk\u00fdch kr\u00e1\u013eov a od polovice 12. storo\u010dia som bol dokonca&#8230;<\/p>\n","protected":false},"author":10,"featured_media":0,"parent":0,"menu_order":0,"comment_status":"closed","ping_status":"closed","template":"full_width.php","meta":{"inline_featured_image":false,"footnotes":""},"class_list":["post-42120","page","type-page","status-publish","hentry"],"yoast_head":"<!-- This site is optimized with the Yoast SEO plugin v25.0 - https:\/\/yoast.com\/wordpress\/plugins\/seo\/ -->\n<title>Pust\u00fd hrad Castle - Za horami, za dolami v Banskobystrickom kraji<\/title>\n<meta name=\"robots\" content=\"index, follow, max-snippet:-1, max-image-preview:large, max-video-preview:-1\" \/>\n<link rel=\"canonical\" href=\"https:\/\/zahoramizadolami.sk\/pusty-hrad\/\" \/>\n<meta property=\"og:locale\" content=\"en_US\" \/>\n<meta property=\"og:type\" content=\"article\" \/>\n<meta property=\"og:title\" content=\"Pust\u00fd hrad Castle - Za horami, za dolami v Banskobystrickom kraji\" \/>\n<meta property=\"og:description\" content=\"[vc_row css_animation=&#8221;&#8221; row_type=&#8221;row&#8221; use_row_as_full_screen_section=&#8221;no&#8221; type=&#8221;full_width&#8221; angled_section=&#8221;no&#8221; text_align=&#8221;left&#8221; background_image=&#8221;1190&#8243; background_image_as_pattern=&#8221;without_pattern&#8221; el_id=&#8221;top-image&#8221; z_index=&#8221;&#8221;][vc_column][\/vc_column][\/vc_row][vc_row css_animation=&#8221;&#8221; row_type=&#8221;row&#8221; use_row_as_full_screen_section=&#8221;no&#8221; type=&#8221;grid&#8221; angled_section=&#8221;no&#8221; text_align=&#8221;left&#8221; background_image_as_pattern=&#8221;without_pattern&#8221; background_color=&#8221;#ffffff&#8221; z_index=&#8221;&#8221;][vc_column width=&#8221;1\/6&#8243; el_class=&#8221;detail-top&#8221;][\/vc_column][vc_column width=&#8221;2\/3&#8243; el_class=&#8221;detail-top&#8221;][vc_empty_space height=&#8221;35px&#8221;][vc_column_text] Pust\u00fd hrad Castle [\/vc_column_text][vc_empty_space height=&#8221;35px&#8221;][vc_column_text]Patril som k elite najd\u00f4le\u017eitej\u0161\u00edch s\u00eddiel uhorsk\u00fdch kr\u00e1\u013eov a od polovice 12. storo\u010dia som bol dokonca...\" \/>\n<meta property=\"og:url\" content=\"https:\/\/zahoramizadolami.sk\/pusty-hrad\/\" \/>\n<meta property=\"og:site_name\" content=\"Za horami, za dolami v Banskobystrickom kraji\" \/>\n<meta property=\"article:publisher\" content=\"https:\/\/www.facebook.com\/zahoramizadolami.sk\/\" \/>\n<meta property=\"article:modified_time\" content=\"2022-03-08T20:34:58+00:00\" \/>\n<meta name=\"twitter:card\" content=\"summary_large_image\" \/>\n<meta name=\"twitter:label1\" content=\"Est. reading time\" \/>\n\t<meta name=\"twitter:data1\" content=\"7 minutes\" \/>\n<script type=\"application\/ld+json\" class=\"yoast-schema-graph\">{\"@context\":\"https:\/\/schema.org\",\"@graph\":[{\"@type\":\"WebPage\",\"@id\":\"https:\/\/zahoramizadolami.sk\/pusty-hrad\/\",\"url\":\"https:\/\/zahoramizadolami.sk\/pusty-hrad\/\",\"name\":\"Pust\u00fd hrad Castle - Za horami, za dolami v Banskobystrickom kraji\",\"isPartOf\":{\"@id\":\"https:\/\/zahoramizadolami.sk\/#website\"},\"datePublished\":\"2020-04-27T10:32:07+00:00\",\"dateModified\":\"2022-03-08T20:34:58+00:00\",\"breadcrumb\":{\"@id\":\"https:\/\/zahoramizadolami.sk\/pusty-hrad\/#breadcrumb\"},\"inLanguage\":\"en-US\",\"potentialAction\":[{\"@type\":\"ReadAction\",\"target\":[\"https:\/\/zahoramizadolami.sk\/pusty-hrad\/\"]}]},{\"@type\":\"BreadcrumbList\",\"@id\":\"https:\/\/zahoramizadolami.sk\/pusty-hrad\/#breadcrumb\",\"itemListElement\":[{\"@type\":\"ListItem\",\"position\":1,\"name\":\"Home\",\"item\":\"https:\/\/zahoramizadolami.sk\/en\/\"},{\"@type\":\"ListItem\",\"position\":2,\"name\":\"Pust\u00fd hrad Castle\"}]},{\"@type\":\"WebSite\",\"@id\":\"https:\/\/zahoramizadolami.sk\/#website\",\"url\":\"https:\/\/zahoramizadolami.sk\/\",\"name\":\"Za horami, za dolami v Banskobystrickom kraji\",\"description\":\"Za horami, za dolami, bol raz jeden Banskobystrick\u00fd kraj.\",\"potentialAction\":[{\"@type\":\"SearchAction\",\"target\":{\"@type\":\"EntryPoint\",\"urlTemplate\":\"https:\/\/zahoramizadolami.sk\/?s={search_term_string}\"},\"query-input\":{\"@type\":\"PropertyValueSpecification\",\"valueRequired\":true,\"valueName\":\"search_term_string\"}}],\"inLanguage\":\"en-US\"}]}<\/script>\n<!-- \/ Yoast SEO plugin. -->","yoast_head_json":{"title":"Pust\u00fd hrad Castle - Za horami, za dolami v Banskobystrickom kraji","robots":{"index":"index","follow":"follow","max-snippet":"max-snippet:-1","max-image-preview":"max-image-preview:large","max-video-preview":"max-video-preview:-1"},"canonical":"https:\/\/zahoramizadolami.sk\/pusty-hrad\/","og_locale":"en_US","og_type":"article","og_title":"Pust\u00fd hrad Castle - Za horami, za dolami v Banskobystrickom kraji","og_description":"[vc_row css_animation=&#8221;&#8221; row_type=&#8221;row&#8221; use_row_as_full_screen_section=&#8221;no&#8221; type=&#8221;full_width&#8221; angled_section=&#8221;no&#8221; text_align=&#8221;left&#8221; background_image=&#8221;1190&#8243; background_image_as_pattern=&#8221;without_pattern&#8221; el_id=&#8221;top-image&#8221; z_index=&#8221;&#8221;][vc_column][\/vc_column][\/vc_row][vc_row css_animation=&#8221;&#8221; row_type=&#8221;row&#8221; use_row_as_full_screen_section=&#8221;no&#8221; type=&#8221;grid&#8221; angled_section=&#8221;no&#8221; text_align=&#8221;left&#8221; background_image_as_pattern=&#8221;without_pattern&#8221; background_color=&#8221;#ffffff&#8221; z_index=&#8221;&#8221;][vc_column width=&#8221;1\/6&#8243; el_class=&#8221;detail-top&#8221;][\/vc_column][vc_column width=&#8221;2\/3&#8243; el_class=&#8221;detail-top&#8221;][vc_empty_space height=&#8221;35px&#8221;][vc_column_text] Pust\u00fd hrad Castle [\/vc_column_text][vc_empty_space height=&#8221;35px&#8221;][vc_column_text]Patril som k elite najd\u00f4le\u017eitej\u0161\u00edch s\u00eddiel uhorsk\u00fdch kr\u00e1\u013eov a od polovice 12. storo\u010dia som bol dokonca...","og_url":"https:\/\/zahoramizadolami.sk\/pusty-hrad\/","og_site_name":"Za horami, za dolami v Banskobystrickom kraji","article_publisher":"https:\/\/www.facebook.com\/zahoramizadolami.sk\/","article_modified_time":"2022-03-08T20:34:58+00:00","twitter_card":"summary_large_image","twitter_misc":{"Est. reading time":"7 minutes"},"schema":{"@context":"https:\/\/schema.org","@graph":[{"@type":"WebPage","@id":"https:\/\/zahoramizadolami.sk\/pusty-hrad\/","url":"https:\/\/zahoramizadolami.sk\/pusty-hrad\/","name":"Pust\u00fd hrad Castle - Za horami, za dolami v Banskobystrickom kraji","isPartOf":{"@id":"https:\/\/zahoramizadolami.sk\/#website"},"datePublished":"2020-04-27T10:32:07+00:00","dateModified":"2022-03-08T20:34:58+00:00","breadcrumb":{"@id":"https:\/\/zahoramizadolami.sk\/pusty-hrad\/#breadcrumb"},"inLanguage":"en-US","potentialAction":[{"@type":"ReadAction","target":["https:\/\/zahoramizadolami.sk\/pusty-hrad\/"]}]},{"@type":"BreadcrumbList","@id":"https:\/\/zahoramizadolami.sk\/pusty-hrad\/#breadcrumb","itemListElement":[{"@type":"ListItem","position":1,"name":"Home","item":"https:\/\/zahoramizadolami.sk\/en\/"},{"@type":"ListItem","position":2,"name":"Pust\u00fd hrad Castle"}]},{"@type":"WebSite","@id":"https:\/\/zahoramizadolami.sk\/#website","url":"https:\/\/zahoramizadolami.sk\/","name":"Za horami, za dolami v Banskobystrickom kraji","description":"Za horami, za dolami, bol raz jeden Banskobystrick\u00fd kraj.","potentialAction":[{"@type":"SearchAction","target":{"@type":"EntryPoint","urlTemplate":"https:\/\/zahoramizadolami.sk\/?s={search_term_string}"},"query-input":{"@type":"PropertyValueSpecification","valueRequired":true,"valueName":"search_term_string"}}],"inLanguage":"en-US"}]}},"_links":{"self":[{"href":"https:\/\/zahoramizadolami.sk\/en\/wp-json\/wp\/v2\/pages\/42120","targetHints":{"allow":["GET"]}}],"collection":[{"href":"https:\/\/zahoramizadolami.sk\/en\/wp-json\/wp\/v2\/pages"}],"about":[{"href":"https:\/\/zahoramizadolami.sk\/en\/wp-json\/wp\/v2\/types\/page"}],"author":[{"embeddable":true,"href":"https:\/\/zahoramizadolami.sk\/en\/wp-json\/wp\/v2\/users\/10"}],"replies":[{"embeddable":true,"href":"https:\/\/zahoramizadolami.sk\/en\/wp-json\/wp\/v2\/comments?post=42120"}],"version-history":[{"count":0,"href":"https:\/\/zahoramizadolami.sk\/en\/wp-json\/wp\/v2\/pages\/42120\/revisions"}],"wp:attachment":[{"href":"https:\/\/zahoramizadolami.sk\/en\/wp-json\/wp\/v2\/media?parent=42120"}],"curies":[{"name":"wp","href":"https:\/\/api.w.org\/{rel}","templated":true}]}}