{"id":44737,"date":"2021-01-10T21:58:51","date_gmt":"2021-01-10T20:58:51","guid":{"rendered":"https:\/\/www.zahoramizadolami.sk\/?page_id=44737"},"modified":"2022-09-13T08:56:46","modified_gmt":"2022-09-13T06:56:46","slug":"gothic-route","status":"publish","type":"page","link":"https:\/\/zahoramizadolami.sk\/en\/gothic-route\/","title":{"rendered":"Gothic Route"},"content":{"rendered":"<div class=\"wpb-content-wrapper\"><p>[vc_row css_animation=&#8221;&#8221; row_type=&#8221;row&#8221; use_row_as_full_screen_section=&#8221;no&#8221; type=&#8221;full_width&#8221; angled_section=&#8221;no&#8221; text_align=&#8221;left&#8221; background_image_as_pattern=&#8221;without_pattern&#8221; z_index=&#8221;1&#8243;][vc_column][vc_row_inner row_type=&#8221;row&#8221; type=&#8221;full_width&#8221; text_align=&#8221;center&#8221; padding_top=&#8221;250&#8243; padding_bottom=&#8221;250&#8243; css_animation=&#8221;&#8221; el_class=&#8221;pribehy-row&#8221; css=&#8221;.vc_custom_1610309838204{background-image: url(https:\/\/zahoramizadolami.sk\/wp-content\/uploads\/2021\/01\/Kocelovce-01-FHD.jpg?id=13736) !important;}&#8221;][vc_column_inner][vc_column_text el_class=&#8221;spoznaj-region-title&#8221;]<\/p>\n<h1 style=\"text-shadow: #000000 2px 2px 5px; text-align: center;\"><span style=\"color: #ffffff;\">Gothic Route<br \/>\nGEMER and MALOHONT subregions<br \/>\n<\/span><\/h1>\n<p>[\/vc_column_text][\/vc_column_inner][\/vc_row_inner][\/vc_column][\/vc_row][vc_row css_animation=&#8221;&#8221; row_type=&#8221;row&#8221; use_row_as_full_screen_section=&#8221;no&#8221; type=&#8221;full_width&#8221; angled_section=&#8221;no&#8221; text_align=&#8221;left&#8221; background_image_as_pattern=&#8221;without_pattern&#8221;][vc_column el_class=&#8221;hearth&#8221;][vc_single_image image=&#8221;24&#8243; img_size=&#8221;full&#8221; alignment=&#8221;center&#8221; qode_css_animation=&#8221;&#8221; css=&#8221;.vc_custom_1662393720766{margin-top: -12px !important;}&#8221;][\/vc_column][\/vc_row][vc_row css_animation=&#8221;&#8221; row_type=&#8221;row&#8221; use_row_as_full_screen_section=&#8221;no&#8221; type=&#8221;grid&#8221; angled_section=&#8221;no&#8221; text_align=&#8221;left&#8221; background_image_as_pattern=&#8221;without_pattern&#8221; padding_top=&#8221;80&#8243; z_index=&#8221;&#8221;][vc_column width=&#8221;1\/6&#8243;][\/vc_column][vc_column width=&#8221;2\/3&#8243;][vc_column_text el_class=&#8221;title-with-image&#8221;]<\/p>\n<h2>Gothic Route<\/h2>\n<p>[\/vc_column_text][vc_row_inner row_type=&#8221;row&#8221; type=&#8221;full_width&#8221; text_align=&#8221;left&#8221; css_animation=&#8221;&#8221;][vc_column_inner][vc_empty_space height=&#8221;30px&#8221;][vc_column_text css=&#8221;.vc_custom_1662393933248{margin-bottom: 40px !important;}&#8221;]Today&#8217;s <strong>Gemer<\/strong> and <strong>Malohont<\/strong> subregions were called the <strong>&#8220;Iron Heart of Hungary&#8221;<\/strong> in the past. After the great fame of the rich and prosperous region, an unprecedented silence reigned herein. Noisy mining machines and noble feasts have passed, not even the sound of weapons and neighing of horses can be heard. So as the whole region was pricked by a cursed spindle and fell asleep just like Sleeping Beauty in the fairy tale. Fortunately, unprecedented wealth remained here from the region&#8217;s bloom.<\/p>\n<p><strong>The beautiful churches and their unique murals are still the undiscovered pride not only of the Gemer-Malohont region, but also of the whole of Slovakia.<\/strong><\/p>\n<p>&nbsp;<\/p>\n<p><strong>Come to discover them with us, it\u2019s worth it!<\/strong>[\/vc_column_text][vc_single_image image=&#8221;13775&#8243; img_size=&#8221;full&#8221; qode_css_animation=&#8221;&#8221;][vc_empty_space][\/vc_column_inner][\/vc_row_inner][vc_single_image image=&#8221;83&#8243; img_size=&#8221;full&#8221; alignment=&#8221;center&#8221; qode_css_animation=&#8221;&#8221; el_class=&#8221;my-divider&#8221;][vc_empty_space height=&#8221;50px&#8221;][vc_column_text css=&#8221;.vc_custom_1662393953120{margin-bottom: 40px !important;}&#8221;]Churches are not ordinarily open to the public. However, they open their doors regularly during organized events. Some of the churches have fixed opening hours during the summer season.[\/vc_column_text][vc_column_text css=&#8221;.vc_custom_1662394010812{margin-bottom: 40px !important;}&#8221;]We will keep you informed about planned events and possibility to visit the temples as well as opening hours during the summer season as soon as we have up-to-date information.<br \/>\nFollow us on our website or our Facebook <strong><a href=\"https:\/\/www.facebook.com\/zahoramizadolami.sk\/\" target=\"_blank\" rel=\"noopener noreferrer\">Za horami, za dolami<\/a><\/strong>[\/vc_column_text][vc_gallery type=&#8221;image_grid&#8221; images=&#8221;13760,13748,13718&#8243; img_size=&#8221;full&#8221; column_number=&#8221;3&#8243; grayscale=&#8221;no&#8221; images_space=&#8221;gallery_with_space&#8221;][vc_empty_space height=&#8221;50px&#8221;][vc_single_image image=&#8221;83&#8243; img_size=&#8221;full&#8221; alignment=&#8221;center&#8221; qode_css_animation=&#8221;&#8221; el_class=&#8221;my-divider&#8221;][vc_empty_space height=&#8221;50px&#8221;][vc_column_text css=&#8221;.vc_custom_1662394040037{margin-bottom: 40px !important;}&#8221;]<strong>The Gothic Route is made up of 4 circuits:<\/strong> \u0160t\u00edtnik circuit, Jel\u0161ava circuit, Rimava circuit, Ro\u017e\u0148ava circuit[\/vc_column_text][vc_column_text css=&#8221;.vc_custom_1662394103040{margin-bottom: 40px !important;}&#8221;]In the map below, we bring you a set of 12 medieval churches of the Gemer-Malohont Gothic Route,<br \/>\nholder of the European Heritage Label:<\/p>\n<ul>\n<li><strong>\u0160t\u00edtnik circuit<\/strong>: \u0160t\u00edtnik, Ochtin\u00e1, Koce\u013eovce, Ple\u0161ivec<\/li>\n<li><strong>Jel\u0161ava circuit<\/strong>: Chy\u017en\u00e9, Kame\u0148any, R\u00e1ko\u0161, \u0160ivetice<\/li>\n<li><strong>Rimava circuit<\/strong>: Kraskovo, Kyjatice, Rimavsk\u00e1 Ba\u0148a, Rimavsk\u00e9 Brezovo<\/li>\n<\/ul>\n<p>[\/vc_column_text][vc_column_text css=&#8221;.vc_custom_1662394166641{margin-bottom: 40px !important;}&#8221;]<strong>Detailed information about individual churches<\/strong> can be found by clicking on the individual circuits and then clicking on the map part of the given circuit in the interactive map of Outdoor Active. After opening the detailed <strong>map of circuit<\/strong> and clicking on a specific <strong>church<\/strong>, the required information will be displayed.[\/vc_column_text][\/vc_column][vc_column width=&#8221;1\/6&#8243;][\/vc_column][\/vc_row][vc_row css_animation=&#8221;&#8221; row_type=&#8221;row&#8221; use_row_as_full_screen_section=&#8221;no&#8221; type=&#8221;full_width&#8221; angled_section=&#8221;no&#8221; text_align=&#8221;left&#8221; background_image_as_pattern=&#8221;without_pattern&#8221; side_padding=&#8221;10&#8243; z_index=&#8221;&#8221;][vc_column][vc_empty_space height=&#8221;80px&#8221;][vc_raw_html]JTNDZGl2JTNFJTBBJTIwJTIwJTIwJTIwJTNDZGl2JTIwY2xhc3MlM0QlMjJvYXgtdG9wLWNvbnQlMjIlM0UlMEElMEElM0NzY3JpcHQlMjB0eXBlJTNEJTIydGV4dCUyRmphdmFzY3JpcHQlMjIlMjBhc3luYyUzRSUwQSUyMCUyMCUyMCUyMCUyMCUyMCUwOWRvY3VtZW50LmFkZEV2ZW50TGlzdGVuZXIlMjglMjJET01Db250ZW50TG9hZGVkJTIyJTJDJTIwZnVuY3Rpb24lMjglMjklMjAlN0IlMEElMDklMDklMDl2YXIlMjBjb25mJTIwJTNEJTIwJTdCJTBBJTA5JTA5JTA5JTA5ZnJvbnRlbmR0eXBlJTNBJTIwJTIwJTIwJTIydG91ciUyMiUyQyUyMCUyMCUyMCUyMCUyMCUyMCUyMCUyMCUyMCUyMCUyRiUyRiUyMGNob29zZSUyMGNvbnRlbnQlMjB0eXBlJTBBJTA5JTA5JTA5JTA5em9vbSUzQSUyMCUyMCUyMCUyMCUyMCUyMCUyMCUyMCUyMCUyMCUyMDExJTJDJTIwJTIwJTIwJTIwJTIwJTIwJTIwJTIwJTIwJTIwJTIwJTIwJTIwJTIwJTJGJTJGJTIwc2V0JTIwaW5pdGlhbCUyMHpvb20lMjBsZXZlbCUwQSUwOSUwOSUwOSUwOWNlbnRlciUzQSUyMCUyMCUyMCUyMCUyMCUyMCUyMCU1QiUyMDIwLjIwODY2JTJDNDguNjA1MjIlMjAlNUQlMjAlMkYlMkYlMjBzZXQlMjBpbml0aWFsJTIwbWFwJTIwY2VudGVyJTBBJTA5JTA5JTA5JTdEJTNCJTBBJTA5JTA5JTA5Y29uZi5jZmclMjAlM0QlMjAlN0IlMEElMDklMDklMDklMDklMjJ3aGF0JTIyJTNBJTIwJTdCJTBBJTA5JTA5JTA5JTA5JTIyc2VsZWN0ZWRfaW5pdCUyMiUzQSUyMCUyMk1vdG9yaXplZCUyMHRvdXJzLW1haW4lMjIlMEElMDklMDklMDklMDklN0QlMEElMDklMDklMDklN0QlM0IlMEF2YXIlMjBmdnAlMjAlM0QlMjBvYS5hcGkuZmxleHZpZXdwYWdlJTI4Y29uZiUyOSUzQiUwOSUwQSUwOSUwOSU3RCUyOSUzQiUwQXZhciUyMGhhc2glMjAlM0QlMjB3aW5kb3cubG9jYXRpb24uaGFzaCUyQyUyMCUyRiUyRmdldCUyMHRoZSUyMGhhc2glMjBmcm9tJTIwdXJsJTBBJTIwJTIwJTIwJTIwY2xlYW5oYXNoJTIwJTNEJTIwaGFzaC5yZXBsYWNlJTI4JTIyJTIzJTIyJTJDJTIwJTIyJTIyJTI5JTNCJTIwJTJGJTJGcmVtb3ZlJTIwdGhlJTIwJTIzJTBBJTIwJTIwJTIwJTIwJTJGJTJGYWxlcnQlMjhjbGVhbmhhc2glMjklM0IlMEElMjAlMjAlMjAlMjAlM0MlMkZzY3JpcHQlM0UlMDklMEElM0MlMkZkaXYlM0U=[\/vc_raw_html][\/vc_column][\/vc_row][vc_row css_animation=&#8221;&#8221; row_type=&#8221;row&#8221; use_row_as_full_screen_section=&#8221;no&#8221; type=&#8221;grid&#8221; angled_section=&#8221;no&#8221; text_align=&#8221;left&#8221; background_image_as_pattern=&#8221;without_pattern&#8221; padding_top=&#8221;80&#8243; z_index=&#8221;&#8221;][vc_column width=&#8221;1\/6&#8243;][\/vc_column][vc_column width=&#8221;2\/3&#8243;][vc_column_text el_class=&#8221;title-with-image&#8221;]<\/p>\n<h2>European Heritage Label<\/h2>\n<p>[\/vc_column_text][vc_row_inner row_type=&#8221;row&#8221; type=&#8221;full_width&#8221; text_align=&#8221;left&#8221; css_animation=&#8221;&#8221;][vc_column_inner][vc_empty_space height=&#8221;30px&#8221;][vc_column_text css=&#8221;.vc_custom_1662476577747{margin-bottom: 40px !important;}&#8221;]The subregion Gemer is full of undiscovered gems. One of them are medieval wall paintings in churches created by the Italian fresco technique. Our aim is to gain the European Heritage label for 12 sites with medieval frescoes. The label presents to the public those monuments that took an important role in the building and development of Europe.[\/vc_column_text][vc_column_text css=&#8221;.vc_custom_1662476592987{margin-bottom: 40px !important;}&#8221;]Prosperous mining and local aristocrats with contacts all over the Europe caused that many nationalities were meeting on then territory of Gemer: German miners, Wallachians, Hungarian aristocrats and even Italian artists.[\/vc_column_text][vc_single_image image=&#8221;13795&#8243; img_size=&#8221;full&#8221; alignment=&#8221;center&#8221; qode_css_animation=&#8221;&#8221;][vc_empty_space height=&#8221;40px&#8221;][vc_column_text css=&#8221;.vc_custom_1662476564592{margin-bottom: 40px !important;}&#8221;]The Bebek family invited them to the region to decorate the churches in Ple\u0161ivec and \u0160t\u00edtnik. These churches then became a model for other home craftsmen and artists who also decorated the other churches and thus created a unique collection of art, which is rarely found beyond the Alps except in old Hungary. The unique paintings are by experts declared as frescoes of the Italian school.<br \/>\nSome scenes can be found only in churches in Gemer and in Italy, nowhere else.[\/vc_column_text][vc_column_text css=&#8221;.vc_custom_1662476682657{margin-bottom: 40px !important;}&#8221;]For more information visit:\u00a0 <a href=\"http:\/\/gotickacesta.sk\/en\/\" target=\"_blank\" rel=\"noopener noreferrer\"><strong>www.gotickacesta.sk<\/strong><\/a>[\/vc_column_text][\/vc_column_inner][\/vc_row_inner][vc_single_image image=&#8221;83&#8243; img_size=&#8221;full&#8221; alignment=&#8221;center&#8221; qode_css_animation=&#8221;&#8221; el_class=&#8221;my-divider&#8221; css=&#8221;.vc_custom_1662449501572{padding-top: 24px !important;padding-bottom: 24px !important;}&#8221;][\/vc_column][vc_column width=&#8221;1\/6&#8243;][\/vc_column][\/vc_row][vc_row css_animation=&#8221;&#8221; row_type=&#8221;row&#8221; use_row_as_full_screen_section=&#8221;no&#8221; type=&#8221;grid&#8221; angled_section=&#8221;no&#8221; text_align=&#8221;left&#8221; background_image_as_pattern=&#8221;without_pattern&#8221; padding_top=&#8221;80&#8243; z_index=&#8221;&#8221;][vc_column width=&#8221;1\/6&#8243;][\/vc_column][vc_column width=&#8221;2\/3&#8243;][vc_column_text]<\/p>\n<h2 style=\"text-align: center;\">Frescoes of Gemer and Malohont<\/h2>\n<p>[\/vc_column_text][vc_row_inner row_type=&#8221;row&#8221; type=&#8221;full_width&#8221; text_align=&#8221;left&#8221; css_animation=&#8221;&#8221;][vc_column_inner][vc_empty_space height=&#8221;30px&#8221;][vc_column_text]<\/p>\n<p style=\"text-align: center;\">Implemented with the financial support of International Visegrad Fund<\/p>\n<p>[\/vc_column_text][vc_single_image image=&#8221;41280&#8243; img_size=&#8221;medium&#8221; alignment=&#8221;center&#8221; onclick=&#8221;custom_link&#8221; img_link_target=&#8221;_blank&#8221; qode_css_animation=&#8221;&#8221; link=&#8221;https:\/\/www.visegradfund.org\/&#8221; css=&#8221;.vc_custom_1662449423488{padding-top: 30px !important;padding-bottom: 30px !important;}&#8221;][vc_column_text]<\/p>\n<p style=\"text-align: center;\">IMPLEMENTATION PERIOD: 01\/10\/2022- 29\/02\/2024<\/p>\n<p>[\/vc_column_text][vc_empty_space height=&#8221;30px&#8221;][vc_column_text css=&#8221;.vc_custom_1662928628900{margin-bottom: 40px !important;}&#8221;]<\/p>\n<h3 style=\"text-align: center;\">Short description of the project<\/h3>\n<p style=\"text-align: center;\">The project will build on the successful nomination of medieval murals by 12 rural churches in the Gemer and Malohont regions for the European Heritage Label. The main idea is to create a current presentation of historical heritage , which will be safer for the monuments , but also economically and environmentally sustainable. With a socially responsible presentation, we will focus on the involvement of the local community and cooperation with national and international institutions. The project targets young people, virtual visitors and locals to create a positive relationship with the region.<\/p>\n<p>[\/vc_column_text][vc_column_text css=&#8221;.vc_custom_1663052160671{margin-bottom: 40px !important;}&#8221;]<\/p>\n<h3 style=\"text-align: center;\">Project partners<\/h3>\n<p style=\"text-align: center;\">Association Gotick\u00e1 cesta <a href=\"http:\/\/gotickacesta.sk\/en\/\" target=\"_blank\" rel=\"noopener\">www.gotickacesta.sk<\/a><\/p>\n<p style=\"text-align: center;\">OLOMOUC MUSEUM OF ART, Archdiocesan Museum <a href=\"https:\/\/www.muo.cz\/en\/\" target=\"_blank\" rel=\"noopener\">www.muo.cz<\/a><\/p>\n<p style=\"text-align: center;\">Federation of Jewish communities ofHungary, Doh\u00e1ny Street Synagogue Complex <a href=\"http:\/\/www.dohany-zsinagoga.hu\/\" target=\"_blank\" rel=\"noopener\">www.dohany-zsinagoga.hu<\/a><\/p>\n<p style=\"text-align: center;\">Regional destination management organization GEMER <a href=\"https:\/\/www.regiongemer.sk\/\" target=\"_blank\" rel=\"noopener\">www.regiongemer.sk<\/a><\/p>\n<p>[\/vc_column_text][vc_column_text css=&#8221;.vc_custom_1663052182360{margin-bottom: 40px !important;}&#8221;]<\/p>\n<h3 style=\"text-align: center;\">Professional supervision<\/h3>\n<p style=\"text-align: center;\">Monument Office ofthe Slovak Republic <a href=\"https:\/\/www.pamiatky.sk\/\" target=\"_blank\" rel=\"noopener\">www.pamiatky.sk<\/a><\/p>\n<p>[\/vc_column_text][\/vc_column_inner][\/vc_row_inner][vc_single_image image=&#8221;83&#8243; img_size=&#8221;full&#8221; alignment=&#8221;center&#8221; qode_css_animation=&#8221;&#8221; el_class=&#8221;my-divider&#8221; css=&#8221;.vc_custom_1662448926546{padding-top: 40px !important;padding-bottom: 80px !important;}&#8221;][\/vc_column][vc_column width=&#8221;1\/6&#8243;][\/vc_column][\/vc_row][vc_row css_animation=&#8221;&#8221; row_type=&#8221;row&#8221; use_row_as_full_screen_section=&#8221;no&#8221; type=&#8221;full_width&#8221; angled_section=&#8221;no&#8221; text_align=&#8221;left&#8221; background_image_as_pattern=&#8221;without_pattern&#8221; z_index=&#8221;1&#8243;][vc_column][vc_gallery type=&#8221;image_grid&#8221; images=&#8221;13778,13769,13772,13760,13733,13739,13742,13748,13718,13715&#8243; img_size=&#8221;400&#215;250&#8243; column_number=&#8221;5&#8243; grayscale=&#8221;no&#8221; images_space=&#8221;gallery_without_space&#8221;][\/vc_column][\/vc_row]<\/p>\n<\/div>","protected":false},"excerpt":{"rendered":"<p>[vc_row css_animation=&#8221;&#8221; row_type=&#8221;row&#8221; use_row_as_full_screen_section=&#8221;no&#8221; type=&#8221;full_width&#8221; angled_section=&#8221;no&#8221; text_align=&#8221;left&#8221; background_image_as_pattern=&#8221;without_pattern&#8221; z_index=&#8221;1&#8243;][vc_column][vc_row_inner row_type=&#8221;row&#8221; type=&#8221;full_width&#8221; text_align=&#8221;center&#8221; padding_top=&#8221;250&#8243; padding_bottom=&#8221;250&#8243; css_animation=&#8221;&#8221; el_class=&#8221;pribehy-row&#8221; css=&#8221;.vc_custom_1610309838204{background-image: url(https:\/\/zahoramizadolami.sk\/wp-content\/uploads\/2021\/01\/Kocelovce-01-FHD.jpg?id=13736) !important;}&#8221;][vc_column_inner][vc_column_text el_class=&#8221;spoznaj-region-title&#8221;] Gothic Route GEMER and MALOHONT subregions [\/vc_column_text][\/vc_column_inner][\/vc_row_inner][\/vc_column][\/vc_row][vc_row css_animation=&#8221;&#8221; row_type=&#8221;row&#8221; use_row_as_full_screen_section=&#8221;no&#8221; type=&#8221;full_width&#8221; angled_section=&#8221;no&#8221; text_align=&#8221;left&#8221; background_image_as_pattern=&#8221;without_pattern&#8221;][vc_column el_class=&#8221;hearth&#8221;][vc_single_image image=&#8221;24&#8243; img_size=&#8221;full&#8221; alignment=&#8221;center&#8221; qode_css_animation=&#8221;&#8221; css=&#8221;.vc_custom_1662393720766{margin-top: -12px !important;}&#8221;][\/vc_column][\/vc_row][vc_row css_animation=&#8221;&#8221; row_type=&#8221;row&#8221; use_row_as_full_screen_section=&#8221;no&#8221;&#8230;<\/p>\n","protected":false},"author":10,"featured_media":0,"parent":0,"menu_order":0,"comment_status":"closed","ping_status":"closed","template":"full_width.php","meta":{"inline_featured_image":false,"footnotes":""},"class_list":["post-44737","page","type-page","status-publish","hentry"],"yoast_head":"<!-- This site is optimized with the Yoast SEO plugin v25.0 - https:\/\/yoast.com\/wordpress\/plugins\/seo\/ -->\n<title>Gothic Route - Za horami, za dolami v Banskobystrickom kraji<\/title>\n<meta name=\"robots\" content=\"index, follow, max-snippet:-1, max-image-preview:large, max-video-preview:-1\" \/>\n<link rel=\"canonical\" href=\"https:\/\/zahoramizadolami.sk\/goticka-cesta\/\" \/>\n<meta property=\"og:locale\" content=\"en_US\" \/>\n<meta property=\"og:type\" content=\"article\" \/>\n<meta property=\"og:title\" content=\"Gothic Route - Za horami, za dolami v Banskobystrickom kraji\" \/>\n<meta property=\"og:description\" content=\"[vc_row css_animation=&#8221;&#8221; row_type=&#8221;row&#8221; use_row_as_full_screen_section=&#8221;no&#8221; type=&#8221;full_width&#8221; angled_section=&#8221;no&#8221; text_align=&#8221;left&#8221; background_image_as_pattern=&#8221;without_pattern&#8221; z_index=&#8221;1&#8243;][vc_column][vc_row_inner row_type=&#8221;row&#8221; type=&#8221;full_width&#8221; text_align=&#8221;center&#8221; padding_top=&#8221;250&#8243; padding_bottom=&#8221;250&#8243; css_animation=&#8221;&#8221; el_class=&#8221;pribehy-row&#8221; css=&#8221;.vc_custom_1610309838204{background-image: url(https:\/\/zahoramizadolami.sk\/wp-content\/uploads\/2021\/01\/Kocelovce-01-FHD.jpg?id=13736) !important;}&#8221;][vc_column_inner][vc_column_text el_class=&#8221;spoznaj-region-title&#8221;] Gothic Route GEMER and MALOHONT subregions [\/vc_column_text][\/vc_column_inner][\/vc_row_inner][\/vc_column][\/vc_row][vc_row css_animation=&#8221;&#8221; row_type=&#8221;row&#8221; use_row_as_full_screen_section=&#8221;no&#8221; type=&#8221;full_width&#8221; angled_section=&#8221;no&#8221; text_align=&#8221;left&#8221; background_image_as_pattern=&#8221;without_pattern&#8221;][vc_column el_class=&#8221;hearth&#8221;][vc_single_image image=&#8221;24&#8243; img_size=&#8221;full&#8221; alignment=&#8221;center&#8221; qode_css_animation=&#8221;&#8221; css=&#8221;.vc_custom_1662393720766{margin-top: -12px !important;}&#8221;][\/vc_column][\/vc_row][vc_row css_animation=&#8221;&#8221; row_type=&#8221;row&#8221; use_row_as_full_screen_section=&#8221;no&#8221;...\" \/>\n<meta property=\"og:url\" content=\"https:\/\/zahoramizadolami.sk\/goticka-cesta\/\" \/>\n<meta property=\"og:site_name\" content=\"Za horami, za dolami v Banskobystrickom kraji\" \/>\n<meta property=\"article:publisher\" content=\"https:\/\/www.facebook.com\/zahoramizadolami.sk\/\" \/>\n<meta property=\"article:modified_time\" content=\"2022-09-13T06:56:46+00:00\" \/>\n<meta name=\"twitter:card\" content=\"summary_large_image\" \/>\n<meta name=\"twitter:label1\" content=\"Est. reading time\" \/>\n\t<meta name=\"twitter:data1\" content=\"5 minutes\" \/>\n<script type=\"application\/ld+json\" class=\"yoast-schema-graph\">{\"@context\":\"https:\/\/schema.org\",\"@graph\":[{\"@type\":\"WebPage\",\"@id\":\"https:\/\/zahoramizadolami.sk\/goticka-cesta\/\",\"url\":\"https:\/\/zahoramizadolami.sk\/goticka-cesta\/\",\"name\":\"Gothic Route - Za horami, za dolami v Banskobystrickom kraji\",\"isPartOf\":{\"@id\":\"https:\/\/zahoramizadolami.sk\/#website\"},\"datePublished\":\"2021-01-10T20:58:51+00:00\",\"dateModified\":\"2022-09-13T06:56:46+00:00\",\"breadcrumb\":{\"@id\":\"https:\/\/zahoramizadolami.sk\/goticka-cesta\/#breadcrumb\"},\"inLanguage\":\"en-US\",\"potentialAction\":[{\"@type\":\"ReadAction\",\"target\":[\"https:\/\/zahoramizadolami.sk\/goticka-cesta\/\"]}]},{\"@type\":\"BreadcrumbList\",\"@id\":\"https:\/\/zahoramizadolami.sk\/goticka-cesta\/#breadcrumb\",\"itemListElement\":[{\"@type\":\"ListItem\",\"position\":1,\"name\":\"Home\",\"item\":\"https:\/\/zahoramizadolami.sk\/en\/\"},{\"@type\":\"ListItem\",\"position\":2,\"name\":\"Gothic Route\"}]},{\"@type\":\"WebSite\",\"@id\":\"https:\/\/zahoramizadolami.sk\/#website\",\"url\":\"https:\/\/zahoramizadolami.sk\/\",\"name\":\"Za horami, za dolami v Banskobystrickom kraji\",\"description\":\"Za horami, za dolami, bol raz jeden Banskobystrick\u00fd kraj.\",\"potentialAction\":[{\"@type\":\"SearchAction\",\"target\":{\"@type\":\"EntryPoint\",\"urlTemplate\":\"https:\/\/zahoramizadolami.sk\/?s={search_term_string}\"},\"query-input\":{\"@type\":\"PropertyValueSpecification\",\"valueRequired\":true,\"valueName\":\"search_term_string\"}}],\"inLanguage\":\"en-US\"}]}<\/script>\n<!-- \/ Yoast SEO plugin. -->","yoast_head_json":{"title":"Gothic Route - Za horami, za dolami v Banskobystrickom kraji","robots":{"index":"index","follow":"follow","max-snippet":"max-snippet:-1","max-image-preview":"max-image-preview:large","max-video-preview":"max-video-preview:-1"},"canonical":"https:\/\/zahoramizadolami.sk\/goticka-cesta\/","og_locale":"en_US","og_type":"article","og_title":"Gothic Route - Za horami, za dolami v Banskobystrickom kraji","og_description":"[vc_row css_animation=&#8221;&#8221; row_type=&#8221;row&#8221; use_row_as_full_screen_section=&#8221;no&#8221; type=&#8221;full_width&#8221; angled_section=&#8221;no&#8221; text_align=&#8221;left&#8221; background_image_as_pattern=&#8221;without_pattern&#8221; z_index=&#8221;1&#8243;][vc_column][vc_row_inner row_type=&#8221;row&#8221; type=&#8221;full_width&#8221; text_align=&#8221;center&#8221; padding_top=&#8221;250&#8243; padding_bottom=&#8221;250&#8243; css_animation=&#8221;&#8221; el_class=&#8221;pribehy-row&#8221; css=&#8221;.vc_custom_1610309838204{background-image: url(https:\/\/zahoramizadolami.sk\/wp-content\/uploads\/2021\/01\/Kocelovce-01-FHD.jpg?id=13736) !important;}&#8221;][vc_column_inner][vc_column_text el_class=&#8221;spoznaj-region-title&#8221;] Gothic Route GEMER and MALOHONT subregions [\/vc_column_text][\/vc_column_inner][\/vc_row_inner][\/vc_column][\/vc_row][vc_row css_animation=&#8221;&#8221; row_type=&#8221;row&#8221; use_row_as_full_screen_section=&#8221;no&#8221; type=&#8221;full_width&#8221; angled_section=&#8221;no&#8221; text_align=&#8221;left&#8221; background_image_as_pattern=&#8221;without_pattern&#8221;][vc_column el_class=&#8221;hearth&#8221;][vc_single_image image=&#8221;24&#8243; img_size=&#8221;full&#8221; alignment=&#8221;center&#8221; qode_css_animation=&#8221;&#8221; css=&#8221;.vc_custom_1662393720766{margin-top: -12px !important;}&#8221;][\/vc_column][\/vc_row][vc_row css_animation=&#8221;&#8221; row_type=&#8221;row&#8221; use_row_as_full_screen_section=&#8221;no&#8221;...","og_url":"https:\/\/zahoramizadolami.sk\/goticka-cesta\/","og_site_name":"Za horami, za dolami v Banskobystrickom kraji","article_publisher":"https:\/\/www.facebook.com\/zahoramizadolami.sk\/","article_modified_time":"2022-09-13T06:56:46+00:00","twitter_card":"summary_large_image","twitter_misc":{"Est. reading time":"5 minutes"},"schema":{"@context":"https:\/\/schema.org","@graph":[{"@type":"WebPage","@id":"https:\/\/zahoramizadolami.sk\/goticka-cesta\/","url":"https:\/\/zahoramizadolami.sk\/goticka-cesta\/","name":"Gothic Route - Za horami, za dolami v Banskobystrickom kraji","isPartOf":{"@id":"https:\/\/zahoramizadolami.sk\/#website"},"datePublished":"2021-01-10T20:58:51+00:00","dateModified":"2022-09-13T06:56:46+00:00","breadcrumb":{"@id":"https:\/\/zahoramizadolami.sk\/goticka-cesta\/#breadcrumb"},"inLanguage":"en-US","potentialAction":[{"@type":"ReadAction","target":["https:\/\/zahoramizadolami.sk\/goticka-cesta\/"]}]},{"@type":"BreadcrumbList","@id":"https:\/\/zahoramizadolami.sk\/goticka-cesta\/#breadcrumb","itemListElement":[{"@type":"ListItem","position":1,"name":"Home","item":"https:\/\/zahoramizadolami.sk\/en\/"},{"@type":"ListItem","position":2,"name":"Gothic Route"}]},{"@type":"WebSite","@id":"https:\/\/zahoramizadolami.sk\/#website","url":"https:\/\/zahoramizadolami.sk\/","name":"Za horami, za dolami v Banskobystrickom kraji","description":"Za horami, za dolami, bol raz jeden Banskobystrick\u00fd kraj.","potentialAction":[{"@type":"SearchAction","target":{"@type":"EntryPoint","urlTemplate":"https:\/\/zahoramizadolami.sk\/?s={search_term_string}"},"query-input":{"@type":"PropertyValueSpecification","valueRequired":true,"valueName":"search_term_string"}}],"inLanguage":"en-US"}]}},"_links":{"self":[{"href":"https:\/\/zahoramizadolami.sk\/en\/wp-json\/wp\/v2\/pages\/44737","targetHints":{"allow":["GET"]}}],"collection":[{"href":"https:\/\/zahoramizadolami.sk\/en\/wp-json\/wp\/v2\/pages"}],"about":[{"href":"https:\/\/zahoramizadolami.sk\/en\/wp-json\/wp\/v2\/types\/page"}],"author":[{"embeddable":true,"href":"https:\/\/zahoramizadolami.sk\/en\/wp-json\/wp\/v2\/users\/10"}],"replies":[{"embeddable":true,"href":"https:\/\/zahoramizadolami.sk\/en\/wp-json\/wp\/v2\/comments?post=44737"}],"version-history":[{"count":0,"href":"https:\/\/zahoramizadolami.sk\/en\/wp-json\/wp\/v2\/pages\/44737\/revisions"}],"wp:attachment":[{"href":"https:\/\/zahoramizadolami.sk\/en\/wp-json\/wp\/v2\/media?parent=44737"}],"curies":[{"name":"wp","href":"https:\/\/api.w.org\/{rel}","templated":true}]}}