{"id":46992,"date":"2020-12-13T23:35:22","date_gmt":"2020-12-13T22:35:22","guid":{"rendered":"https:\/\/www.zahoramizadolami.sk\/?page_id=46992"},"modified":"2025-03-03T16:33:42","modified_gmt":"2025-03-03T15:33:42","slug":"cross-country-skiing","status":"publish","type":"page","link":"https:\/\/zahoramizadolami.sk\/en\/cross-country-skiing\/","title":{"rendered":"CROSS-COUNTRY SKIING"},"content":{"rendered":"<div class=\"wpb-content-wrapper\"><p>[vc_row css_animation=&#8221;&#8221; row_type=&#8221;row&#8221; use_row_as_full_screen_section=&#8221;no&#8221; type=&#8221;full_width&#8221; angled_section=&#8221;no&#8221; text_align=&#8221;left&#8221; background_image_as_pattern=&#8221;without_pattern&#8221; z_index=&#8221;1&#8243;][vc_column][vc_row_inner row_type=&#8221;row&#8221; type=&#8221;full_width&#8221; text_align=&#8221;center&#8221; padding_top=&#8221;250&#8243; padding_bottom=&#8221;250&#8243; css_animation=&#8221;&#8221; el_class=&#8221;pribehy-row&#8221; css=&#8221;.vc_custom_1607899300157{background-image: url(https:\/\/zahoramizadolami.sk\/wp-content\/uploads\/2019\/01\/Zimne-zazitky-title-FHD.jpg?id=2401) !important;}&#8221;][vc_column_inner][vc_column_text el_class=&#8221;spoznaj-region-subtitle&#8221;]<\/p>\n<h1 style=\"text-shadow: 2px 2px 5px #000;\"><span style=\"color: #ffffff;\">CROSS-COUNTRY SKIING<\/span><\/h1>\n<p>[\/vc_column_text][vc_column_text el_class=&#8221;spoznaj-region-title&#8221;]<\/p>\n<h1 style=\"text-shadow: 2px 2px 5px #000;\"><span style=\"color: #ffffff;\">Get active for your health and enjoyment<\/span><\/h1>\n<p>[\/vc_column_text][\/vc_column_inner][\/vc_row_inner][\/vc_column][\/vc_row][vc_row css_animation=&#8221;&#8221; row_type=&#8221;row&#8221; use_row_as_full_screen_section=&#8221;no&#8221; type=&#8221;grid&#8221; angled_section=&#8221;no&#8221; text_align=&#8221;left&#8221; background_image_as_pattern=&#8221;without_pattern&#8221; background_color=&#8221;#ffffff&#8221; z_index=&#8221;1&#8243;][vc_column width=&#8221;1\/6&#8243; el_class=&#8221;detail-top&#8221;][\/vc_column][vc_column width=&#8221;2\/3&#8243; el_class=&#8221;detail-top&#8221;][vc_empty_space height=&#8221;80&#8243;][vc_column_text]<\/p>\n<h1>Let\u2019s go cross-country!<\/h1>\n<p>[\/vc_column_text][vc_empty_space height=&#8221;35px&#8221;][vc_column_text]You will enjoy admiring the picturesque snowy panorama, gazing at the beautiful scenery of the surrounding hills, and breathing in the fresh air as you follow the cross-country skiing trails. Engaging in some winter sport in the healthy outdoors is a perfect choice for everyone of all ages. I cross-country ski, you cross-country ski, we all cross-country ski \u2013 and in the Bansk\u00e1 Bystrica Region at that. The only thing that can hold you back when cross-country skiing (aside from poorly waxed skis) is a lack of natural snow. And that is precisely on what an action-packed winter on cross-country skis depends.<\/p>\n<p>&nbsp;<\/p>\n<p>Cross-country skiing as a recreational sport and an alternative to classic downhill skiing is becoming increasingly popular. Recharging your batteries in the fresh winter air, boosting your energy, restoring your health, and enjoying spectacular views and the silence of nature are all excellent reasons to choose cross-country skiing as a winter leisure pursuit. Take to the cross-country trails and experience an action-packed winter in the Bansk\u00e1 Bystrica region on your skis.[\/vc_column_text][vc_empty_space height=&#8221;40px&#8221;][vc_column_text]<\/p>\n<h3>Where to go?<\/h3>\n<p>&nbsp;<\/p>\n<p>Skalka in the Kremnica Mountains, Donovaly, Osrblie, T\u00e1le, Pohansk\u00e9, Telg\u00e1rt, L\u00e1tky or perhaps the \u0160tiavnica Mountains \u2013 the choice is yours. Take your pick from what our land \u201cbeyond the mountains, beyond the valleys\u201d has to offer.[\/vc_column_text][vc_empty_space height=&#8221;40px&#8221;][\/vc_column][vc_column width=&#8221;1\/6&#8243; el_class=&#8221;detail-top&#8221;][\/vc_column][\/vc_row][vc_row css_animation=&#8221;&#8221; row_type=&#8221;row&#8221; use_row_as_full_screen_section=&#8221;no&#8221; type=&#8221;full_width&#8221; anchor=&#8221;mapa-bezky&#8221; angled_section=&#8221;no&#8221; text_align=&#8221;left&#8221; background_image_as_pattern=&#8221;without_pattern&#8221; z_index=&#8221;999999999&#8243; el_id=&#8221;mapa-bezky&#8221;][vc_column][vc_column_text][vc_row css_animation=\"\" row_type=\"row\" use_row_as_full_screen_section=\"no\" type=\"full_width\" angled_section=\"no\" text_align=\"left\" background_image_as_pattern=\"without_pattern\" side_padding=\"10\" z_index=\"\"][vc_column][vc_raw_html]JTIwJTIwJTIwJTIwJTNDZGl2JTIwY2xhc3MlM0QlMjJvYXgtdG9wLWNvbnQlMjIlM0UlMEElMEElM0NzY3JpcHQlMjB0eXBlJTNEJTIydGV4dCUyRmphdmFzY3JpcHQlMjIlMjBhc3luYyUzRSUwQSUyMCUyMCUyMCUyMCUyMCUyMCUwOWRvY3VtZW50LmFkZEV2ZW50TGlzdGVuZXIlMjglMjJET01Db250ZW50TG9hZGVkJTIyJTJDJTIwZnVuY3Rpb24lMjglMjklMjAlN0IlMEElMDklMDklMDl2YXIlMjBjb25mJTIwJTNEJTIwJTdCJTBBJTA5JTA5JTA5JTA5ZnJvbnRlbmR0eXBlJTNBJTIwJTIwJTIwJTIydG91ciUyMiUyQyUyMCUyMCUyMCUyMCUyMCUyMCUyMCUyMCUyMCUyMCUyRiUyRiUyMGNob29zZSUyMGNvbnRlbnQlMjB0eXBlJTBBJTA5JTA5JTA5JTA5em9vbSUzQSUyMCUyMCUyMCUyMCUyMCUyMCUyMCUyMCUyMCUyMCUyMDklMkMlMjAlMjAlMjAlMjAlMjAlMjAlMjAlMjAlMjAlMjAlMjAlMjAlMjAlMjAlMkYlMkYlMjBzZXQlMjBpbml0aWFsJTIwem9vbSUyMGxldmVsJTBBJTA5JTA5JTA5JTA5Y2VudGVyJTNBJTIwJTIwJTIwJTIwJTIwJTIwJTIwJTVCJTIwMTkuNTQyNDklMkM0OC42MDIwMCUyMCU1RCUyMCUyRiUyRiUyMHNldCUyMGluaXRpYWwlMjBtYXAlMjBjZW50ZXIlMEElMjAlMDklMDklMDklN0QlM0IlMEElMDklMDklMDljb25mLmNmZyUyMCUzRCUyMCU3QiUwQSUwOSUwOSUwOSUwOSUyMndoYXQlMjIlM0ElMjAlN0IlMEElMDklMDklMDklMDklMjJzZWxlY3RlZF9pbml0JTIyJTNBJTIwJTIyQmVoJTIwbmElMjBseSVDNSVCRWlhY2glMjIlMEElMDklMDklMDklMDklN0QlMEElMDklMDklMDklN0QlM0IlMEF2YXIlMjBmdnAlMjAlM0QlMjBvYS5hcGkuZmxleHZpZXdwYWdlJTI4Y29uZiUyOSUzQiUwOSUwQSUwOSUwOSU3RCUyOSUzQiUwQXZhciUyMGhhc2glMjAlM0QlMjB3aW5kb3cubG9jYXRpb24uaGFzaCUyQyUyMCUyRiUyRmdldCUyMHRoZSUyMGhhc2glMjBmcm9tJTIwdXJsJTBBJTIwJTIwJTIwJTIwY2xlYW5oYXNoJTIwJTNEJTIwaGFzaC5yZXBsYWNlJTI4JTIyJTIzJTIyJTJDJTIwJTIyJTIyJTI5JTNCJTIwJTJGJTJGcmVtb3ZlJTIwdGhlJTIwJTIzJTBBJTIwJTIwJTIwJTIwJTJGJTJGYWxlcnQlMjhjbGVhbmhhc2glMjklM0IlMEElMjAlMjAlMjAlMjAlM0MlMkZzY3JpcHQlM0UlMDklMEElM0MlMkZkaXYlM0U=[\/vc_raw_html][\/vc_column][\/vc_row][\/vc_column_text][\/vc_column][\/vc_row][vc_row css_animation=&#8221;&#8221; row_type=&#8221;row&#8221; use_row_as_full_screen_section=&#8221;no&#8221; type=&#8221;full_width&#8221; angled_section=&#8221;no&#8221; text_align=&#8221;left&#8221; background_image_as_pattern=&#8221;without_pattern&#8221; z_index=&#8221;1&#8243;][vc_column][vc_gallery type=&#8221;image_grid&#8221; images=&#8221;13130,13133,13136,13145,13148,13151,13157,13160,13163,13166&#8243; img_size=&#8221;400&#215;250&#8243; column_number=&#8221;5&#8243; grayscale=&#8221;no&#8221; images_space=&#8221;gallery_without_space&#8221; el_class=&#8221;gallery-divider&#8221;][\/vc_column][\/vc_row][vc_row css_animation=&#8221;&#8221; row_type=&#8221;row&#8221; use_row_as_full_screen_section=&#8221;no&#8221; type=&#8221;full_width&#8221; angled_section=&#8221;no&#8221; text_align=&#8221;left&#8221; background_image_as_pattern=&#8221;without_pattern&#8221; z_index=&#8221;1&#8243;][vc_column][vc_empty_space height=&#8221;80&#8243;][vc_column_text][vc_row css_animation=\"\" row_type=\"row\" use_row_as_full_screen_section=\"no\" type=\"grid\" angled_section=\"no\" text_align=\"left\" background_image_as_pattern=\"without_pattern\" padding_bottom=\"50\" z_index=\"\"][vc_column][vc_row_inner row_type=\"row\" type=\"full_width\" text_align=\"left\" css_animation=\"\"][vc_column_inner][vc_column_text el_class=\"title-with-image\"]\r\n<h2>ACTION-PACKED WINTER<\/h2>\r\n[\/vc_column_text][\/vc_column_inner][\/vc_row_inner][vc_empty_space height=\"28px\"][vc_column_text el_class=\"text-max-width\"]To the Bansk\u00e1 Bystrica region, winter has arrived. So why sit at home. Hooray for skiing, cross-country skiing or sledding! Sport, entertainment, but also the longed-for relaxation will help you gain new strength in today's hectic world.[\/vc_column_text][\/vc_column][\/vc_row][\/vc_column_text][vc_column_text][vc_row css_animation=\"\" row_type=\"row\" use_row_as_full_screen_section=\"no\" type=\"grid\" angled_section=\"no\" text_align=\"left\" background_image_as_pattern=\"without_pattern\" padding_bottom=\"50\" z_index=\"\"][vc_column][vc_row_inner row_type=\"row\" type=\"full_width\" text_align=\"left\" css_animation=\"\"][vc_column_inner width=\"1\/4\"][qode_elements_holder number_of_columns=\"one_column\"][qode_elements_holder_item vertical_alignment=\"top\" horizontal_alignment=\"center\" advanced_animations=\"no\" custom_class=\"top-zazitky green\"][vc_raw_html el_class=\"all-link-html\"]JTNDYSUyMGNsYXNzJTNEJTIyYWxsLWxpbmslMjIlMjBocmVmJTNEJTIyJTJGZW4lMkZ3aW50ZXItaW5zcGlyYXRpb25zJTJGJTIyJTNFJTNDJTJGYSUzRQ==[\/vc_raw_html][vc_column_text el_class=\"ponuky-region blue\"]<strong>WHAT TO EXPERIENCE <\/strong>[\/vc_column_text][vc_single_image image=\"18134\" img_size=\"full\" alignment=\"center\" qode_css_animation=\"\" el_class=\"ponuky-image\"][vc_column_text el_class=\"ponuky-title\"]Winter inspirations[\/vc_column_text][vc_column_text el_class=\"ponuky-text\"]Whether for cross-country skiing, on the slopes, on skates, or just wandering through the winter landscape... There are many options for everyone...[\/vc_column_text][vc_empty_space]<a  itemprop=\"url\" href=\"\/en\/winter-inspirations\/\" target=\"_self\" data-hover-color=\"#ffffff\" class=\"qbutton  medium default\" style=\"color: #001689; border-color: #001689; \">Read more &gt;&gt;<\/a>[vc_empty_space][\/qode_elements_holder_item][\/qode_elements_holder][vc_empty_space][\/vc_column_inner][vc_column_inner width=\"1\/4\"][qode_elements_holder number_of_columns=\"one_column\"][qode_elements_holder_item vertical_alignment=\"top\" horizontal_alignment=\"center\" advanced_animations=\"no\" custom_class=\"top-zazitky pink\"][vc_raw_html el_class=\"all-link-html\"]JTNDYSUyMGNsYXNzJTNEJTIyYWxsLWxpbmslMjIlMjBocmVmJTNEJTIyJTJGZW4lMkZjcm9zcy1jb3VudHJ5LXNraWluZyUyRiUyMiUzRSUzQyUyRmElM0U=[\/vc_raw_html][vc_column_text el_class=\"ponuky-region pink\"]<strong>FOR CROSS-COUNTRY SKIING<\/strong>[\/vc_column_text][vc_single_image image=\"18143\" img_size=\"full\" alignment=\"center\" qode_css_animation=\"\" el_class=\"ponuky-image\"][vc_column_text el_class=\"ponuky-title\"]Active for joy and health[\/vc_column_text][vc_column_text el_class=\"ponuky-text\"]Cross-country skiing is constantly gaining in popularity and popularity. In our region, you can enjoy this pleasant sport to your heart's content.[\/vc_column_text][vc_empty_space]<a  itemprop=\"url\" href=\"\/en\/cross-country-skiing\/\" target=\"_self\" data-hover-color=\"#ffffff\" class=\"qbutton  medium default\" style=\"color: #001689; border-color: #001689; \">Read more &gt;&gt;<\/a>[vc_empty_space][\/qode_elements_holder_item][\/qode_elements_holder][vc_empty_space][\/vc_column_inner][vc_column_inner width=\"1\/4\"][qode_elements_holder number_of_columns=\"one_column\"][qode_elements_holder_item vertical_alignment=\"top\" horizontal_alignment=\"center\" advanced_animations=\"no\" custom_class=\"top-zazitky yellow\"][vc_raw_html el_class=\"all-link-html\"]JTNDYSUyMGNsYXNzJTNEJTIyYWxsLWxpbmslMjIlMjBocmVmJTNEJTIyJTJGZW4lMkZvbi10aGUtc2xvcGVzJTJGJTIyJTNFJTNDJTJGYSUzRQ==[\/vc_raw_html][vc_column_text el_class=\"ponuky-region yellow\"]<strong>ON THE SLOPE<\/strong>[\/vc_column_text][vc_single_image image=\"3106\" img_size=\"full\" alignment=\"center\" qode_css_animation=\"\" el_class=\"ponuky-image\"][vc_column_text el_class=\"ponuky-title\"]Ski to your heart's content[\/vc_column_text][vc_column_text el_class=\"ponuky-text\"]Well-groomed slopes and cross-country tracks, snowboard arenas, ski schools and nurseries, equipment rentals or night skiing.[\/vc_column_text][vc_empty_space]<a  itemprop=\"url\" href=\"\/en\/on-the-slopes\/\" target=\"_self\" data-hover-color=\"#ffffff\" class=\"qbutton  medium default\" style=\"color: #001689; border-color: #001689; \">Read more &gt;&gt;<\/a>[vc_empty_space][\/qode_elements_holder_item][\/qode_elements_holder][vc_empty_space][\/vc_column_inner][vc_column_inner width=\"1\/4\"][qode_elements_holder number_of_columns=\"one_column\"][qode_elements_holder_item vertical_alignment=\"top\" horizontal_alignment=\"center\" advanced_animations=\"no\" custom_class=\"top-zazitky blue\"][vc_raw_html]JTNDYSUyMGNsYXNzJTNEJTIyYWxsLWxpbmslMjIlMjBocmVmJTNEJTIyJTJGZW4lMkZza2lidXMlMkYlMjIlM0UlM0MlMkZhJTNF[\/vc_raw_html][vc_column_text el_class=\"ponuky-region green\"]<strong>SKI BUSES\r\n<\/strong>[\/vc_column_text][vc_single_image image=\"3109\" img_size=\"full\" alignment=\"center\" qode_css_animation=\"\" el_class=\"ponuky-image\"][vc_column_text el_class=\"ponuky-title\"]Comfortable and ecological[\/vc_column_text][vc_column_text el_class=\"ponuky-text\"]During the entire winter season, let yourself be taken by ski buses to our ski resorts, for the most beautiful winter experiences.[\/vc_column_text][vc_empty_space]<a  itemprop=\"url\" href=\"\/en\/skibus\/\" target=\"_self\" data-hover-color=\"#ffffff\" class=\"qbutton  medium default\" style=\"color: #001689; border-color: #001689; \">Read more &gt;&gt;<\/a>[vc_empty_space][\/qode_elements_holder_item][\/qode_elements_holder][vc_empty_space][\/vc_column_inner][\/vc_row_inner][\/vc_column][\/vc_row][\/vc_column_text][vc_empty_space height=&#8221;40&#8243;][\/vc_column][\/vc_row]<\/p>\n<\/div>","protected":false},"excerpt":{"rendered":"<p>[vc_row css_animation=&#8221;&#8221; row_type=&#8221;row&#8221; use_row_as_full_screen_section=&#8221;no&#8221; type=&#8221;full_width&#8221; angled_section=&#8221;no&#8221; text_align=&#8221;left&#8221; background_image_as_pattern=&#8221;without_pattern&#8221; z_index=&#8221;1&#8243;][vc_column][vc_row_inner row_type=&#8221;row&#8221; type=&#8221;full_width&#8221; text_align=&#8221;center&#8221; padding_top=&#8221;250&#8243; padding_bottom=&#8221;250&#8243; css_animation=&#8221;&#8221; el_class=&#8221;pribehy-row&#8221; css=&#8221;.vc_custom_1607899300157{background-image: url(https:\/\/zahoramizadolami.sk\/wp-content\/uploads\/2019\/01\/Zimne-zazitky-title-FHD.jpg?id=2401) !important;}&#8221;][vc_column_inner][vc_column_text el_class=&#8221;spoznaj-region-subtitle&#8221;] CROSS-COUNTRY SKIING [\/vc_column_text][vc_column_text el_class=&#8221;spoznaj-region-title&#8221;] Get active for your health and enjoyment [\/vc_column_text][\/vc_column_inner][\/vc_row_inner][\/vc_column][\/vc_row][vc_row css_animation=&#8221;&#8221; row_type=&#8221;row&#8221; use_row_as_full_screen_section=&#8221;no&#8221; type=&#8221;grid&#8221; angled_section=&#8221;no&#8221; text_align=&#8221;left&#8221; background_image_as_pattern=&#8221;without_pattern&#8221; background_color=&#8221;#ffffff&#8221; z_index=&#8221;1&#8243;][vc_column width=&#8221;1\/6&#8243; el_class=&#8221;detail-top&#8221;][\/vc_column][vc_column width=&#8221;2\/3&#8243; el_class=&#8221;detail-top&#8221;][vc_empty_space&#8230;<\/p>\n","protected":false},"author":10,"featured_media":0,"parent":0,"menu_order":0,"comment_status":"closed","ping_status":"closed","template":"full_width.php","meta":{"inline_featured_image":false,"footnotes":""},"class_list":["post-46992","page","type-page","status-publish","hentry"],"yoast_head":"<!-- This site is optimized with the Yoast SEO plugin v25.0 - https:\/\/yoast.com\/wordpress\/plugins\/seo\/ -->\n<title>CROSS-COUNTRY SKIING - Za horami, za dolami v Banskobystrickom kraji<\/title>\n<meta name=\"robots\" content=\"index, follow, max-snippet:-1, max-image-preview:large, max-video-preview:-1\" \/>\n<link rel=\"canonical\" href=\"https:\/\/zahoramizadolami.sk\/en\/cross-country-skiing\/\" \/>\n<meta property=\"og:locale\" content=\"en_US\" \/>\n<meta property=\"og:type\" content=\"article\" \/>\n<meta property=\"og:title\" content=\"CROSS-COUNTRY SKIING - Za horami, za dolami v Banskobystrickom kraji\" \/>\n<meta property=\"og:description\" content=\"[vc_row css_animation=&#8221;&#8221; row_type=&#8221;row&#8221; use_row_as_full_screen_section=&#8221;no&#8221; type=&#8221;full_width&#8221; angled_section=&#8221;no&#8221; text_align=&#8221;left&#8221; background_image_as_pattern=&#8221;without_pattern&#8221; z_index=&#8221;1&#8243;][vc_column][vc_row_inner row_type=&#8221;row&#8221; type=&#8221;full_width&#8221; text_align=&#8221;center&#8221; padding_top=&#8221;250&#8243; padding_bottom=&#8221;250&#8243; css_animation=&#8221;&#8221; el_class=&#8221;pribehy-row&#8221; css=&#8221;.vc_custom_1607899300157{background-image: url(https:\/\/zahoramizadolami.sk\/wp-content\/uploads\/2019\/01\/Zimne-zazitky-title-FHD.jpg?id=2401) !important;}&#8221;][vc_column_inner][vc_column_text el_class=&#8221;spoznaj-region-subtitle&#8221;] CROSS-COUNTRY SKIING [\/vc_column_text][vc_column_text el_class=&#8221;spoznaj-region-title&#8221;] Get active for your health and enjoyment [\/vc_column_text][\/vc_column_inner][\/vc_row_inner][\/vc_column][\/vc_row][vc_row css_animation=&#8221;&#8221; row_type=&#8221;row&#8221; use_row_as_full_screen_section=&#8221;no&#8221; type=&#8221;grid&#8221; angled_section=&#8221;no&#8221; text_align=&#8221;left&#8221; background_image_as_pattern=&#8221;without_pattern&#8221; background_color=&#8221;#ffffff&#8221; z_index=&#8221;1&#8243;][vc_column width=&#8221;1\/6&#8243; el_class=&#8221;detail-top&#8221;][\/vc_column][vc_column width=&#8221;2\/3&#8243; el_class=&#8221;detail-top&#8221;][vc_empty_space...\" \/>\n<meta property=\"og:url\" content=\"https:\/\/zahoramizadolami.sk\/en\/cross-country-skiing\/\" \/>\n<meta property=\"og:site_name\" content=\"Za horami, za dolami v Banskobystrickom kraji\" \/>\n<meta property=\"article:publisher\" content=\"https:\/\/www.facebook.com\/zahoramizadolami.sk\/\" \/>\n<meta property=\"article:modified_time\" content=\"2025-03-03T15:33:42+00:00\" \/>\n<meta name=\"twitter:card\" content=\"summary_large_image\" \/>\n<meta name=\"twitter:label1\" content=\"Est. reading time\" \/>\n\t<meta name=\"twitter:data1\" content=\"2 minutes\" \/>\n<script type=\"application\/ld+json\" class=\"yoast-schema-graph\">{\"@context\":\"https:\/\/schema.org\",\"@graph\":[{\"@type\":\"WebPage\",\"@id\":\"https:\/\/zahoramizadolami.sk\/en\/cross-country-skiing\/\",\"url\":\"https:\/\/zahoramizadolami.sk\/en\/cross-country-skiing\/\",\"name\":\"CROSS-COUNTRY SKIING - Za horami, za dolami v Banskobystrickom kraji\",\"isPartOf\":{\"@id\":\"https:\/\/zahoramizadolami.sk\/#website\"},\"datePublished\":\"2020-12-13T22:35:22+00:00\",\"dateModified\":\"2025-03-03T15:33:42+00:00\",\"breadcrumb\":{\"@id\":\"https:\/\/zahoramizadolami.sk\/en\/cross-country-skiing\/#breadcrumb\"},\"inLanguage\":\"en-US\",\"potentialAction\":[{\"@type\":\"ReadAction\",\"target\":[\"https:\/\/zahoramizadolami.sk\/en\/cross-country-skiing\/\"]}]},{\"@type\":\"BreadcrumbList\",\"@id\":\"https:\/\/zahoramizadolami.sk\/en\/cross-country-skiing\/#breadcrumb\",\"itemListElement\":[{\"@type\":\"ListItem\",\"position\":1,\"name\":\"Home\",\"item\":\"https:\/\/zahoramizadolami.sk\/en\/\"},{\"@type\":\"ListItem\",\"position\":2,\"name\":\"CROSS-COUNTRY SKIING\"}]},{\"@type\":\"WebSite\",\"@id\":\"https:\/\/zahoramizadolami.sk\/#website\",\"url\":\"https:\/\/zahoramizadolami.sk\/\",\"name\":\"Za horami, za dolami v Banskobystrickom kraji\",\"description\":\"Za horami, za dolami, bol raz jeden Banskobystrick\u00fd kraj.\",\"potentialAction\":[{\"@type\":\"SearchAction\",\"target\":{\"@type\":\"EntryPoint\",\"urlTemplate\":\"https:\/\/zahoramizadolami.sk\/?s={search_term_string}\"},\"query-input\":{\"@type\":\"PropertyValueSpecification\",\"valueRequired\":true,\"valueName\":\"search_term_string\"}}],\"inLanguage\":\"en-US\"}]}<\/script>\n<!-- \/ Yoast SEO plugin. -->","yoast_head_json":{"title":"CROSS-COUNTRY SKIING - Za horami, za dolami v Banskobystrickom kraji","robots":{"index":"index","follow":"follow","max-snippet":"max-snippet:-1","max-image-preview":"max-image-preview:large","max-video-preview":"max-video-preview:-1"},"canonical":"https:\/\/zahoramizadolami.sk\/en\/cross-country-skiing\/","og_locale":"en_US","og_type":"article","og_title":"CROSS-COUNTRY SKIING - Za horami, za dolami v Banskobystrickom kraji","og_description":"[vc_row css_animation=&#8221;&#8221; row_type=&#8221;row&#8221; use_row_as_full_screen_section=&#8221;no&#8221; type=&#8221;full_width&#8221; angled_section=&#8221;no&#8221; text_align=&#8221;left&#8221; background_image_as_pattern=&#8221;without_pattern&#8221; z_index=&#8221;1&#8243;][vc_column][vc_row_inner row_type=&#8221;row&#8221; type=&#8221;full_width&#8221; text_align=&#8221;center&#8221; padding_top=&#8221;250&#8243; padding_bottom=&#8221;250&#8243; css_animation=&#8221;&#8221; el_class=&#8221;pribehy-row&#8221; css=&#8221;.vc_custom_1607899300157{background-image: url(https:\/\/zahoramizadolami.sk\/wp-content\/uploads\/2019\/01\/Zimne-zazitky-title-FHD.jpg?id=2401) !important;}&#8221;][vc_column_inner][vc_column_text el_class=&#8221;spoznaj-region-subtitle&#8221;] CROSS-COUNTRY SKIING [\/vc_column_text][vc_column_text el_class=&#8221;spoznaj-region-title&#8221;] Get active for your health and enjoyment [\/vc_column_text][\/vc_column_inner][\/vc_row_inner][\/vc_column][\/vc_row][vc_row css_animation=&#8221;&#8221; row_type=&#8221;row&#8221; use_row_as_full_screen_section=&#8221;no&#8221; type=&#8221;grid&#8221; angled_section=&#8221;no&#8221; text_align=&#8221;left&#8221; background_image_as_pattern=&#8221;without_pattern&#8221; background_color=&#8221;#ffffff&#8221; z_index=&#8221;1&#8243;][vc_column width=&#8221;1\/6&#8243; el_class=&#8221;detail-top&#8221;][\/vc_column][vc_column width=&#8221;2\/3&#8243; el_class=&#8221;detail-top&#8221;][vc_empty_space...","og_url":"https:\/\/zahoramizadolami.sk\/en\/cross-country-skiing\/","og_site_name":"Za horami, za dolami v Banskobystrickom kraji","article_publisher":"https:\/\/www.facebook.com\/zahoramizadolami.sk\/","article_modified_time":"2025-03-03T15:33:42+00:00","twitter_card":"summary_large_image","twitter_misc":{"Est. reading time":"2 minutes"},"schema":{"@context":"https:\/\/schema.org","@graph":[{"@type":"WebPage","@id":"https:\/\/zahoramizadolami.sk\/en\/cross-country-skiing\/","url":"https:\/\/zahoramizadolami.sk\/en\/cross-country-skiing\/","name":"CROSS-COUNTRY SKIING - Za horami, za dolami v Banskobystrickom kraji","isPartOf":{"@id":"https:\/\/zahoramizadolami.sk\/#website"},"datePublished":"2020-12-13T22:35:22+00:00","dateModified":"2025-03-03T15:33:42+00:00","breadcrumb":{"@id":"https:\/\/zahoramizadolami.sk\/en\/cross-country-skiing\/#breadcrumb"},"inLanguage":"en-US","potentialAction":[{"@type":"ReadAction","target":["https:\/\/zahoramizadolami.sk\/en\/cross-country-skiing\/"]}]},{"@type":"BreadcrumbList","@id":"https:\/\/zahoramizadolami.sk\/en\/cross-country-skiing\/#breadcrumb","itemListElement":[{"@type":"ListItem","position":1,"name":"Home","item":"https:\/\/zahoramizadolami.sk\/en\/"},{"@type":"ListItem","position":2,"name":"CROSS-COUNTRY SKIING"}]},{"@type":"WebSite","@id":"https:\/\/zahoramizadolami.sk\/#website","url":"https:\/\/zahoramizadolami.sk\/","name":"Za horami, za dolami v Banskobystrickom kraji","description":"Za horami, za dolami, bol raz jeden Banskobystrick\u00fd kraj.","potentialAction":[{"@type":"SearchAction","target":{"@type":"EntryPoint","urlTemplate":"https:\/\/zahoramizadolami.sk\/?s={search_term_string}"},"query-input":{"@type":"PropertyValueSpecification","valueRequired":true,"valueName":"search_term_string"}}],"inLanguage":"en-US"}]}},"_links":{"self":[{"href":"https:\/\/zahoramizadolami.sk\/en\/wp-json\/wp\/v2\/pages\/46992","targetHints":{"allow":["GET"]}}],"collection":[{"href":"https:\/\/zahoramizadolami.sk\/en\/wp-json\/wp\/v2\/pages"}],"about":[{"href":"https:\/\/zahoramizadolami.sk\/en\/wp-json\/wp\/v2\/types\/page"}],"author":[{"embeddable":true,"href":"https:\/\/zahoramizadolami.sk\/en\/wp-json\/wp\/v2\/users\/10"}],"replies":[{"embeddable":true,"href":"https:\/\/zahoramizadolami.sk\/en\/wp-json\/wp\/v2\/comments?post=46992"}],"version-history":[{"count":1,"href":"https:\/\/zahoramizadolami.sk\/en\/wp-json\/wp\/v2\/pages\/46992\/revisions"}],"predecessor-version":[{"id":47856,"href":"https:\/\/zahoramizadolami.sk\/en\/wp-json\/wp\/v2\/pages\/46992\/revisions\/47856"}],"wp:attachment":[{"href":"https:\/\/zahoramizadolami.sk\/en\/wp-json\/wp\/v2\/media?parent=46992"}],"curies":[{"name":"wp","href":"https:\/\/api.w.org\/{rel}","templated":true}]}}