{"id":46398,"date":"2021-04-12T19:34:59","date_gmt":"2021-04-12T17:34:59","guid":{"rendered":"https:\/\/www.zahoramizadolami.sk\/?page_id=46398"},"modified":"2025-03-03T16:38:22","modified_gmt":"2025-03-03T15:38:22","slug":"cycling-routes","status":"publish","type":"page","link":"https:\/\/zahoramizadolami.sk\/hu\/cycling-routes\/","title":{"rendered":"Cycling Routes"},"content":{"rendered":"<div class=\"wpb-content-wrapper\"><p>[vc_row css_animation=&#8221;&#8221; row_type=&#8221;row&#8221; use_row_as_full_screen_section=&#8221;no&#8221; type=&#8221;full_width&#8221; angled_section=&#8221;no&#8221; text_align=&#8221;left&#8221; background_image_as_pattern=&#8221;without_pattern&#8221; z_index=&#8221;1&#8243;][vc_column][vc_row_inner row_type=&#8221;row&#8221; type=&#8221;full_width&#8221; text_align=&#8221;center&#8221; padding_top=&#8221;250&#8243; padding_bottom=&#8221;250&#8243; css_animation=&#8221;&#8221; el_class=&#8221;pribehy-row&#8221; css=&#8221;.vc_custom_1618259038822{background-image: url(https:\/\/zahoramizadolami.sk\/wp-content\/uploads\/2021\/04\/Ihrac-Hostinec-FHD.jpg?id=14473) !important;}&#8221;][vc_column_inner][vc_column_text el_class=&#8221;spoznaj-region-title&#8221;]<\/p>\n<h1 style=\"text-shadow: #000000 2px 2px 5px; text-align: center;\"><span style=\"color: #ffffff;\">CYCLING ROUTES<\/span><\/h1>\n<p>&nbsp;<\/p>\n<p>&nbsp;<\/p>\n<h3 style=\"text-shadow: #000000 2px 2px 5px; text-align: center;\"><span style=\"color: #ffffff;\">Discover magical nooks and crannies <\/span><\/h3>\n<h3 style=\"text-shadow: #000000 2px 2px 5px; text-align: center;\"><span style=\"color: #ffffff;\">of the Bansk\u00e1 Bystrica Region on bicycles.<br \/>\n<\/span><\/h3>\n<p>[\/vc_column_text][\/vc_column_inner][\/vc_row_inner][\/vc_column][\/vc_row][vc_row css_animation=&#8221;&#8221; row_type=&#8221;row&#8221; use_row_as_full_screen_section=&#8221;no&#8221; type=&#8221;full_width&#8221; angled_section=&#8221;no&#8221; text_align=&#8221;left&#8221; background_image_as_pattern=&#8221;without_pattern&#8221;][vc_column el_class=&#8221;hearth&#8221;][vc_single_image image=&#8221;24&#8243; img_size=&#8221;full&#8221; alignment=&#8221;center&#8221; qode_css_animation=&#8221;&#8221; css=&#8221;.vc_custom_1657207405514{margin-top: -13px !important;}&#8221;][\/vc_column][\/vc_row][vc_row css_animation=&#8221;&#8221; row_type=&#8221;row&#8221; use_row_as_full_screen_section=&#8221;no&#8221; type=&#8221;full_width&#8221; angled_section=&#8221;no&#8221; text_align=&#8221;left&#8221; background_image_as_pattern=&#8221;without_pattern&#8221; side_padding=&#8221;10&#8243; z_index=&#8221;&#8221;][vc_column][vc_empty_space height=&#8221;80px&#8221;][vc_raw_html]JTIwJTIwJTIwJTIwJTNDZGl2JTIwY2xhc3MlM0QlMjJvYXgtdG9wLWNvbnQlMjIlM0UlMEElMEElM0NzY3JpcHQlMjB0eXBlJTNEJTIydGV4dCUyRmphdmFzY3JpcHQlMjIlMjBhc3luYyUzRSUwQSUyMCUyMCUyMCUyMCUyMCUyMCUwOWRvY3VtZW50LmFkZEV2ZW50TGlzdGVuZXIlMjglMjJET01Db250ZW50TG9hZGVkJTIyJTJDJTIwZnVuY3Rpb24lMjglMjklMjAlN0IlMEElMDklMDklMDl2YXIlMjBjb25mJTIwJTNEJTIwJTdCJTBBJTA5JTA5JTA5JTA5ZnJvbnRlbmR0eXBlJTNBJTIwJTIwJTIwJTIydG91ciUyMiUyQyUyMCUyMCUyMCUyMCUyMCUyMCUyMCUyMCUyMCUyMCUyRiUyRiUyMGNob29zZSUyMGNvbnRlbnQlMjB0eXBlJTBBJTA5JTA5JTA5JTA5em9vbSUzQSUyMCUyMCUyMCUyMCUyMCUyMCUyMCUyMCUyMCUyMCUyMDklMkMlMjAlMjAlMjAlMjAlMjAlMjAlMjAlMjAlMjAlMjAlMjAlMjAlMjAlMjAlMkYlMkYlMjBzZXQlMjBpbml0aWFsJTIwem9vbSUyMGxldmVsJTBBJTA5JTA5JTA5JTA5Y2VudGVyJTNBJTIwJTIwJTIwJTIwJTIwJTIwJTIwJTVCJTIwMTkuNTQyNDklMkM0OC42MDIwMCUyMCU1RCUyMCUyRiUyRiUyMHNldCUyMGluaXRpYWwlMjBtYXAlMjBjZW50ZXIlMEElMDklMDklMDklN0QlM0IlMEElMDklMDklMDljb25mLmNmZyUyMCUzRCUyMCU3QiUwQSUwOSUwOSUwOSUwOSUyMndoYXQlMjIlM0ElMjAlN0IlMEElMDklMDklMDklMDklMjJzZWxlY3RlZF9pbml0JTIyJTNBJTIwJTIyQ3ljbGluZy1tYWluJTIyJTBBJTA5JTA5JTA5JTA5JTdEJTBBJTA5JTA5JTA5JTdEJTNCJTBBdmFyJTIwZnZwJTIwJTNEJTIwb2EuYXBpLmZsZXh2aWV3cGFnZSUyOGNvbmYlMjklM0IlMDklMEElMDklMDklN0QlMjklM0IlMEF2YXIlMjBoYXNoJTIwJTNEJTIwd2luZG93LmxvY2F0aW9uLmhhc2glMkMlMjAlMkYlMkZnZXQlMjB0aGUlMjBoYXNoJTIwZnJvbSUyMHVybCUwQSUyMCUyMCUyMCUyMGNsZWFuaGFzaCUyMCUzRCUyMGhhc2gucmVwbGFjZSUyOCUyMiUyMyUyMiUyQyUyMCUyMiUyMiUyOSUzQiUyMCUyRiUyRnJlbW92ZSUyMHRoZSUyMCUyMyUwQSUyMCUyMCUyMCUyMCUyRiUyRmFsZXJ0JTI4Y2xlYW5oYXNoJTI5JTNCJTBBJTIwJTIwJTIwJTIwJTNDJTJGc2NyaXB0JTNFJTA5JTBBJTNDJTJGZGl2JTNF[\/vc_raw_html][\/vc_column][\/vc_row][vc_row css_animation=&#8221;&#8221; row_type=&#8221;row&#8221; use_row_as_full_screen_section=&#8221;no&#8221; type=&#8221;full_width&#8221; angled_section=&#8221;no&#8221; text_align=&#8221;left&#8221; background_image_as_pattern=&#8221;without_pattern&#8221; padding_top=&#8221;60&#8243; z_index=&#8221;1&#8243;][vc_column][vc_gallery type=&#8221;image_grid&#8221; images=&#8221;14388,14397,14409,14412,14418,14421,14424,14427,14433,14439&#8243; img_size=&#8221;400&#215;250&#8243; column_number=&#8221;5&#8243; grayscale=&#8221;no&#8221; images_space=&#8221;gallery_without_space&#8221;][\/vc_column][\/vc_row]<\/p>\n<\/div>","protected":false},"excerpt":{"rendered":"<p>[vc_row css_animation=&#8221;&#8221; row_type=&#8221;row&#8221; use_row_as_full_screen_section=&#8221;no&#8221; type=&#8221;full_width&#8221; angled_section=&#8221;no&#8221; text_align=&#8221;left&#8221; background_image_as_pattern=&#8221;without_pattern&#8221; z_index=&#8221;1&#8243;][vc_column][vc_row_inner row_type=&#8221;row&#8221; type=&#8221;full_width&#8221; text_align=&#8221;center&#8221; padding_top=&#8221;250&#8243; padding_bottom=&#8221;250&#8243; css_animation=&#8221;&#8221; el_class=&#8221;pribehy-row&#8221; css=&#8221;.vc_custom_1618259038822{background-image: url(https:\/\/zahoramizadolami.sk\/wp-content\/uploads\/2021\/04\/Ihrac-Hostinec-FHD.jpg?id=14473) !important;}&#8221;][vc_column_inner][vc_column_text el_class=&#8221;spoznaj-region-title&#8221;] CYCLING ROUTES &nbsp; &nbsp; Discover magical nooks and crannies of the Bansk\u00e1 Bystrica Region on bicycles. [\/vc_column_text][\/vc_column_inner][\/vc_row_inner][\/vc_column][\/vc_row][vc_row css_animation=&#8221;&#8221; row_type=&#8221;row&#8221; use_row_as_full_screen_section=&#8221;no&#8221; type=&#8221;full_width&#8221; angled_section=&#8221;no&#8221; text_align=&#8221;left&#8221; background_image_as_pattern=&#8221;without_pattern&#8221;][vc_column el_class=&#8221;hearth&#8221;][vc_single_image&#8230;<\/p>\n","protected":false},"author":10,"featured_media":0,"parent":0,"menu_order":0,"comment_status":"closed","ping_status":"closed","template":"full_width.php","meta":{"inline_featured_image":false,"footnotes":""},"class_list":["post-46398","page","type-page","status-publish","hentry"],"yoast_head":"<!-- This site is optimized with the Yoast SEO plugin v25.0 - https:\/\/yoast.com\/wordpress\/plugins\/seo\/ -->\n<title>Cycling Routes - Za horami, za dolami v Banskobystrickom kraji<\/title>\n<meta name=\"robots\" content=\"index, follow, max-snippet:-1, max-image-preview:large, max-video-preview:-1\" \/>\n<link rel=\"canonical\" href=\"https:\/\/zahoramizadolami.sk\/hu\/cycling-routes\/\" \/>\n<meta property=\"og:locale\" content=\"hu_HU\" \/>\n<meta property=\"og:type\" content=\"article\" \/>\n<meta property=\"og:title\" content=\"Cycling Routes - Za horami, za dolami v Banskobystrickom kraji\" \/>\n<meta property=\"og:description\" content=\"[vc_row css_animation=&#8221;&#8221; row_type=&#8221;row&#8221; use_row_as_full_screen_section=&#8221;no&#8221; type=&#8221;full_width&#8221; angled_section=&#8221;no&#8221; text_align=&#8221;left&#8221; background_image_as_pattern=&#8221;without_pattern&#8221; z_index=&#8221;1&#8243;][vc_column][vc_row_inner row_type=&#8221;row&#8221; type=&#8221;full_width&#8221; text_align=&#8221;center&#8221; padding_top=&#8221;250&#8243; padding_bottom=&#8221;250&#8243; css_animation=&#8221;&#8221; el_class=&#8221;pribehy-row&#8221; css=&#8221;.vc_custom_1618259038822{background-image: url(https:\/\/zahoramizadolami.sk\/wp-content\/uploads\/2021\/04\/Ihrac-Hostinec-FHD.jpg?id=14473) !important;}&#8221;][vc_column_inner][vc_column_text el_class=&#8221;spoznaj-region-title&#8221;] CYCLING ROUTES &nbsp; &nbsp; Discover magical nooks and crannies of the Bansk\u00e1 Bystrica Region on bicycles. [\/vc_column_text][\/vc_column_inner][\/vc_row_inner][\/vc_column][\/vc_row][vc_row css_animation=&#8221;&#8221; row_type=&#8221;row&#8221; use_row_as_full_screen_section=&#8221;no&#8221; type=&#8221;full_width&#8221; angled_section=&#8221;no&#8221; text_align=&#8221;left&#8221; background_image_as_pattern=&#8221;without_pattern&#8221;][vc_column el_class=&#8221;hearth&#8221;][vc_single_image...\" \/>\n<meta property=\"og:url\" content=\"https:\/\/zahoramizadolami.sk\/hu\/cycling-routes\/\" \/>\n<meta property=\"og:site_name\" content=\"Za horami, za dolami v Banskobystrickom kraji\" \/>\n<meta property=\"article:publisher\" content=\"https:\/\/www.facebook.com\/zahoramizadolami.sk\/\" \/>\n<meta property=\"article:modified_time\" content=\"2025-03-03T15:38:22+00:00\" \/>\n<meta name=\"twitter:card\" content=\"summary_large_image\" \/>\n<meta name=\"twitter:label1\" content=\"Becs\u00fclt olvas\u00e1si id\u0151\" \/>\n\t<meta name=\"twitter:data1\" content=\"1 perc\" \/>\n<script type=\"application\/ld+json\" class=\"yoast-schema-graph\">{\"@context\":\"https:\/\/schema.org\",\"@graph\":[{\"@type\":\"WebPage\",\"@id\":\"https:\/\/zahoramizadolami.sk\/hu\/cycling-routes\/\",\"url\":\"https:\/\/zahoramizadolami.sk\/hu\/cycling-routes\/\",\"name\":\"Cycling Routes - Za horami, za dolami v Banskobystrickom kraji\",\"isPartOf\":{\"@id\":\"https:\/\/zahoramizadolami.sk\/#website\"},\"datePublished\":\"2021-04-12T17:34:59+00:00\",\"dateModified\":\"2025-03-03T15:38:22+00:00\",\"breadcrumb\":{\"@id\":\"https:\/\/zahoramizadolami.sk\/hu\/cycling-routes\/#breadcrumb\"},\"inLanguage\":\"hu\",\"potentialAction\":[{\"@type\":\"ReadAction\",\"target\":[\"https:\/\/zahoramizadolami.sk\/hu\/cycling-routes\/\"]}]},{\"@type\":\"BreadcrumbList\",\"@id\":\"https:\/\/zahoramizadolami.sk\/hu\/cycling-routes\/#breadcrumb\",\"itemListElement\":[{\"@type\":\"ListItem\",\"position\":1,\"name\":\"Home\",\"item\":\"https:\/\/zahoramizadolami.sk\/hu\/\"},{\"@type\":\"ListItem\",\"position\":2,\"name\":\"Cycling Routes\"}]},{\"@type\":\"WebSite\",\"@id\":\"https:\/\/zahoramizadolami.sk\/#website\",\"url\":\"https:\/\/zahoramizadolami.sk\/\",\"name\":\"Za horami, za dolami v Banskobystrickom kraji\",\"description\":\"Za horami, za dolami, bol raz jeden Banskobystrick\u00fd kraj.\",\"potentialAction\":[{\"@type\":\"SearchAction\",\"target\":{\"@type\":\"EntryPoint\",\"urlTemplate\":\"https:\/\/zahoramizadolami.sk\/?s={search_term_string}\"},\"query-input\":{\"@type\":\"PropertyValueSpecification\",\"valueRequired\":true,\"valueName\":\"search_term_string\"}}],\"inLanguage\":\"hu\"}]}<\/script>\n<!-- \/ Yoast SEO plugin. -->","yoast_head_json":{"title":"Cycling Routes - Za horami, za dolami v Banskobystrickom kraji","robots":{"index":"index","follow":"follow","max-snippet":"max-snippet:-1","max-image-preview":"max-image-preview:large","max-video-preview":"max-video-preview:-1"},"canonical":"https:\/\/zahoramizadolami.sk\/hu\/cycling-routes\/","og_locale":"hu_HU","og_type":"article","og_title":"Cycling Routes - Za horami, za dolami v Banskobystrickom kraji","og_description":"[vc_row css_animation=&#8221;&#8221; row_type=&#8221;row&#8221; use_row_as_full_screen_section=&#8221;no&#8221; type=&#8221;full_width&#8221; angled_section=&#8221;no&#8221; text_align=&#8221;left&#8221; background_image_as_pattern=&#8221;without_pattern&#8221; z_index=&#8221;1&#8243;][vc_column][vc_row_inner row_type=&#8221;row&#8221; type=&#8221;full_width&#8221; text_align=&#8221;center&#8221; padding_top=&#8221;250&#8243; padding_bottom=&#8221;250&#8243; css_animation=&#8221;&#8221; el_class=&#8221;pribehy-row&#8221; css=&#8221;.vc_custom_1618259038822{background-image: url(https:\/\/zahoramizadolami.sk\/wp-content\/uploads\/2021\/04\/Ihrac-Hostinec-FHD.jpg?id=14473) !important;}&#8221;][vc_column_inner][vc_column_text el_class=&#8221;spoznaj-region-title&#8221;] CYCLING ROUTES &nbsp; &nbsp; Discover magical nooks and crannies of the Bansk\u00e1 Bystrica Region on bicycles. [\/vc_column_text][\/vc_column_inner][\/vc_row_inner][\/vc_column][\/vc_row][vc_row css_animation=&#8221;&#8221; row_type=&#8221;row&#8221; use_row_as_full_screen_section=&#8221;no&#8221; type=&#8221;full_width&#8221; angled_section=&#8221;no&#8221; text_align=&#8221;left&#8221; background_image_as_pattern=&#8221;without_pattern&#8221;][vc_column el_class=&#8221;hearth&#8221;][vc_single_image...","og_url":"https:\/\/zahoramizadolami.sk\/hu\/cycling-routes\/","og_site_name":"Za horami, za dolami v Banskobystrickom kraji","article_publisher":"https:\/\/www.facebook.com\/zahoramizadolami.sk\/","article_modified_time":"2025-03-03T15:38:22+00:00","twitter_card":"summary_large_image","twitter_misc":{"Becs\u00fclt olvas\u00e1si id\u0151":"1 perc"},"schema":{"@context":"https:\/\/schema.org","@graph":[{"@type":"WebPage","@id":"https:\/\/zahoramizadolami.sk\/hu\/cycling-routes\/","url":"https:\/\/zahoramizadolami.sk\/hu\/cycling-routes\/","name":"Cycling Routes - Za horami, za dolami v Banskobystrickom kraji","isPartOf":{"@id":"https:\/\/zahoramizadolami.sk\/#website"},"datePublished":"2021-04-12T17:34:59+00:00","dateModified":"2025-03-03T15:38:22+00:00","breadcrumb":{"@id":"https:\/\/zahoramizadolami.sk\/hu\/cycling-routes\/#breadcrumb"},"inLanguage":"hu","potentialAction":[{"@type":"ReadAction","target":["https:\/\/zahoramizadolami.sk\/hu\/cycling-routes\/"]}]},{"@type":"BreadcrumbList","@id":"https:\/\/zahoramizadolami.sk\/hu\/cycling-routes\/#breadcrumb","itemListElement":[{"@type":"ListItem","position":1,"name":"Home","item":"https:\/\/zahoramizadolami.sk\/hu\/"},{"@type":"ListItem","position":2,"name":"Cycling Routes"}]},{"@type":"WebSite","@id":"https:\/\/zahoramizadolami.sk\/#website","url":"https:\/\/zahoramizadolami.sk\/","name":"Za horami, za dolami v Banskobystrickom kraji","description":"Za horami, za dolami, bol raz jeden Banskobystrick\u00fd kraj.","potentialAction":[{"@type":"SearchAction","target":{"@type":"EntryPoint","urlTemplate":"https:\/\/zahoramizadolami.sk\/?s={search_term_string}"},"query-input":{"@type":"PropertyValueSpecification","valueRequired":true,"valueName":"search_term_string"}}],"inLanguage":"hu"}]}},"_links":{"self":[{"href":"https:\/\/zahoramizadolami.sk\/hu\/wp-json\/wp\/v2\/pages\/46398","targetHints":{"allow":["GET"]}}],"collection":[{"href":"https:\/\/zahoramizadolami.sk\/hu\/wp-json\/wp\/v2\/pages"}],"about":[{"href":"https:\/\/zahoramizadolami.sk\/hu\/wp-json\/wp\/v2\/types\/page"}],"author":[{"embeddable":true,"href":"https:\/\/zahoramizadolami.sk\/hu\/wp-json\/wp\/v2\/users\/10"}],"replies":[{"embeddable":true,"href":"https:\/\/zahoramizadolami.sk\/hu\/wp-json\/wp\/v2\/comments?post=46398"}],"version-history":[{"count":1,"href":"https:\/\/zahoramizadolami.sk\/hu\/wp-json\/wp\/v2\/pages\/46398\/revisions"}],"predecessor-version":[{"id":47860,"href":"https:\/\/zahoramizadolami.sk\/hu\/wp-json\/wp\/v2\/pages\/46398\/revisions\/47860"}],"wp:attachment":[{"href":"https:\/\/zahoramizadolami.sk\/hu\/wp-json\/wp\/v2\/media?parent=46398"}],"curies":[{"name":"wp","href":"https:\/\/api.w.org\/{rel}","templated":true}]}}