{"id":46826,"date":"2020-12-13T23:35:22","date_gmt":"2020-12-13T22:35:22","guid":{"rendered":"https:\/\/www.zahoramizadolami.sk\/?page_id=46826"},"modified":"2023-11-27T22:20:34","modified_gmt":"2023-11-27T21:20:34","slug":"vagj-neki-a-sifutasnak","status":"publish","type":"page","link":"https:\/\/zahoramizadolami.sk\/hu\/vagj-neki-a-sifutasnak\/","title":{"rendered":"V\u00e1gj neki a s\u00edfut\u00e1snak"},"content":{"rendered":"<div class=\"wpb-content-wrapper\"><p>[vc_row css_animation=&#8221;&#8221; row_type=&#8221;row&#8221; use_row_as_full_screen_section=&#8221;no&#8221; type=&#8221;full_width&#8221; angled_section=&#8221;no&#8221; text_align=&#8221;left&#8221; background_image_as_pattern=&#8221;without_pattern&#8221; z_index=&#8221;1&#8243;][vc_column][vc_row_inner row_type=&#8221;row&#8221; type=&#8221;full_width&#8221; text_align=&#8221;center&#8221; padding_top=&#8221;250&#8243; padding_bottom=&#8221;250&#8243; css_animation=&#8221;&#8221; el_class=&#8221;pribehy-row&#8221; css=&#8221;.vc_custom_1607899300157{background-image: url(https:\/\/zahoramizadolami.sk\/wp-content\/uploads\/2019\/01\/Zimne-zazitky-title-FHD.jpg?id=2401) !important;}&#8221;][vc_column_inner][vc_column_text el_class=&#8221;spoznaj-region-subtitle&#8221;]<\/p>\n<h1 style=\"text-shadow: 2px 2px 5px #000;\"><span style=\"color: #ffffff;\">V\u00c1GJ NEKI A S\u00cdFUT\u00c1SNAK<\/span><\/h1>\n<p>[\/vc_column_text][vc_column_text el_class=&#8221;spoznaj-region-title&#8221;]<\/p>\n<h1 style=\"text-shadow: 2px 2px 5px #000;\"><span style=\"color: #ffffff;\">Akt\u00edvan az eg\u00e9szs\u00e9g\u00e9rt \u00e9s boldogs\u00e1g\u00e9rt<\/span><\/h1>\n<p>[\/vc_column_text][\/vc_column_inner][\/vc_row_inner][\/vc_column][\/vc_row][vc_row css_animation=&#8221;&#8221; row_type=&#8221;row&#8221; use_row_as_full_screen_section=&#8221;no&#8221; type=&#8221;grid&#8221; angled_section=&#8221;no&#8221; text_align=&#8221;left&#8221; background_image_as_pattern=&#8221;without_pattern&#8221; background_color=&#8221;#ffffff&#8221; z_index=&#8221;1&#8243;][vc_column width=&#8221;1\/6&#8243; el_class=&#8221;detail-top&#8221;][\/vc_column][vc_column width=&#8221;2\/3&#8243; el_class=&#8221;detail-top&#8221;][vc_empty_space height=&#8221;80&#8243;][vc_column_text]<\/p>\n<h1>S\u00edfutunk!<\/h1>\n<p>[\/vc_column_text][vc_empty_space height=&#8221;35px&#8221;][vc_column_text]A fest\u0151i havas term\u00e9szet, a k\u00f6rnyez\u0151 hegyek gy\u00f6ny\u00f6r\u0171 t\u00e1ja \u00e9s a friss leveg\u0151 a\u00a0s\u00edfut\u00f3p\u00e1ly\u00e1n igazi \u00e9lvezetet ny\u00fajt. Az eg\u00e9szs\u00e9ges leveg\u0151 \u00e9s a\u00a0t\u00e9li sportok kombin\u00e1ci\u00f3ja ide\u00e1lis v\u00e1laszt\u00e1s mindenki sz\u00e1m\u00e1ra, kort\u00f3l f\u00fcggetlen\u00fcl. \u00c9n s\u00edfutok, te s\u00edfutsz, mi s\u00edfutunk a Beszterceb\u00e1nyai r\u00e9gi\u00f3ban. A rosszul viaszolt s\u00edl\u00e9ceken k\u00edv\u00fcl csak a term\u00e9szetes h\u00f3 hi\u00e1nya lehet akad\u00e1ly. \u00c9s csak ett\u0151l f\u00fcgg a\u00a0s\u00edfut\u00f3k t\u00f6k\u00e9letes akci\u00f3d\u00fas tele.<\/p>\n<p>&nbsp;<\/p>\n<p>A s\u00edfut\u00e1st, mint szabadid\u0151sportot \u00e9s a klasszikus s\u00edel\u00e9s alternat\u00edv\u00e1j\u00e1t egyre t\u00f6bben keresik. Felt\u00f6lt\u0151d\u00e9s a friss t\u00e9li leveg\u0151n, test\u00fcnk energi\u00e1j\u00e1nak meg\u00faj\u00edt\u00e1sa, az eg\u00e9szs\u00e9g er\u0151s\u00edt\u00e9se, a gy\u00f6ny\u00f6r\u0171 kil\u00e1t\u00e1s \u00e9s a term\u00e9szet csendje kiv\u00e1l\u00f3 okok arra, hogy a\u00a0k\u00e9t nyomon sz\u00e1guld\u00e1st v\u00e1lasszuk t\u00e9li szabadid\u0151s sportnak. V\u00e1gj neki a s\u00edfut\u00f3p\u00e1ly\u00e1knak, \u00e9s \u00e9lj \u00e1t s\u00edl\u00e9ceken egy akci\u00f3d\u00fas telet a Beszterceb\u00e1nyai r\u00e9gi\u00f3ban.[\/vc_column_text][vc_empty_space height=&#8221;40px&#8221;][vc_column_text]<\/p>\n<h3>\u00c9s hova indulj el?<\/h3>\n<p>&nbsp;<\/p>\n<p>Csak rajtad m\u00falik, hogy a K\u00f6rm\u00f6ci hegyekben tal\u00e1lhat\u00f3 Skalka, vagy Donovaly, Osrblie, T\u00e1le, Pohansk\u00e9, Telg\u00e1rt, L\u00e1tky, esetleg a Selmeci hegyeknek v\u00e1gsz neki. V\u00e1lassz\u00e1l A hegyeken innen, v\u00f6lgyeken t\u00fali r\u00e9gi\u00f3 aj\u00e1nlat\u00e1b\u00f3l.[\/vc_column_text][vc_empty_space height=&#8221;40px&#8221;][\/vc_column][vc_column width=&#8221;1\/6&#8243; el_class=&#8221;detail-top&#8221;][\/vc_column][\/vc_row][vc_row css_animation=&#8221;&#8221; row_type=&#8221;row&#8221; use_row_as_full_screen_section=&#8221;no&#8221; type=&#8221;full_width&#8221; anchor=&#8221;mapa-bezky&#8221; angled_section=&#8221;no&#8221; text_align=&#8221;left&#8221; background_image_as_pattern=&#8221;without_pattern&#8221; z_index=&#8221;999999999&#8243; el_id=&#8221;mapa-bezky&#8221;][vc_column][vc_column_text][vc_row css_animation=\"\" row_type=\"row\" use_row_as_full_screen_section=\"no\" type=\"full_width\" angled_section=\"no\" text_align=\"left\" background_image_as_pattern=\"without_pattern\" side_padding=\"10\" z_index=\"\"][vc_column][vc_raw_html]JTIwJTIwJTIwJTIwJTNDZGl2JTIwY2xhc3MlM0QlMjJvYXgtdG9wLWNvbnQlMjIlM0UlMEElMEElM0NzY3JpcHQlMjB0eXBlJTNEJTIydGV4dCUyRmphdmFzY3JpcHQlMjIlMjBhc3luYyUzRSUwQSUyMCUyMCUyMCUyMCUyMCUyMCUwOWRvY3VtZW50LmFkZEV2ZW50TGlzdGVuZXIlMjglMjJET01Db250ZW50TG9hZGVkJTIyJTJDJTIwZnVuY3Rpb24lMjglMjklMjAlN0IlMEElMDklMDklMDl2YXIlMjBjb25mJTIwJTNEJTIwJTdCJTBBJTA5JTA5JTA5JTA5ZnJvbnRlbmR0eXBlJTNBJTIwJTIwJTIwJTIydG91ciUyMiUyQyUyMCUyMCUyMCUyMCUyMCUyMCUyMCUyMCUyMCUyMCUyRiUyRiUyMGNob29zZSUyMGNvbnRlbnQlMjB0eXBlJTBBJTA5JTA5JTA5JTA5em9vbSUzQSUyMCUyMCUyMCUyMCUyMCUyMCUyMCUyMCUyMCUyMCUyMDklMkMlMjAlMjAlMjAlMjAlMjAlMjAlMjAlMjAlMjAlMjAlMjAlMjAlMjAlMjAlMkYlMkYlMjBzZXQlMjBpbml0aWFsJTIwem9vbSUyMGxldmVsJTBBJTA5JTA5JTA5JTA5Y2VudGVyJTNBJTIwJTIwJTIwJTIwJTIwJTIwJTIwJTVCJTIwMTkuNTQyNDklMkM0OC42MDIwMCUyMCU1RCUyMCUyRiUyRiUyMHNldCUyMGluaXRpYWwlMjBtYXAlMjBjZW50ZXIlMEElMjAlMDklMDklMDklN0QlM0IlMEElMDklMDklMDljb25mLmNmZyUyMCUzRCUyMCU3QiUwQSUwOSUwOSUwOSUwOSUyMndoYXQlMjIlM0ElMjAlN0IlMEElMDklMDklMDklMDklMjJzZWxlY3RlZF9pbml0JTIyJTNBJTIwJTIyQmVoJTIwbmElMjBseSVDNSVCRWlhY2glMjIlMEElMDklMDklMDklMDklN0QlMEElMDklMDklMDklN0QlM0IlMEF2YXIlMjBmdnAlMjAlM0QlMjBvYS5hcGkuZmxleHZpZXdwYWdlJTI4Y29uZiUyOSUzQiUwOSUwQSUwOSUwOSU3RCUyOSUzQiUwQXZhciUyMGhhc2glMjAlM0QlMjB3aW5kb3cubG9jYXRpb24uaGFzaCUyQyUyMCUyRiUyRmdldCUyMHRoZSUyMGhhc2glMjBmcm9tJTIwdXJsJTBBJTIwJTIwJTIwJTIwY2xlYW5oYXNoJTIwJTNEJTIwaGFzaC5yZXBsYWNlJTI4JTIyJTIzJTIyJTJDJTIwJTIyJTIyJTI5JTNCJTIwJTJGJTJGcmVtb3ZlJTIwdGhlJTIwJTIzJTBBJTIwJTIwJTIwJTIwJTJGJTJGYWxlcnQlMjhjbGVhbmhhc2glMjklM0IlMEElMjAlMjAlMjAlMjAlM0MlMkZzY3JpcHQlM0UlMDklMEElM0MlMkZkaXYlM0U=[\/vc_raw_html][\/vc_column][\/vc_row][\/vc_column_text][\/vc_column][\/vc_row][vc_row css_animation=&#8221;&#8221; row_type=&#8221;row&#8221; use_row_as_full_screen_section=&#8221;no&#8221; type=&#8221;full_width&#8221; angled_section=&#8221;no&#8221; text_align=&#8221;left&#8221; background_image_as_pattern=&#8221;without_pattern&#8221; z_index=&#8221;1&#8243;][vc_column][vc_gallery type=&#8221;image_grid&#8221; images=&#8221;13130,13133,13136,13145,13148,13151,13157,13160,13163,13166&#8243; img_size=&#8221;400&#215;250&#8243; column_number=&#8221;5&#8243; grayscale=&#8221;no&#8221; images_space=&#8221;gallery_without_space&#8221; el_class=&#8221;gallery-divider&#8221;][\/vc_column][\/vc_row][vc_row css_animation=&#8221;&#8221; row_type=&#8221;row&#8221; use_row_as_full_screen_section=&#8221;no&#8221; type=&#8221;full_width&#8221; angled_section=&#8221;no&#8221; text_align=&#8221;left&#8221; background_image_as_pattern=&#8221;without_pattern&#8221; z_index=&#8221;1&#8243;][vc_column][vc_empty_space height=&#8221;80&#8243;][vc_column_text][vc_row css_animation=\"\" row_type=\"row\" use_row_as_full_screen_section=\"no\" type=\"grid\" angled_section=\"no\" text_align=\"left\" background_image_as_pattern=\"without_pattern\" padding_bottom=\"50\" z_index=\"\"][vc_column][vc_row_inner row_type=\"row\" type=\"full_width\" text_align=\"left\" css_animation=\"\"][vc_column_inner][vc_column_text el_class=\"title-with-image\"]\r\n<h2>Akci\u00f3d\u00fas t\u00e9l<\/h2>\r\n[\/vc_column_text][\/vc_column_inner][\/vc_row_inner][vc_empty_space height=\"28px\"][vc_column_text el_class=\"text-max-width\"]Elj\u00f6tt a t\u00e9l a\u00a0hegyeken innen, v\u00f6lgyeken t\u00fali vid\u00e9kre. Mi\u00e9rt \u00fcln\u00e9nk h\u00e1t otthon? \u00c9ljen a s\u00edel\u00e9s, a s\u00edfut\u00e1s vagy a sz\u00e1nk\u00f3z\u00e1s! A sport, a sz\u00f3rakoz\u00e1s, \u00e9s a\u00a0v\u00e1rva-v\u00e1rt kikapcsol\u00f3d\u00e1s is seg\u00edt felt\u00f6lt\u0151dni a mai rohan\u00f3 vil\u00e1gban.[\/vc_column_text][\/vc_column][\/vc_row][\/vc_column_text][vc_column_text][vc_row css_animation=\"\" row_type=\"row\" use_row_as_full_screen_section=\"no\" type=\"grid\" angled_section=\"no\" text_align=\"left\" background_image_as_pattern=\"without_pattern\" padding_bottom=\"50\" z_index=\"\"][vc_column][vc_row_inner row_type=\"row\" type=\"full_width\" text_align=\"left\" css_animation=\"\"][vc_column_inner width=\"1\/4\"][qode_elements_holder number_of_columns=\"one_column\"][qode_elements_holder_item vertical_alignment=\"top\" horizontal_alignment=\"center\" advanced_animations=\"no\" custom_class=\"top-zazitky blue\"][vc_raw_html el_class=\"all-link-html\"]JTNDYSUyMGNsYXNzJTNEJTIyYWxsLWxpbmslMjIlMjBocmVmJTNEJTIyJTJGaHUlMkZ0ZWxpLWluc3BpcmFjaW9rJTJGJTIyJTNFJTNDJTJGYSUzRQ==[\/vc_raw_html][vc_column_text el_class=\"ponuky-region blue\"]<strong>\u00c9LD \u00c1T<\/strong>[\/vc_column_text][vc_single_image image=\"18134\" img_size=\"full\" alignment=\"center\" qode_css_animation=\"\" el_class=\"ponuky-image\"][vc_column_text el_class=\"ponuky-title\"]T\u00e9li inspir\u00e1ci\u00f3k[\/vc_column_text][vc_column_text el_class=\"ponuky-text\"]Legyen sz\u00f3 s\u00edfut\u00e1sr\u00f3l, s\u00edel\u00e9sr\u0151l, korcsoly\u00e1z\u00e1sr\u00f3l vagy csak barangol\u00e1sr\u00f3l a t\u00e9li term\u00e9szetben... Rengeteg lehet\u0151s\u00e9g van mindenkinek, sportol\u00f3nak \u00e9s kezd\u0151nek...[\/vc_column_text][vc_empty_space]<a  itemprop=\"url\" href=\"\/hu\/teli-inspiraciok\/\" target=\"_self\" data-hover-color=\"#ffffff\" class=\"qbutton  medium default\" style=\"color: #001689; border-color: #001689; \">Olvasd tov\u00e1bb &gt;&gt;<\/a>[vc_empty_space][\/qode_elements_holder_item][\/qode_elements_holder][vc_empty_space][\/vc_column_inner][vc_column_inner width=\"1\/4\"][qode_elements_holder number_of_columns=\"one_column\"][qode_elements_holder_item vertical_alignment=\"top\" horizontal_alignment=\"center\" advanced_animations=\"no\" custom_class=\"top-zazitky pink\"][vc_raw_html el_class=\"all-link-html\"]JTNDYSUyMGNsYXNzJTNEJTIyYWxsLWxpbmslMjIlMjBocmVmJTNEJTIyJTJGaHUlMkZ2YWdqLW5la2ktYS1zaWZ1dGFzbmFrJTJGJTIyJTNFJTNDJTJGYSUzRQ==[\/vc_raw_html][vc_column_text el_class=\"ponuky-region pink\"]<strong>V\u00c1GJ NEKI A S\u00cdFUT\u00c1SNAK<\/strong>[\/vc_column_text][vc_single_image image=\"18143\" img_size=\"full\" alignment=\"center\" qode_css_animation=\"\" el_class=\"ponuky-image\"][vc_column_text el_class=\"ponuky-title\"]Akt\u00edvan az \u00f6r\u00f6m\u00e9rt \u00e9s az eg\u00e9szs\u00e9g\u00e9rt[\/vc_column_text][vc_column_text el_class=\"ponuky-text\"]A s\u00edfut\u00e1s egyre n\u00e9pszer\u0171bb \u00e9s k\u00f6zkedveltebb sport.\r\nA\u00a0hegyeken innen, v\u00f6lgyeken t\u00fali r\u00e9gi\u00f3ban telejess\u00e9gben \u00e9lvezheted ezt a kellemes sportot.[\/vc_column_text][vc_empty_space]<a  itemprop=\"url\" href=\"\/hu\/vagj-neki-a-sifutasnak\/\" target=\"_self\" data-hover-color=\"#ffffff\" class=\"qbutton  medium default\" style=\"color: #001689; border-color: #001689; \">Olvasd tov\u00e1bb &gt;&gt;<\/a>[vc_empty_space][\/qode_elements_holder_item][\/qode_elements_holder][vc_empty_space][\/vc_column_inner][vc_column_inner width=\"1\/4\"][qode_elements_holder number_of_columns=\"one_column\"][qode_elements_holder_item vertical_alignment=\"top\" horizontal_alignment=\"center\" advanced_animations=\"no\" custom_class=\"top-zazitky yellow\"][vc_raw_html el_class=\"all-link-html\"]JTNDYSUyMGNsYXNzJTNEJTIyYWxsLWxpbmslMjIlMjBocmVmJTNEJTIyJTJGaHUlMkZzaXBhbHlhcmEtZmVsJTJGJTIyJTNFJTNDJTJGYSUzRQ==[\/vc_raw_html][vc_column_text el_class=\"ponuky-region yellow\"]<strong>S\u00cdP\u00c1LY\u00c1RA FEL<\/strong>[\/vc_column_text][vc_single_image image=\"3106\" img_size=\"full\" alignment=\"center\" qode_css_animation=\"\" el_class=\"ponuky-image\"][vc_column_text el_class=\"ponuky-title\"]S\u00edeld ki magad[\/vc_column_text][vc_column_text el_class=\"ponuky-text\"]J\u00f3l karbantartott p\u00e1ly\u00e1k \u00e9s s\u00edfut\u00f3p\u00e1ly\u00e1k, snowboard ar\u00e9n\u00e1k, s\u00ediskol\u00e1k \u00e9s \u00f3vod\u00e1k,\r\nfelszerel\u00e9sk\u00f6lcs\u00f6nz\u00e9s \u00e9s \u00e9jszakai s\u00edel\u00e9s.[\/vc_column_text][vc_empty_space]<a  itemprop=\"url\" href=\"\/hu\/sipalyara-fel\/\" target=\"_self\" data-hover-color=\"#ffffff\" class=\"qbutton  medium default\" style=\"color: #001689; border-color: #001689; \">Olvasd tov\u00e1bb &gt;&gt;<\/a>[vc_empty_space][\/qode_elements_holder_item][\/qode_elements_holder][vc_empty_space][\/vc_column_inner][vc_column_inner width=\"1\/4\"][qode_elements_holder number_of_columns=\"one_column\"][qode_elements_holder_item vertical_alignment=\"top\" horizontal_alignment=\"center\" advanced_animations=\"no\" custom_class=\"top-zazitky green\"][vc_raw_html]JTNDYSUyMGNsYXNzJTNEJTIyYWxsLWxpbmslMjIlMjBocmVmJTNEJTIyJTIzJTIyJTNFJTNDJTJGYSUzRQ==[\/vc_raw_html][vc_column_text el_class=\"ponuky-region green\"]<strong>S\u00cdBUSZOK<\/strong>[\/vc_column_text][vc_single_image image=\"3109\" img_size=\"full\" alignment=\"center\" qode_css_animation=\"\" el_class=\"ponuky-image\"][vc_column_text el_class=\"ponuky-title\"]K\u00e9nyelmesen \u00e9s k\u00f6rnyezetbar\u00e1tan[\/vc_column_text][vc_column_text el_class=\"ponuky-text\"]Engedd, hogy a s\u00edbuszok a legszebb t\u00e9li \u00e9lm\u00e9nyekhez sz\u00e1ll\u00edtsanak s\u00edk\u00f6zpontjainkba az eg\u00e9sz t\u00e9li szezon sor\u00e1n.\r\n\r\n&nbsp;\r\n\r\n[\/vc_column_text][vc_empty_space]<a  itemprop=\"url\" href=\"#\" target=\"_self\" data-hover-color=\"#ffffff\" class=\"qbutton  medium default\" style=\"color: #001689; border-color: #001689; \">El\u0151k\u00e9sz\u00fcletben<\/a>[vc_empty_space][\/qode_elements_holder_item][\/qode_elements_holder][vc_empty_space][\/vc_column_inner][\/vc_row_inner][\/vc_column][\/vc_row][\/vc_column_text][vc_empty_space height=&#8221;40&#8243;][\/vc_column][\/vc_row]<\/p>\n<\/div>","protected":false},"excerpt":{"rendered":"<p>[vc_row css_animation=&#8221;&#8221; row_type=&#8221;row&#8221; use_row_as_full_screen_section=&#8221;no&#8221; type=&#8221;full_width&#8221; angled_section=&#8221;no&#8221; text_align=&#8221;left&#8221; background_image_as_pattern=&#8221;without_pattern&#8221; z_index=&#8221;1&#8243;][vc_column][vc_row_inner row_type=&#8221;row&#8221; type=&#8221;full_width&#8221; text_align=&#8221;center&#8221; padding_top=&#8221;250&#8243; padding_bottom=&#8221;250&#8243; css_animation=&#8221;&#8221; el_class=&#8221;pribehy-row&#8221; css=&#8221;.vc_custom_1607899300157{background-image: url(https:\/\/zahoramizadolami.sk\/wp-content\/uploads\/2019\/01\/Zimne-zazitky-title-FHD.jpg?id=2401) !important;}&#8221;][vc_column_inner][vc_column_text el_class=&#8221;spoznaj-region-subtitle&#8221;] V\u00c1GJ NEKI A S\u00cdFUT\u00c1SNAK [\/vc_column_text][vc_column_text el_class=&#8221;spoznaj-region-title&#8221;] Akt\u00edvan az eg\u00e9szs\u00e9g\u00e9rt \u00e9s boldogs\u00e1g\u00e9rt [\/vc_column_text][\/vc_column_inner][\/vc_row_inner][\/vc_column][\/vc_row][vc_row css_animation=&#8221;&#8221; row_type=&#8221;row&#8221; use_row_as_full_screen_section=&#8221;no&#8221; type=&#8221;grid&#8221; angled_section=&#8221;no&#8221; text_align=&#8221;left&#8221; background_image_as_pattern=&#8221;without_pattern&#8221; background_color=&#8221;#ffffff&#8221; z_index=&#8221;1&#8243;][vc_column width=&#8221;1\/6&#8243; el_class=&#8221;detail-top&#8221;][\/vc_column][vc_column width=&#8221;2\/3&#8243; el_class=&#8221;detail-top&#8221;][vc_empty_space&#8230;<\/p>\n","protected":false},"author":10,"featured_media":0,"parent":0,"menu_order":0,"comment_status":"closed","ping_status":"closed","template":"full_width.php","meta":{"inline_featured_image":false,"footnotes":""},"class_list":["post-46826","page","type-page","status-publish","hentry"],"yoast_head":"<!-- This site is optimized with the Yoast SEO plugin v25.0 - https:\/\/yoast.com\/wordpress\/plugins\/seo\/ -->\n<title>V\u00e1gj neki a s\u00edfut\u00e1snak - Za horami, za dolami v Banskobystrickom kraji<\/title>\n<meta name=\"robots\" content=\"index, follow, max-snippet:-1, max-image-preview:large, max-video-preview:-1\" \/>\n<link rel=\"canonical\" href=\"https:\/\/zahoramizadolami.sk\/na-bezky\/\" \/>\n<meta property=\"og:locale\" content=\"hu_HU\" \/>\n<meta property=\"og:type\" content=\"article\" \/>\n<meta property=\"og:title\" content=\"V\u00e1gj neki a s\u00edfut\u00e1snak - Za horami, za dolami v Banskobystrickom kraji\" \/>\n<meta property=\"og:description\" content=\"[vc_row css_animation=&#8221;&#8221; row_type=&#8221;row&#8221; use_row_as_full_screen_section=&#8221;no&#8221; type=&#8221;full_width&#8221; angled_section=&#8221;no&#8221; text_align=&#8221;left&#8221; background_image_as_pattern=&#8221;without_pattern&#8221; z_index=&#8221;1&#8243;][vc_column][vc_row_inner row_type=&#8221;row&#8221; type=&#8221;full_width&#8221; text_align=&#8221;center&#8221; padding_top=&#8221;250&#8243; padding_bottom=&#8221;250&#8243; css_animation=&#8221;&#8221; el_class=&#8221;pribehy-row&#8221; css=&#8221;.vc_custom_1607899300157{background-image: url(https:\/\/zahoramizadolami.sk\/wp-content\/uploads\/2019\/01\/Zimne-zazitky-title-FHD.jpg?id=2401) !important;}&#8221;][vc_column_inner][vc_column_text el_class=&#8221;spoznaj-region-subtitle&#8221;] V\u00c1GJ NEKI A S\u00cdFUT\u00c1SNAK [\/vc_column_text][vc_column_text el_class=&#8221;spoznaj-region-title&#8221;] Akt\u00edvan az eg\u00e9szs\u00e9g\u00e9rt \u00e9s boldogs\u00e1g\u00e9rt [\/vc_column_text][\/vc_column_inner][\/vc_row_inner][\/vc_column][\/vc_row][vc_row css_animation=&#8221;&#8221; row_type=&#8221;row&#8221; use_row_as_full_screen_section=&#8221;no&#8221; type=&#8221;grid&#8221; angled_section=&#8221;no&#8221; text_align=&#8221;left&#8221; background_image_as_pattern=&#8221;without_pattern&#8221; background_color=&#8221;#ffffff&#8221; z_index=&#8221;1&#8243;][vc_column width=&#8221;1\/6&#8243; el_class=&#8221;detail-top&#8221;][\/vc_column][vc_column width=&#8221;2\/3&#8243; el_class=&#8221;detail-top&#8221;][vc_empty_space...\" \/>\n<meta property=\"og:url\" content=\"https:\/\/zahoramizadolami.sk\/na-bezky\/\" \/>\n<meta property=\"og:site_name\" content=\"Za horami, za dolami v Banskobystrickom kraji\" \/>\n<meta property=\"article:publisher\" content=\"https:\/\/www.facebook.com\/zahoramizadolami.sk\/\" \/>\n<meta property=\"article:modified_time\" content=\"2023-11-27T21:20:34+00:00\" \/>\n<meta name=\"twitter:card\" content=\"summary_large_image\" \/>\n<meta name=\"twitter:label1\" content=\"Becs\u00fclt olvas\u00e1si id\u0151\" \/>\n\t<meta name=\"twitter:data1\" content=\"2 perc\" \/>\n<script type=\"application\/ld+json\" class=\"yoast-schema-graph\">{\"@context\":\"https:\/\/schema.org\",\"@graph\":[{\"@type\":\"WebPage\",\"@id\":\"https:\/\/zahoramizadolami.sk\/na-bezky\/\",\"url\":\"https:\/\/zahoramizadolami.sk\/na-bezky\/\",\"name\":\"V\u00e1gj neki a s\u00edfut\u00e1snak - Za horami, za dolami v Banskobystrickom kraji\",\"isPartOf\":{\"@id\":\"https:\/\/zahoramizadolami.sk\/#website\"},\"datePublished\":\"2020-12-13T22:35:22+00:00\",\"dateModified\":\"2023-11-27T21:20:34+00:00\",\"breadcrumb\":{\"@id\":\"https:\/\/zahoramizadolami.sk\/na-bezky\/#breadcrumb\"},\"inLanguage\":\"hu\",\"potentialAction\":[{\"@type\":\"ReadAction\",\"target\":[\"https:\/\/zahoramizadolami.sk\/na-bezky\/\"]}]},{\"@type\":\"BreadcrumbList\",\"@id\":\"https:\/\/zahoramizadolami.sk\/na-bezky\/#breadcrumb\",\"itemListElement\":[{\"@type\":\"ListItem\",\"position\":1,\"name\":\"Home\",\"item\":\"https:\/\/zahoramizadolami.sk\/hu\/\"},{\"@type\":\"ListItem\",\"position\":2,\"name\":\"V\u00e1gj neki a s\u00edfut\u00e1snak\"}]},{\"@type\":\"WebSite\",\"@id\":\"https:\/\/zahoramizadolami.sk\/#website\",\"url\":\"https:\/\/zahoramizadolami.sk\/\",\"name\":\"Za horami, za dolami v Banskobystrickom kraji\",\"description\":\"Za horami, za dolami, bol raz jeden Banskobystrick\u00fd kraj.\",\"potentialAction\":[{\"@type\":\"SearchAction\",\"target\":{\"@type\":\"EntryPoint\",\"urlTemplate\":\"https:\/\/zahoramizadolami.sk\/?s={search_term_string}\"},\"query-input\":{\"@type\":\"PropertyValueSpecification\",\"valueRequired\":true,\"valueName\":\"search_term_string\"}}],\"inLanguage\":\"hu\"}]}<\/script>\n<!-- \/ Yoast SEO plugin. -->","yoast_head_json":{"title":"V\u00e1gj neki a s\u00edfut\u00e1snak - Za horami, za dolami v Banskobystrickom kraji","robots":{"index":"index","follow":"follow","max-snippet":"max-snippet:-1","max-image-preview":"max-image-preview:large","max-video-preview":"max-video-preview:-1"},"canonical":"https:\/\/zahoramizadolami.sk\/na-bezky\/","og_locale":"hu_HU","og_type":"article","og_title":"V\u00e1gj neki a s\u00edfut\u00e1snak - Za horami, za dolami v Banskobystrickom kraji","og_description":"[vc_row css_animation=&#8221;&#8221; row_type=&#8221;row&#8221; use_row_as_full_screen_section=&#8221;no&#8221; type=&#8221;full_width&#8221; angled_section=&#8221;no&#8221; text_align=&#8221;left&#8221; background_image_as_pattern=&#8221;without_pattern&#8221; z_index=&#8221;1&#8243;][vc_column][vc_row_inner row_type=&#8221;row&#8221; type=&#8221;full_width&#8221; text_align=&#8221;center&#8221; padding_top=&#8221;250&#8243; padding_bottom=&#8221;250&#8243; css_animation=&#8221;&#8221; el_class=&#8221;pribehy-row&#8221; css=&#8221;.vc_custom_1607899300157{background-image: url(https:\/\/zahoramizadolami.sk\/wp-content\/uploads\/2019\/01\/Zimne-zazitky-title-FHD.jpg?id=2401) !important;}&#8221;][vc_column_inner][vc_column_text el_class=&#8221;spoznaj-region-subtitle&#8221;] V\u00c1GJ NEKI A S\u00cdFUT\u00c1SNAK [\/vc_column_text][vc_column_text el_class=&#8221;spoznaj-region-title&#8221;] Akt\u00edvan az eg\u00e9szs\u00e9g\u00e9rt \u00e9s boldogs\u00e1g\u00e9rt [\/vc_column_text][\/vc_column_inner][\/vc_row_inner][\/vc_column][\/vc_row][vc_row css_animation=&#8221;&#8221; row_type=&#8221;row&#8221; use_row_as_full_screen_section=&#8221;no&#8221; type=&#8221;grid&#8221; angled_section=&#8221;no&#8221; text_align=&#8221;left&#8221; background_image_as_pattern=&#8221;without_pattern&#8221; background_color=&#8221;#ffffff&#8221; z_index=&#8221;1&#8243;][vc_column width=&#8221;1\/6&#8243; el_class=&#8221;detail-top&#8221;][\/vc_column][vc_column width=&#8221;2\/3&#8243; el_class=&#8221;detail-top&#8221;][vc_empty_space...","og_url":"https:\/\/zahoramizadolami.sk\/na-bezky\/","og_site_name":"Za horami, za dolami v Banskobystrickom kraji","article_publisher":"https:\/\/www.facebook.com\/zahoramizadolami.sk\/","article_modified_time":"2023-11-27T21:20:34+00:00","twitter_card":"summary_large_image","twitter_misc":{"Becs\u00fclt olvas\u00e1si id\u0151":"2 perc"},"schema":{"@context":"https:\/\/schema.org","@graph":[{"@type":"WebPage","@id":"https:\/\/zahoramizadolami.sk\/na-bezky\/","url":"https:\/\/zahoramizadolami.sk\/na-bezky\/","name":"V\u00e1gj neki a s\u00edfut\u00e1snak - Za horami, za dolami v Banskobystrickom kraji","isPartOf":{"@id":"https:\/\/zahoramizadolami.sk\/#website"},"datePublished":"2020-12-13T22:35:22+00:00","dateModified":"2023-11-27T21:20:34+00:00","breadcrumb":{"@id":"https:\/\/zahoramizadolami.sk\/na-bezky\/#breadcrumb"},"inLanguage":"hu","potentialAction":[{"@type":"ReadAction","target":["https:\/\/zahoramizadolami.sk\/na-bezky\/"]}]},{"@type":"BreadcrumbList","@id":"https:\/\/zahoramizadolami.sk\/na-bezky\/#breadcrumb","itemListElement":[{"@type":"ListItem","position":1,"name":"Home","item":"https:\/\/zahoramizadolami.sk\/hu\/"},{"@type":"ListItem","position":2,"name":"V\u00e1gj neki a s\u00edfut\u00e1snak"}]},{"@type":"WebSite","@id":"https:\/\/zahoramizadolami.sk\/#website","url":"https:\/\/zahoramizadolami.sk\/","name":"Za horami, za dolami v Banskobystrickom kraji","description":"Za horami, za dolami, bol raz jeden Banskobystrick\u00fd kraj.","potentialAction":[{"@type":"SearchAction","target":{"@type":"EntryPoint","urlTemplate":"https:\/\/zahoramizadolami.sk\/?s={search_term_string}"},"query-input":{"@type":"PropertyValueSpecification","valueRequired":true,"valueName":"search_term_string"}}],"inLanguage":"hu"}]}},"_links":{"self":[{"href":"https:\/\/zahoramizadolami.sk\/hu\/wp-json\/wp\/v2\/pages\/46826","targetHints":{"allow":["GET"]}}],"collection":[{"href":"https:\/\/zahoramizadolami.sk\/hu\/wp-json\/wp\/v2\/pages"}],"about":[{"href":"https:\/\/zahoramizadolami.sk\/hu\/wp-json\/wp\/v2\/types\/page"}],"author":[{"embeddable":true,"href":"https:\/\/zahoramizadolami.sk\/hu\/wp-json\/wp\/v2\/users\/10"}],"replies":[{"embeddable":true,"href":"https:\/\/zahoramizadolami.sk\/hu\/wp-json\/wp\/v2\/comments?post=46826"}],"version-history":[{"count":0,"href":"https:\/\/zahoramizadolami.sk\/hu\/wp-json\/wp\/v2\/pages\/46826\/revisions"}],"wp:attachment":[{"href":"https:\/\/zahoramizadolami.sk\/hu\/wp-json\/wp\/v2\/media?parent=46826"}],"curies":[{"name":"wp","href":"https:\/\/api.w.org\/{rel}","templated":true}]}}